{"id":4745,"date":"2022-04-30T21:21:25","date_gmt":"2022-04-30T21:21:25","guid":{"rendered":"https:\/\/tavapy.gov.py\/biblioteca\/?post_type=product&#038;p=4745"},"modified":"2022-04-30T21:21:25","modified_gmt":"2022-04-30T21:21:25","slug":"el-fin-de-las-certidumbres","status":"publish","type":"product","link":"https:\/\/tavapy.gov.py\/biblioteca\/product\/el-fin-de-las-certidumbres\/","title":{"rendered":"EL FIN DE LAS CERTIDUMBRES."},"content":{"rendered":"","protected":false},"excerpt":{"rendered":"<p>En este libro publicado en 1.996, el autor describe el trastorno epistemol\u00f3gico en el pensamiento de muchos f\u00edsicos y otros cient\u00edficos. Ellos consideran que la base metaf\u00edsica de la f\u00edsica moderna desde Newton y Descartes &#8211; el determinismo, las evoluciones lineares, la reversibilidad del tiempo &#8211; nos han llevado por mal camino, y que esta concepci\u00f3n del universo no es aplicable m\u00e1s que a unas pocas situaciones muy restringidas y particulares.<\/p>\n<p>Piensan que lo esencial de la realidad es que el universo est\u00e1 lleno de incertidumbres, y, por lo tanto, de posibilidades inmensas de creatividad. Prigogine y sus colegas ponen en el centro de sus an\u00e1lisis la flecha de la historia donde existen bifurcaciones sucesivas de las cuales es intr\u00ednsecamente imposible saber de antemano qu\u00e9 camino seguir\u00e1 la flecha.<\/p>\n<p>El problema para los cient\u00edficos sociales es que, si bien hemos conocido desde hace tiempo la flecha de la historia, la misma era todav\u00eda una flecha dirigida por el dios de la historia (o por el diablo) hacia un objetivo claro, el punto de culminaci\u00f3n de la Historia (en may\u00fascula). Ser un intelectual comprometido era ser un intelectual cuyos esfuerzos y actividades intentaban acelerar, pero no construir el tren hist\u00f3rico en el cual nos hall\u00e1bamos todos.<\/p>\n<p>Si existe verdaderamente una flecha de la historia y esta historia no tiene certeza, \u00bfC\u00f3mo saber qu\u00e9 hacer para ser \u00fatil social e hist\u00f3ricamente? El dilema se presenta hoy con mucha angustia y mucha urgencia para los intelectuales comprometidos en todas partes del mundo.<\/p>\n<p><a href=\"https:\/\/tavapy.gov.py\/biblioteca\/wp-content\/uploads\/2022\/04\/Prigogine-el-fin-de-las-certidumbres.pdf\" target=\"_blank\" rel=\"attachment noopener wp-att-4712\"><img loading=\"lazy\" decoding=\"async\" class=\"size-full wp-image-4712 alignleft\" src=\"https:\/\/tavapy.gov.py\/biblioteca\/wp-content\/uploads\/2022\/04\/icono-PDF-copia-4.png\" alt=\"\" width=\"121\" height=\"140\" \/><\/a><\/p>\n","protected":false},"featured_media":4611,"comment_status":"open","ping_status":"closed","template":"","meta":{"spay_email":""},"product_cat":[271],"product_tag":[],"class_list":{"0":"post-4745","1":"product","2":"type-product","3":"status-publish","4":"has-post-thumbnail","6":"book_author-ilya-prigogine","7":"product_cat-epistemologia-filosofia","8":"entry"},"_links":{"self":[{"href":"https:\/\/tavapy.gov.py\/biblioteca\/wp-json\/wp\/v2\/product\/4745","targetHints":{"allow":["GET"]}}],"collection":[{"href":"https:\/\/tavapy.gov.py\/biblioteca\/wp-json\/wp\/v2\/product"}],"about":[{"href":"https:\/\/tavapy.gov.py\/biblioteca\/wp-json\/wp\/v2\/types\/product"}],"replies":[{"embeddable":true,"href":"https:\/\/tavapy.gov.py\/biblioteca\/wp-json\/wp\/v2\/comments?post=4745"}],"wp:featuredmedia":[{"embeddable":true,"href":"https:\/\/tavapy.gov.py\/biblioteca\/wp-json\/wp\/v2\/media\/4611"}],"wp:attachment":[{"href":"https:\/\/tavapy.gov.py\/biblioteca\/wp-json\/wp\/v2\/media?parent=4745"}],"wp:term":[{"taxonomy":"product_cat","embeddable":true,"href":"https:\/\/tavapy.gov.py\/biblioteca\/wp-json\/wp\/v2\/product_cat?post=4745"},{"taxonomy":"product_tag","embeddable":true,"href":"https:\/\/tavapy.gov.py\/biblioteca\/wp-json\/wp\/v2\/product_tag?post=4745"}],"curies":[{"name":"wp","href":"https:\/\/api.w.org\/{rel}","templated":true}]}}