{"id":4746,"date":"2022-04-30T21:28:29","date_gmt":"2022-04-30T21:28:29","guid":{"rendered":"https:\/\/tavapy.gov.py\/biblioteca\/?post_type=product&#038;p=4746"},"modified":"2022-04-30T21:28:30","modified_gmt":"2022-04-30T21:28:30","slug":"la-sociedad-abierta-y-sus-enemigos","status":"publish","type":"product","link":"https:\/\/tavapy.gov.py\/biblioteca\/product\/la-sociedad-abierta-y-sus-enemigos\/","title":{"rendered":"LA SOCIEDAD ABIERTA Y SUS ENEMIGOS."},"content":{"rendered":"","protected":false},"excerpt":{"rendered":"<p>La sociedad abierta y sus enemigos, obra publicada en 1.945, puede resultar pol\u00e9mica e intranquilizadora, pero su sinceridad filos\u00f3fica, su erudici\u00f3n y el vigor de sus argumentos la hacen completamente invulnerable, una de las obras transcendentales de la contemporaneidad.<\/p>\n<p>Seg\u00fan afirma su propio autor, este libro esboza algunas de las dificultades m\u00e1s importantes que debe afrontar nuestra civilizaci\u00f3n, una civilizaci\u00f3n que no se ha recobrado todav\u00eda completamente de la conmoci\u00f3n de su nacimiento, de la transici\u00f3n de la sociedad tribal o \u00abcerrada\u00bb, con su sometimiento a las fuerzas m\u00e1gicas, a la \u00absociedad abierta\u00bb, que pone en libertad las facultades cr\u00edticas del hombre.<\/p>\n<p><a href=\"https:\/\/tavapy.gov.py\/biblioteca\/wp-content\/uploads\/2022\/04\/PopperK-La-sociedad-abierta-y-sus-enemigos.pdf\" target=\"_blank\" rel=\"attachment noopener wp-att-4712\"><img loading=\"lazy\" decoding=\"async\" class=\"size-full wp-image-4712 alignleft\" src=\"https:\/\/tavapy.gov.py\/biblioteca\/wp-content\/uploads\/2022\/04\/icono-PDF-copia-4.png\" alt=\"\" width=\"121\" height=\"140\" \/><\/a><\/p>\n","protected":false},"featured_media":4608,"comment_status":"open","ping_status":"closed","template":"","meta":{"spay_email":""},"product_cat":[432],"product_tag":[],"class_list":{"0":"post-4746","1":"product","2":"type-product","3":"status-publish","4":"has-post-thumbnail","6":"book_author-karl-popper","7":"product_cat-filosofia-politica-ciencias-humanas","8":"entry"},"_links":{"self":[{"href":"https:\/\/tavapy.gov.py\/biblioteca\/wp-json\/wp\/v2\/product\/4746","targetHints":{"allow":["GET"]}}],"collection":[{"href":"https:\/\/tavapy.gov.py\/biblioteca\/wp-json\/wp\/v2\/product"}],"about":[{"href":"https:\/\/tavapy.gov.py\/biblioteca\/wp-json\/wp\/v2\/types\/product"}],"replies":[{"embeddable":true,"href":"https:\/\/tavapy.gov.py\/biblioteca\/wp-json\/wp\/v2\/comments?post=4746"}],"wp:featuredmedia":[{"embeddable":true,"href":"https:\/\/tavapy.gov.py\/biblioteca\/wp-json\/wp\/v2\/media\/4608"}],"wp:attachment":[{"href":"https:\/\/tavapy.gov.py\/biblioteca\/wp-json\/wp\/v2\/media?parent=4746"}],"wp:term":[{"taxonomy":"product_cat","embeddable":true,"href":"https:\/\/tavapy.gov.py\/biblioteca\/wp-json\/wp\/v2\/product_cat?post=4746"},{"taxonomy":"product_tag","embeddable":true,"href":"https:\/\/tavapy.gov.py\/biblioteca\/wp-json\/wp\/v2\/product_tag?post=4746"}],"curies":[{"name":"wp","href":"https:\/\/api.w.org\/{rel}","templated":true}]}}