{"id":4747,"date":"2022-04-30T21:35:18","date_gmt":"2022-04-30T21:35:18","guid":{"rendered":"https:\/\/tavapy.gov.py\/biblioteca\/?post_type=product&#038;p=4747"},"modified":"2022-04-30T21:35:19","modified_gmt":"2022-04-30T21:35:19","slug":"el-libro-de-las-maravillas-del-mundo","status":"publish","type":"product","link":"https:\/\/tavapy.gov.py\/biblioteca\/product\/el-libro-de-las-maravillas-del-mundo\/","title":{"rendered":"EL LIBRO DE LAS MARAVILLAS DEL MUNDO."},"content":{"rendered":"","protected":false},"excerpt":{"rendered":"<p>&nbsp;<\/p>\n<p>El libro de Marco Polo, dictado en 1298 a Rustichello da Pisa, compa\u00f1ero de presi\u00f3n, es, sin duda, una de las obras hist\u00f3ricamente m\u00e1s conocidas y difundidas de la literatura europea.<\/p>\n<p>El nombre de su autor entr\u00f3 hace ya tiempo en el terreno de lo legendario y hasta hoy se ha mantenido su aureola de extraordinario e inigualable viajero y explorador.<\/p>\n<p>&nbsp;<\/p>\n<p>Los viajes de Marco Polo, conocido tambi\u00e9n como El libro de las maravillas, es el libro de viajes del mercader veneciano Marco Polo. El libro relata los viajes de Marco Polo a China, a la que \u00e9l llama Catay (norte de China) y Mangi (sur de China).<\/p>\n<p>Polo supuestamente dict\u00f3 su obra a un amanuense, Rustichello de Pisa, quien fue su aut\u00e9ntico autor, bas\u00e1ndose en relatos de comerciantes italianos y en su fantas\u00eda mientras estuvo preso en G\u00e9nova en 1298 y 1299; Marco Polo solo es el personaje novelesco protagonista.<\/p>\n<p><a href=\"https:\/\/tavapy.gov.py\/biblioteca\/wp-content\/uploads\/2022\/04\/PoloM-El-libro-de-las-maravillas.pdf\" target=\"_blank\" rel=\"attachment noopener wp-att-4712\"><img loading=\"lazy\" decoding=\"async\" class=\"size-full wp-image-4712 alignleft\" src=\"https:\/\/tavapy.gov.py\/biblioteca\/wp-content\/uploads\/2022\/04\/icono-PDF-copia-4.png\" alt=\"\" width=\"121\" height=\"140\" \/><\/a><\/p>\n","protected":false},"featured_media":4606,"comment_status":"open","ping_status":"closed","template":"","meta":{"spay_email":""},"product_cat":[434],"product_tag":[],"class_list":{"0":"post-4747","1":"product","2":"type-product","3":"status-publish","4":"has-post-thumbnail","6":"book_author-marco-polo","7":"product_cat-aventura","8":"entry"},"_links":{"self":[{"href":"https:\/\/tavapy.gov.py\/biblioteca\/wp-json\/wp\/v2\/product\/4747","targetHints":{"allow":["GET"]}}],"collection":[{"href":"https:\/\/tavapy.gov.py\/biblioteca\/wp-json\/wp\/v2\/product"}],"about":[{"href":"https:\/\/tavapy.gov.py\/biblioteca\/wp-json\/wp\/v2\/types\/product"}],"replies":[{"embeddable":true,"href":"https:\/\/tavapy.gov.py\/biblioteca\/wp-json\/wp\/v2\/comments?post=4747"}],"wp:featuredmedia":[{"embeddable":true,"href":"https:\/\/tavapy.gov.py\/biblioteca\/wp-json\/wp\/v2\/media\/4606"}],"wp:attachment":[{"href":"https:\/\/tavapy.gov.py\/biblioteca\/wp-json\/wp\/v2\/media?parent=4747"}],"wp:term":[{"taxonomy":"product_cat","embeddable":true,"href":"https:\/\/tavapy.gov.py\/biblioteca\/wp-json\/wp\/v2\/product_cat?post=4747"},{"taxonomy":"product_tag","embeddable":true,"href":"https:\/\/tavapy.gov.py\/biblioteca\/wp-json\/wp\/v2\/product_tag?post=4747"}],"curies":[{"name":"wp","href":"https:\/\/api.w.org\/{rel}","templated":true}]}}