{"id":4748,"date":"2022-04-30T21:40:20","date_gmt":"2022-04-30T21:40:20","guid":{"rendered":"https:\/\/tavapy.gov.py\/biblioteca\/?post_type=product&#038;p=4748"},"modified":"2022-04-30T21:40:21","modified_gmt":"2022-04-30T21:40:21","slug":"la-gran-transformacion-critica-del-liberalismo-economico","status":"publish","type":"product","link":"https:\/\/tavapy.gov.py\/biblioteca\/product\/la-gran-transformacion-critica-del-liberalismo-economico\/","title":{"rendered":"LA GRAN TRANSFORMACI\u00d3N: CRITICA DEL LIBERALISMO ECON\u00d3MICO."},"content":{"rendered":"","protected":false},"excerpt":{"rendered":"<p>La gran transformaci\u00f3n es un libro de Karl Polanyi, cient\u00edfico social y economista pol\u00edtico h\u00fangaro. Se public\u00f3 en 1944 y trata de las convulsiones sociales y pol\u00edticas que se produjeron en Inglaterra durante la implantaci\u00f3n y desarrollo de la econom\u00eda de mercado y de la gran transformaci\u00f3n social que se produjo en el mundo occidental.<\/p>\n<p>Desde la paz relativa instaurada en el siglo XIX -la cual descansaba en el equilibrio de sus instituciones- hasta nuestros d\u00edas signados por guerras de baja y alta intensidad, es posible observar c\u00f3mo se han privilegiado ciertas pol\u00edticas que, al entronizar la econom\u00eda mercantil y convertir en aleatorias las transformaciones sociales, exhiben a un hombre que pierde progresivamente su libertad y sus rasgos humanos.<\/p>\n<p>Karl Polanyi cuestiona en estas p\u00e1ginas cl\u00e1sicas esa subordinaci\u00f3n del perfil social al progreso econ\u00f3mico y propone invertir el planteamiento: encontrar primero la esencia de la convivencia hist\u00f3rica a trav\u00e9s de una plena reorganizaci\u00f3n internacional de las instituciones sociales, antes de que el pragmatismo econ\u00f3mico anule los valores esenciales de la vida humana que tan trabajosamente sobreviven en este siglo.<\/p>\n<p><a href=\"https:\/\/tavapy.gov.py\/biblioteca\/wp-content\/uploads\/2022\/04\/PolanyiK-La_gran_transformacion.pdf\" target=\"_blank\" rel=\"attachment noopener wp-att-4712\"><img loading=\"lazy\" decoding=\"async\" class=\"size-full wp-image-4712 alignleft\" src=\"https:\/\/tavapy.gov.py\/biblioteca\/wp-content\/uploads\/2022\/04\/icono-PDF-copia-4.png\" alt=\"\" width=\"121\" height=\"140\" \/><\/a><\/p>\n","protected":false},"featured_media":4601,"comment_status":"open","ping_status":"closed","template":"","meta":{"spay_email":""},"product_cat":[369],"product_tag":[],"class_list":{"0":"post-4748","1":"product","2":"type-product","3":"status-publish","4":"has-post-thumbnail","6":"book_author-karl-polanyi","7":"product_cat-ciencia-politica","8":"entry"},"_links":{"self":[{"href":"https:\/\/tavapy.gov.py\/biblioteca\/wp-json\/wp\/v2\/product\/4748","targetHints":{"allow":["GET"]}}],"collection":[{"href":"https:\/\/tavapy.gov.py\/biblioteca\/wp-json\/wp\/v2\/product"}],"about":[{"href":"https:\/\/tavapy.gov.py\/biblioteca\/wp-json\/wp\/v2\/types\/product"}],"replies":[{"embeddable":true,"href":"https:\/\/tavapy.gov.py\/biblioteca\/wp-json\/wp\/v2\/comments?post=4748"}],"wp:featuredmedia":[{"embeddable":true,"href":"https:\/\/tavapy.gov.py\/biblioteca\/wp-json\/wp\/v2\/media\/4601"}],"wp:attachment":[{"href":"https:\/\/tavapy.gov.py\/biblioteca\/wp-json\/wp\/v2\/media?parent=4748"}],"wp:term":[{"taxonomy":"product_cat","embeddable":true,"href":"https:\/\/tavapy.gov.py\/biblioteca\/wp-json\/wp\/v2\/product_cat?post=4748"},{"taxonomy":"product_tag","embeddable":true,"href":"https:\/\/tavapy.gov.py\/biblioteca\/wp-json\/wp\/v2\/product_tag?post=4748"}],"curies":[{"name":"wp","href":"https:\/\/api.w.org\/{rel}","templated":true}]}}