{"id":4749,"date":"2022-04-30T21:44:37","date_gmt":"2022-04-30T21:44:37","guid":{"rendered":"https:\/\/tavapy.gov.py\/biblioteca\/?post_type=product&#038;p=4749"},"modified":"2022-04-30T21:44:38","modified_gmt":"2022-04-30T21:44:38","slug":"a-donde-va-la-ciencia","status":"publish","type":"product","link":"https:\/\/tavapy.gov.py\/biblioteca\/product\/a-donde-va-la-ciencia\/","title":{"rendered":"\u00bfA D\u00d3NDE VA LA CIENCIA?"},"content":{"rendered":"","protected":false},"excerpt":{"rendered":"<p>Max Planck es considerado el padre de la f\u00edsica cu\u00e1ntica y es uno de los pocos f\u00edsicos te\u00f3ricos que marcan un antes y un despu\u00e9s en el progreso cient\u00edfico. Las implicancias filos\u00f3ficas de sus trabajos han sido con frecuencia tomadas con ligereza y llevadas -quiz\u00e1s- demasiado lejos.<\/p>\n<p>Como afirma Albert Einstein en el pr\u00f3logo de esta obra, publicada en 1.932, Planck sinti\u00f3 la necesidad de plasmar en la misma su percepci\u00f3n sobre el devenir de la ciencia.<\/p>\n<p>El texto refleja la profundidad del pensamiento de Planck y plantea cuestiones plenamente vigentes hoy, a casi cien a\u00f1os de la publicaci\u00f3n de esta obra.<\/p>\n<p><a href=\"https:\/\/tavapy.gov.py\/biblioteca\/wp-content\/uploads\/2022\/04\/PlanckM-A-donde-va-la-ciencia.pdf\" target=\"_blank\" rel=\"attachment noopener wp-att-4712\"><img loading=\"lazy\" decoding=\"async\" class=\"size-full wp-image-4712 alignleft\" src=\"https:\/\/tavapy.gov.py\/biblioteca\/wp-content\/uploads\/2022\/04\/icono-PDF-copia-4.png\" alt=\"\" width=\"121\" height=\"140\" \/><\/a><\/p>\n","protected":false},"featured_media":4599,"comment_status":"open","ping_status":"closed","template":"","meta":{"spay_email":""},"product_cat":[329],"product_tag":[],"class_list":{"0":"post-4749","1":"product","2":"type-product","3":"status-publish","4":"has-post-thumbnail","6":"book_author-max-planck","7":"product_cat-fisica-moderna-teoria-cuantica","8":"entry"},"_links":{"self":[{"href":"https:\/\/tavapy.gov.py\/biblioteca\/wp-json\/wp\/v2\/product\/4749","targetHints":{"allow":["GET"]}}],"collection":[{"href":"https:\/\/tavapy.gov.py\/biblioteca\/wp-json\/wp\/v2\/product"}],"about":[{"href":"https:\/\/tavapy.gov.py\/biblioteca\/wp-json\/wp\/v2\/types\/product"}],"replies":[{"embeddable":true,"href":"https:\/\/tavapy.gov.py\/biblioteca\/wp-json\/wp\/v2\/comments?post=4749"}],"wp:featuredmedia":[{"embeddable":true,"href":"https:\/\/tavapy.gov.py\/biblioteca\/wp-json\/wp\/v2\/media\/4599"}],"wp:attachment":[{"href":"https:\/\/tavapy.gov.py\/biblioteca\/wp-json\/wp\/v2\/media?parent=4749"}],"wp:term":[{"taxonomy":"product_cat","embeddable":true,"href":"https:\/\/tavapy.gov.py\/biblioteca\/wp-json\/wp\/v2\/product_cat?post=4749"},{"taxonomy":"product_tag","embeddable":true,"href":"https:\/\/tavapy.gov.py\/biblioteca\/wp-json\/wp\/v2\/product_tag?post=4749"}],"curies":[{"name":"wp","href":"https:\/\/api.w.org\/{rel}","templated":true}]}}