{"id":4751,"date":"2022-04-30T22:17:51","date_gmt":"2022-04-30T22:17:51","guid":{"rendered":"https:\/\/tavapy.gov.py\/biblioteca\/?post_type=product&#038;p=4751"},"modified":"2022-04-30T22:17:52","modified_gmt":"2022-04-30T22:17:52","slug":"el-instinto-del-lenguaje","status":"publish","type":"product","link":"https:\/\/tavapy.gov.py\/biblioteca\/product\/el-instinto-del-lenguaje\/","title":{"rendered":"EL INSTINTO DEL LENGUAJE."},"content":{"rendered":"","protected":false},"excerpt":{"rendered":"<p>El instinto del lenguaje es un libro publicado en 1.994 de Steven Pinker, escrito para una audiencia general. Pinker sostiene que los humanos nacen con una capacidad innata para el lenguaje. Trata con simpat\u00eda la afirmaci\u00f3n de Noam Chomsky de que todo el lenguaje humano muestra evidencia de una gram\u00e1tica universal, pero disiente del escepticismo de Chomsky de que la teor\u00eda evolutiva puede explicar el instinto del lenguaje humano.<\/p>\n<p>Pinker critica una serie de ideas comunes sobre el lenguaje, por ejemplo, que a los ni\u00f1os se les debe ense\u00f1ar a usarlo, que la gram\u00e1tica de la mayor\u00eda de las personas es mala, que la calidad del lenguaje est\u00e1 disminuyendo constantemente, que el tipo de facilidades ling\u00fc\u00edsticas que ofrece un idioma (por ejemplo, algunos idiomas tienen palabras para describir la luz y la oscuridad, pero no tienen palabras para los colores) tiene una gran influencia en la posible gama de pensamientos de una persona (la hip\u00f3tesis de Sapir-Whorf), y que a los animales no humanos se les ha ense\u00f1ado el lenguaje<\/p>\n<p>Al llamar al lenguaje un instinto, Pinker quiere decir que no es un invento humano en el sentido en que lo son el trabajo de los metales e incluso la escritura. Si bien solo algunas culturas humanas poseen estas tecnolog\u00edas, todas las culturas poseen lenguaje.<\/p>\n<p>Como prueba adicional de la universalidad del lenguaje, Pinker, bas\u00e1ndose principalmente en el trabajo de Derek Bickerton, se\u00f1ala que los ni\u00f1os inventan espont\u00e1neamente un habla gramatical consistente (un criollo) incluso si crecen entre una poblaci\u00f3n de culturas mixtas que hablan un pidgin comercial informal sin reglas consistentes.<\/p>\n<p><a href=\"https:\/\/tavapy.gov.py\/biblioteca\/wp-content\/uploads\/2022\/04\/PinkerS-El-instinto-del-lenguaje.pdf\" target=\"_blank\" rel=\"attachment noopener wp-att-4712\"><img loading=\"lazy\" decoding=\"async\" class=\"size-full wp-image-4712 alignleft\" src=\"https:\/\/tavapy.gov.py\/biblioteca\/wp-content\/uploads\/2022\/04\/icono-PDF-copia-4.png\" alt=\"\" width=\"121\" height=\"140\" \/><\/a><\/p>\n<p>&nbsp;<\/p>\n","protected":false},"featured_media":4595,"comment_status":"open","ping_status":"closed","template":"","meta":{"spay_email":""},"product_cat":[438],"product_tag":[],"class_list":{"0":"post-4751","1":"product","2":"type-product","3":"status-publish","4":"has-post-thumbnail","6":"book_author-steven-pinker","7":"product_cat-linguistica-psicologia-evolucionista","8":"entry"},"_links":{"self":[{"href":"https:\/\/tavapy.gov.py\/biblioteca\/wp-json\/wp\/v2\/product\/4751","targetHints":{"allow":["GET"]}}],"collection":[{"href":"https:\/\/tavapy.gov.py\/biblioteca\/wp-json\/wp\/v2\/product"}],"about":[{"href":"https:\/\/tavapy.gov.py\/biblioteca\/wp-json\/wp\/v2\/types\/product"}],"replies":[{"embeddable":true,"href":"https:\/\/tavapy.gov.py\/biblioteca\/wp-json\/wp\/v2\/comments?post=4751"}],"wp:featuredmedia":[{"embeddable":true,"href":"https:\/\/tavapy.gov.py\/biblioteca\/wp-json\/wp\/v2\/media\/4595"}],"wp:attachment":[{"href":"https:\/\/tavapy.gov.py\/biblioteca\/wp-json\/wp\/v2\/media?parent=4751"}],"wp:term":[{"taxonomy":"product_cat","embeddable":true,"href":"https:\/\/tavapy.gov.py\/biblioteca\/wp-json\/wp\/v2\/product_cat?post=4751"},{"taxonomy":"product_tag","embeddable":true,"href":"https:\/\/tavapy.gov.py\/biblioteca\/wp-json\/wp\/v2\/product_tag?post=4751"}],"curies":[{"name":"wp","href":"https:\/\/api.w.org\/{rel}","templated":true}]}}