{"id":4753,"date":"2022-04-30T22:37:13","date_gmt":"2022-04-30T22:37:13","guid":{"rendered":"https:\/\/tavapy.gov.py\/biblioteca\/?post_type=product&#038;p=4753"},"modified":"2022-04-30T22:37:13","modified_gmt":"2022-04-30T22:37:13","slug":"psicologia-del-nino","status":"publish","type":"product","link":"https:\/\/tavapy.gov.py\/biblioteca\/product\/psicologia-del-nino\/","title":{"rendered":"PSICOLOG\u00cdA DEL NI\u00d1O."},"content":{"rendered":"","protected":false},"excerpt":{"rendered":"<p>El car\u00e1cter de este libro publicado en 1.966 es excepcional. Quiz\u00e1 una vez cada d\u00e9cada -si es que esto sucede-, un genio innovador se detiene para resumir el logro y el significado esencial del trabajo de su vida.<\/p>\n<p>Con ayuda de su m\u00e1s constante colaborador, Inhelder, en este libro que llegar\u00e1 a hacerse cl\u00e1sico, Piaget ofrece una presentaci\u00f3n definitiva de la psicolog\u00eda evolutiva que ha elaborado durante los \u00faltimos cuarenta a\u00f1os.<\/p>\n<p>Esta obra es, pues, un \u00abPiaget por Piaget), soberbio sumario de su psicolog\u00eda del ni\u00f1o y la mejor de las introducciones a su estudio.<\/p>\n<p><a href=\"https:\/\/tavapy.gov.py\/biblioteca\/wp-content\/uploads\/2022\/04\/PiagetJ-Psicologia-del-nino.pdf\" target=\"_blank\" rel=\"attachment noopener wp-att-4712\"><img loading=\"lazy\" decoding=\"async\" class=\"size-full wp-image-4712 alignleft\" src=\"https:\/\/tavapy.gov.py\/biblioteca\/wp-content\/uploads\/2022\/04\/icono-PDF-copia-4.png\" alt=\"\" width=\"121\" height=\"140\" \/><\/a><\/p>\n","protected":false},"featured_media":4589,"comment_status":"open","ping_status":"closed","template":"","meta":{"spay_email":""},"product_cat":[67],"product_tag":[],"class_list":{"0":"post-4753","1":"product","2":"type-product","3":"status-publish","4":"has-post-thumbnail","6":"book_author-jean-piaget","7":"product_cat-psicologia","8":"entry"},"_links":{"self":[{"href":"https:\/\/tavapy.gov.py\/biblioteca\/wp-json\/wp\/v2\/product\/4753","targetHints":{"allow":["GET"]}}],"collection":[{"href":"https:\/\/tavapy.gov.py\/biblioteca\/wp-json\/wp\/v2\/product"}],"about":[{"href":"https:\/\/tavapy.gov.py\/biblioteca\/wp-json\/wp\/v2\/types\/product"}],"replies":[{"embeddable":true,"href":"https:\/\/tavapy.gov.py\/biblioteca\/wp-json\/wp\/v2\/comments?post=4753"}],"wp:featuredmedia":[{"embeddable":true,"href":"https:\/\/tavapy.gov.py\/biblioteca\/wp-json\/wp\/v2\/media\/4589"}],"wp:attachment":[{"href":"https:\/\/tavapy.gov.py\/biblioteca\/wp-json\/wp\/v2\/media?parent=4753"}],"wp:term":[{"taxonomy":"product_cat","embeddable":true,"href":"https:\/\/tavapy.gov.py\/biblioteca\/wp-json\/wp\/v2\/product_cat?post=4753"},{"taxonomy":"product_tag","embeddable":true,"href":"https:\/\/tavapy.gov.py\/biblioteca\/wp-json\/wp\/v2\/product_tag?post=4753"}],"curies":[{"name":"wp","href":"https:\/\/api.w.org\/{rel}","templated":true}]}}