{"id":4755,"date":"2022-05-01T03:33:12","date_gmt":"2022-05-01T03:33:12","guid":{"rendered":"https:\/\/tavapy.gov.py\/biblioteca\/?post_type=product&#038;p=4755"},"modified":"2022-05-01T03:33:12","modified_gmt":"2022-05-01T03:33:12","slug":"pensamientos","status":"publish","type":"product","link":"https:\/\/tavapy.gov.py\/biblioteca\/product\/pensamientos\/","title":{"rendered":"PENSAMIENTOS."},"content":{"rendered":"","protected":false},"excerpt":{"rendered":"<p>El estado de inacabamiento de la obra Pensamientos publicada en 1.670 y el correr de los siglos parecen haber negado al libro lo que quer\u00eda ser, una apolog\u00eda religiosa.<\/p>\n<p>Bajo ella subyace lo que hoy resulta m\u00e1s actual en Pascal: una visi\u00f3n totalmente nueva del hombre, considerado desde el ascetismo jansenista, que ya hab\u00edan practicado antes S\u00e9neca y sus seguidores, de quienes Pascal recoge, por ejemplo, la idea nuclear de su comprensi\u00f3n de la condici\u00f3n humana: la agitaci\u00f3n, la inquietud, que motiva la constante huida del hombre fuera de s\u00ed para evitar verse, mirarse en el espejo propio.<\/p>\n<p>Recapitularse entre los dos cabos y fines de su existencia: \u00abEl hombre no es m\u00e1s que una ca\u00f1a, el m\u00e1s d\u00e9bil de los seres creados, pero una ca\u00f1a pensante\u00bb &#8230; Y eso son los Pensamientos, la apasionada lamentaci\u00f3n l\u00edrica de una condici\u00f3n humana que sufre.<\/p>\n<p><a href=\"https:\/\/tavapy.gov.py\/biblioteca\/wp-content\/uploads\/2022\/04\/PascalB-Pensamientos.pdf\" target=\"_blank\" rel=\"attachment noopener wp-att-4712\"><img loading=\"lazy\" decoding=\"async\" class=\"size-full wp-image-4712 alignleft\" src=\"https:\/\/tavapy.gov.py\/biblioteca\/wp-content\/uploads\/2022\/04\/icono-PDF-copia-4.png\" alt=\"\" width=\"121\" height=\"140\" \/><\/a><\/p>\n","protected":false},"featured_media":4584,"comment_status":"open","ping_status":"closed","template":"","meta":{"spay_email":""},"product_cat":[59],"product_tag":[],"class_list":{"0":"post-4755","1":"product","2":"type-product","3":"status-publish","4":"has-post-thumbnail","6":"book_author-blaise-pascal","7":"product_cat-filosofia","8":"entry"},"_links":{"self":[{"href":"https:\/\/tavapy.gov.py\/biblioteca\/wp-json\/wp\/v2\/product\/4755","targetHints":{"allow":["GET"]}}],"collection":[{"href":"https:\/\/tavapy.gov.py\/biblioteca\/wp-json\/wp\/v2\/product"}],"about":[{"href":"https:\/\/tavapy.gov.py\/biblioteca\/wp-json\/wp\/v2\/types\/product"}],"replies":[{"embeddable":true,"href":"https:\/\/tavapy.gov.py\/biblioteca\/wp-json\/wp\/v2\/comments?post=4755"}],"wp:featuredmedia":[{"embeddable":true,"href":"https:\/\/tavapy.gov.py\/biblioteca\/wp-json\/wp\/v2\/media\/4584"}],"wp:attachment":[{"href":"https:\/\/tavapy.gov.py\/biblioteca\/wp-json\/wp\/v2\/media?parent=4755"}],"wp:term":[{"taxonomy":"product_cat","embeddable":true,"href":"https:\/\/tavapy.gov.py\/biblioteca\/wp-json\/wp\/v2\/product_cat?post=4755"},{"taxonomy":"product_tag","embeddable":true,"href":"https:\/\/tavapy.gov.py\/biblioteca\/wp-json\/wp\/v2\/product_tag?post=4755"}],"curies":[{"name":"wp","href":"https:\/\/api.w.org\/{rel}","templated":true}]}}