{"id":4758,"date":"2022-05-01T03:55:30","date_gmt":"2022-05-01T03:55:30","guid":{"rendered":"https:\/\/tavapy.gov.py\/biblioteca\/?post_type=product&#038;p=4758"},"modified":"2022-05-01T03:55:30","modified_gmt":"2022-05-01T03:55:30","slug":"como-morimos","status":"publish","type":"product","link":"https:\/\/tavapy.gov.py\/biblioteca\/product\/como-morimos\/","title":{"rendered":"C\u00d3MO MORIMOS."},"content":{"rendered":"","protected":false},"excerpt":{"rendered":"<p>Todos queremos saber c\u00f3mo es la muerte, aunque pocos estemos dispuestos a admitirlo. Para la mayor\u00eda, la muerte sigue siendo un secreto oculto, tan erotizado como temido. Sherwin B. Nuland &#8211;cirujano y profesor en la Facultad de Medicina de la Universidad de Yale&#8211; desmitifica en esta obra publicada en 1.994, el proceso de morir a trav\u00e9s de una descripci\u00f3n, sin concesiones ni sensibler\u00edas, de la realidad cl\u00ednica, biol\u00f3gica y psicol\u00f3gica de la muerte.<\/p>\n<p>Pero relata tambi\u00e9n, con un lenguaje que es al tiempo meticulosamente exacto y evocador, experiencias personales a las que, sin duda debemos este libro. Conocer la verdad, familiarizarnos con los \u00abjinetes de la muerte\u00bb &#8211;c\u00e1ncer, SIDA, enfermedades cardiacas, accidentes cerebro-vasculares, Alzheimer, vejez, agresiones violentas&#8211; nos ayudar\u00e1 a liberarnos del miedo a esa \u00abtierra inc\u00f3gnita\u00bb que s\u00f3lo lleva al autoenga\u00f1o y a la decepci\u00f3n.<\/p>\n<p>La dignidad que buscamos en la muerte hemos de hallarla en el arte de vivir una existencia lo m\u00e1s plena posible. Pues, aunque las enfermedades que nos conducen a las horas finales sean comunes, la muerte de cada uno de nosotros ser\u00e1 tan singular como el propio rostro que mostramos al mundo a lo largo de nuestra vida.<\/p>\n<p><a href=\"https:\/\/tavapy.gov.py\/biblioteca\/wp-content\/uploads\/2022\/04\/NulandS-Como-morimos.pdf\" target=\"_blank\" rel=\"attachment noopener wp-att-4712\"><img loading=\"lazy\" decoding=\"async\" class=\"size-full wp-image-4712 alignleft\" src=\"https:\/\/tavapy.gov.py\/biblioteca\/wp-content\/uploads\/2022\/04\/icono-PDF-copia-4.png\" alt=\"\" width=\"121\" height=\"140\" \/><\/a><\/p>\n","protected":false},"featured_media":4573,"comment_status":"open","ping_status":"closed","template":"","meta":{"spay_email":""},"product_cat":[447],"product_tag":[],"class_list":{"0":"post-4758","1":"product","2":"type-product","3":"status-publish","4":"has-post-thumbnail","6":"book_author-sherwin-b-nuland","7":"product_cat-medicina-psicologia","8":"entry"},"_links":{"self":[{"href":"https:\/\/tavapy.gov.py\/biblioteca\/wp-json\/wp\/v2\/product\/4758","targetHints":{"allow":["GET"]}}],"collection":[{"href":"https:\/\/tavapy.gov.py\/biblioteca\/wp-json\/wp\/v2\/product"}],"about":[{"href":"https:\/\/tavapy.gov.py\/biblioteca\/wp-json\/wp\/v2\/types\/product"}],"replies":[{"embeddable":true,"href":"https:\/\/tavapy.gov.py\/biblioteca\/wp-json\/wp\/v2\/comments?post=4758"}],"wp:featuredmedia":[{"embeddable":true,"href":"https:\/\/tavapy.gov.py\/biblioteca\/wp-json\/wp\/v2\/media\/4573"}],"wp:attachment":[{"href":"https:\/\/tavapy.gov.py\/biblioteca\/wp-json\/wp\/v2\/media?parent=4758"}],"wp:term":[{"taxonomy":"product_cat","embeddable":true,"href":"https:\/\/tavapy.gov.py\/biblioteca\/wp-json\/wp\/v2\/product_cat?post=4758"},{"taxonomy":"product_tag","embeddable":true,"href":"https:\/\/tavapy.gov.py\/biblioteca\/wp-json\/wp\/v2\/product_tag?post=4758"}],"curies":[{"name":"wp","href":"https:\/\/api.w.org\/{rel}","templated":true}]}}