{"id":4759,"date":"2022-05-02T18:03:45","date_gmt":"2022-05-02T18:03:45","guid":{"rendered":"https:\/\/tavapy.gov.py\/biblioteca\/?post_type=product&#038;p=4759"},"modified":"2022-05-02T18:03:46","modified_gmt":"2022-05-02T18:03:46","slug":"el-reencantamiento-del-mundo","status":"publish","type":"product","link":"https:\/\/tavapy.gov.py\/biblioteca\/product\/el-reencantamiento-del-mundo\/","title":{"rendered":"EL REENCANTAMIENTO DEL MUNDO."},"content":{"rendered":"","protected":false},"excerpt":{"rendered":"<p>Este libro publicado en el 2.004, avanza en la construcci\u00f3n de un pensamiento ambiental en el comprometedor espacio de la filosof\u00eda. No es f\u00e1cil reconstruir el camino abierto por la filosof\u00eda moderna, demasiado comprometida, sea con las elucubraciones metaf\u00edsicas heredadas de Plat\u00f3n, sea con el racionalismo reduccionista impuesto por el dominio tecnol\u00f3gico del mundo.<\/p>\n<p>La metaf\u00edsica impuso una visi\u00f3n dominada por el dualismo filos\u00f3fico entre sujeto y objeto, entre hombre y naturaleza, entre cuerpo y esp\u00edritu. El gran reto del pensamiento filos\u00f3fico en la actualidad, que Patricia ha asumido con sobriedad y rigor, consiste en superar ese dualismo esterilizante, sin caer necesariamente en el reduccionismo cient\u00edfico.<\/p>\n<p>Tanto la ecolog\u00eda, como el pensamiento ambiental que apenas empieza a germinar en las ciencias sociales, intentan recuperar la unidad perdida. Este retorno a la tierra es una aventura arriesgada. Como \u00cdcaro, hemos ascendido tanto en el cielo ilusorio de la metaf\u00edsica, que descender de nuevo a la tierra puede tener un desenlace fatal. Podemos quedar enterrados ya no en una luminosa isla del Egeo, como le sucedi\u00f3 a \u00cdcaro, sino en el pantanoso campo del reduccionismo cient\u00edfico.<\/p>\n<p>No se trata de escoger entre el fisicalismo social y las vanas ilusiones de la metaf\u00edsica. Se trata de descubrir, o al menos de explorar, un camino nuevo que le permita el hombre afianzar sus ra\u00edces en la tierra sin necesidad de enterrarse en ella. La naturaleza es el substrato sobre el que se construye la cultura.<\/p>\n<p><a href=\"https:\/\/tavapy.gov.py\/biblioteca\/wp-content\/uploads\/2022\/04\/NogueraA-El-reencantamiento-del-mundo.pdf\" target=\"_blank\" rel=\"attachment noopener wp-att-4712\"><img loading=\"lazy\" decoding=\"async\" class=\"size-full wp-image-4712 alignleft\" src=\"https:\/\/tavapy.gov.py\/biblioteca\/wp-content\/uploads\/2022\/04\/icono-PDF-copia-4.png\" alt=\"\" width=\"121\" height=\"140\" \/><\/a><\/p>\n","protected":false},"featured_media":4572,"comment_status":"open","ping_status":"closed","template":"","meta":{"spay_email":""},"product_cat":[355],"product_tag":[],"class_list":{"0":"post-4759","1":"product","2":"type-product","3":"status-publish","4":"has-post-thumbnail","6":"book_author-ana-patricia-noguera-de-echeverri","7":"product_cat-filosofia-ensayo","8":"entry"},"_links":{"self":[{"href":"https:\/\/tavapy.gov.py\/biblioteca\/wp-json\/wp\/v2\/product\/4759","targetHints":{"allow":["GET"]}}],"collection":[{"href":"https:\/\/tavapy.gov.py\/biblioteca\/wp-json\/wp\/v2\/product"}],"about":[{"href":"https:\/\/tavapy.gov.py\/biblioteca\/wp-json\/wp\/v2\/types\/product"}],"replies":[{"embeddable":true,"href":"https:\/\/tavapy.gov.py\/biblioteca\/wp-json\/wp\/v2\/comments?post=4759"}],"wp:featuredmedia":[{"embeddable":true,"href":"https:\/\/tavapy.gov.py\/biblioteca\/wp-json\/wp\/v2\/media\/4572"}],"wp:attachment":[{"href":"https:\/\/tavapy.gov.py\/biblioteca\/wp-json\/wp\/v2\/media?parent=4759"}],"wp:term":[{"taxonomy":"product_cat","embeddable":true,"href":"https:\/\/tavapy.gov.py\/biblioteca\/wp-json\/wp\/v2\/product_cat?post=4759"},{"taxonomy":"product_tag","embeddable":true,"href":"https:\/\/tavapy.gov.py\/biblioteca\/wp-json\/wp\/v2\/product_tag?post=4759"}],"curies":[{"name":"wp","href":"https:\/\/api.w.org\/{rel}","templated":true}]}}