{"id":4760,"date":"2022-05-02T18:10:18","date_gmt":"2022-05-02T18:10:18","guid":{"rendered":"https:\/\/tavapy.gov.py\/biblioteca\/?post_type=product&#038;p=4760"},"modified":"2022-05-02T18:10:18","modified_gmt":"2022-05-02T18:10:18","slug":"de-animales-a-dioses-breve-historia-de-la-humanidad","status":"publish","type":"product","link":"https:\/\/tavapy.gov.py\/biblioteca\/product\/de-animales-a-dioses-breve-historia-de-la-humanidad\/","title":{"rendered":"DE ANIMALES A DIOSES. BREVE HISTORIA DE LA HUMANIDAD."},"content":{"rendered":"","protected":false},"excerpt":{"rendered":"<p>De la mano de uno de los historiadores m\u00e1s interesantes de la actualidad, he aqu\u00ed la fascinante interpretaci\u00f3n de Yuval Noah Harari sobre la historia de la humanidad. Este libro publicado en el 2.011 explora las formas en que la biolog\u00eda y la historia nos han definido y han mejorado nuestra comprensi\u00f3n de lo que significa ser \u00abhumano\u00bb.<\/p>\n<p>Hace 70.000 a\u00f1os al menos seis especies de humanos habitaban la Tierra. Hoy solo queda una, la nuestra: Homo Sapiens. \u00bfC\u00f3mo logr\u00f3 nuestra especie imponerse en la lucha por la existencia? \u00bfPor qu\u00e9 nuestros ancestros recolectores se unieron para crear ciudades y reinos? \u00bfC\u00f3mo llegamos a creer en dioses, en naciones o en los derechos humanos, a confiar en el dinero, en los libros o en las leyes? \u00bfC\u00f3mo acabamos sometidos a la burocracia, a los horarios y al consumismo? \u00bfY c\u00f3mo ser\u00e1 el mundo en los milenios venideros?<\/p>\n<p>Su argumento principal es que Homo sapiens domina el mundo porque es el \u00fanico animal capaz de cooperar flexiblemente en gran n\u00famero, gracias a su capacidad \u00fanica de creer en entes que existen solamente en su imaginaci\u00f3n, como los dioses, las naciones, el dinero o los derechos humanos. Noah Harari afirma que todos los sistemas de cooperaci\u00f3n humana a gran escala \u2014incluidas las religiones, las estructuras pol\u00edticas, las redes comerciales y las instituciones jur\u00eddicas\u2014 se basan, en \u00faltima instancia, en ficci\u00f3n.<\/p>\n<p><a href=\"https:\/\/tavapy.gov.py\/biblioteca\/wp-content\/uploads\/2022\/04\/NoahY-De-Animales-a-Dioses.pdf\" target=\"_blank\" rel=\"attachment noopener wp-att-4712\"><img loading=\"lazy\" decoding=\"async\" class=\"size-full wp-image-4712 alignleft\" src=\"https:\/\/tavapy.gov.py\/biblioteca\/wp-content\/uploads\/2022\/04\/icono-PDF-copia-4.png\" alt=\"\" width=\"121\" height=\"140\" \/><\/a><\/p>\n","protected":false},"featured_media":4567,"comment_status":"open","ping_status":"closed","template":"","meta":{"spay_email":""},"product_cat":[450],"product_tag":[],"class_list":{"0":"post-4760","1":"product","2":"type-product","3":"status-publish","4":"has-post-thumbnail","6":"book_author-yuval-noah-harari","7":"product_cat-historia-universal-divulgacion-cientifica","8":"entry"},"_links":{"self":[{"href":"https:\/\/tavapy.gov.py\/biblioteca\/wp-json\/wp\/v2\/product\/4760","targetHints":{"allow":["GET"]}}],"collection":[{"href":"https:\/\/tavapy.gov.py\/biblioteca\/wp-json\/wp\/v2\/product"}],"about":[{"href":"https:\/\/tavapy.gov.py\/biblioteca\/wp-json\/wp\/v2\/types\/product"}],"replies":[{"embeddable":true,"href":"https:\/\/tavapy.gov.py\/biblioteca\/wp-json\/wp\/v2\/comments?post=4760"}],"wp:featuredmedia":[{"embeddable":true,"href":"https:\/\/tavapy.gov.py\/biblioteca\/wp-json\/wp\/v2\/media\/4567"}],"wp:attachment":[{"href":"https:\/\/tavapy.gov.py\/biblioteca\/wp-json\/wp\/v2\/media?parent=4760"}],"wp:term":[{"taxonomy":"product_cat","embeddable":true,"href":"https:\/\/tavapy.gov.py\/biblioteca\/wp-json\/wp\/v2\/product_cat?post=4760"},{"taxonomy":"product_tag","embeddable":true,"href":"https:\/\/tavapy.gov.py\/biblioteca\/wp-json\/wp\/v2\/product_tag?post=4760"}],"curies":[{"name":"wp","href":"https:\/\/api.w.org\/{rel}","templated":true}]}}