{"id":4761,"date":"2022-05-02T18:15:32","date_gmt":"2022-05-02T18:15:32","guid":{"rendered":"https:\/\/tavapy.gov.py\/biblioteca\/?post_type=product&#038;p=4761"},"modified":"2022-05-02T18:15:32","modified_gmt":"2022-05-02T18:15:32","slug":"heisenberg-el-principio-de-incertidumbre","status":"publish","type":"product","link":"https:\/\/tavapy.gov.py\/biblioteca\/product\/heisenberg-el-principio-de-incertidumbre\/","title":{"rendered":"HEISENBERG: EL PRINCIPIO DE INCERTIDUMBRE."},"content":{"rendered":"","protected":false},"excerpt":{"rendered":"<p>Werner Heisenberg fue, durante unos a\u00f1os, uno de los hombres m\u00e1s temidos de Occidente. No en vano lideraba el programa nuclear nazi, a la postre fallido. Su colaboraci\u00f3n con este r\u00e9gimen criminal iba a ensombrecer un legado extraordinario en lo cient\u00edfico : en 1925, hab\u00eda formulado el marco te\u00f3rico que encauzaba el furioso raudal de hallazgos cu\u00e1nticos de las d\u00e9cadas anteriores y, dos a\u00f1os despu\u00e9s, postulaba su c\u00e9lebre principio de incertidumbre.<\/p>\n<p>En un sentido crucial, afirm\u00f3 Heisenberg, el observador influye en la realidad que est\u00e1 observando. Este principio y sus consecuencias dejaron perplejo a m\u00e1s de uno, entre ellos a Einstein, que escribi\u00f3 a modo de protesta: \u00abMe gusta creer que la Luna sigue ah\u00ed aunque no la est\u00e9 mirando\u00bb.<\/p>\n<p>El libro Heisenberg: el principio de incertidumbre fue publicado en el 2.012.<\/p>\n<p><a href=\"https:\/\/tavapy.gov.py\/biblioteca\/wp-content\/uploads\/2022\/04\/Navarro-Faus-Heisenberg-el-principio...pdf\" target=\"_blank\" rel=\"attachment noopener wp-att-4712\"><img loading=\"lazy\" decoding=\"async\" class=\"size-full wp-image-4712 alignleft\" src=\"https:\/\/tavapy.gov.py\/biblioteca\/wp-content\/uploads\/2022\/04\/icono-PDF-copia-4.png\" alt=\"\" width=\"121\" height=\"140\" \/><\/a><\/p>\n","protected":false},"featured_media":4565,"comment_status":"open","ping_status":"closed","template":"","meta":{"spay_email":""},"product_cat":[329],"product_tag":[],"class_list":{"0":"post-4761","1":"product","2":"type-product","3":"status-publish","4":"has-post-thumbnail","6":"book_author-jesus-navarro-faus","7":"product_cat-fisica-moderna-teoria-cuantica","8":"entry"},"_links":{"self":[{"href":"https:\/\/tavapy.gov.py\/biblioteca\/wp-json\/wp\/v2\/product\/4761","targetHints":{"allow":["GET"]}}],"collection":[{"href":"https:\/\/tavapy.gov.py\/biblioteca\/wp-json\/wp\/v2\/product"}],"about":[{"href":"https:\/\/tavapy.gov.py\/biblioteca\/wp-json\/wp\/v2\/types\/product"}],"replies":[{"embeddable":true,"href":"https:\/\/tavapy.gov.py\/biblioteca\/wp-json\/wp\/v2\/comments?post=4761"}],"wp:featuredmedia":[{"embeddable":true,"href":"https:\/\/tavapy.gov.py\/biblioteca\/wp-json\/wp\/v2\/media\/4565"}],"wp:attachment":[{"href":"https:\/\/tavapy.gov.py\/biblioteca\/wp-json\/wp\/v2\/media?parent=4761"}],"wp:term":[{"taxonomy":"product_cat","embeddable":true,"href":"https:\/\/tavapy.gov.py\/biblioteca\/wp-json\/wp\/v2\/product_cat?post=4761"},{"taxonomy":"product_tag","embeddable":true,"href":"https:\/\/tavapy.gov.py\/biblioteca\/wp-json\/wp\/v2\/product_tag?post=4761"}],"curies":[{"name":"wp","href":"https:\/\/api.w.org\/{rel}","templated":true}]}}