{"id":4762,"date":"2022-05-02T21:29:14","date_gmt":"2022-05-02T21:29:14","guid":{"rendered":"https:\/\/tavapy.gov.py\/biblioteca\/?post_type=product&#038;p=4762"},"modified":"2022-05-02T21:29:14","modified_gmt":"2022-05-02T21:29:14","slug":"una-vision-de-ningun-lugar","status":"publish","type":"product","link":"https:\/\/tavapy.gov.py\/biblioteca\/product\/una-vision-de-ningun-lugar\/","title":{"rendered":"UNA VISI\u00d3N DE NING\u00daN LUGAR."},"content":{"rendered":"","protected":false},"excerpt":{"rendered":"<p>Reconciliar el punto de vista subjetivo con el objetivo, el interno con el externo y el personal con el impersonal en la comprensi\u00f3n del universo, es la meta principal de Thomas Nagel en este libro publicado en 1.998.<\/p>\n<p>A partir del an\u00e1lisis de cuatro grandes \u00e1reas de la filosof\u00eda: el ser, el conocimiento, la \u00e9tica y el libre albedr\u00edo, el autor nos ofrece una defensa de la objetividad, pero tambi\u00e9n una cr\u00edtica.<\/p>\n<p><a href=\"https:\/\/tavapy.gov.py\/biblioteca\/wp-content\/uploads\/2022\/04\/NagelT-Una-vision-de-ningun-lugar.pdf\" target=\"_blank\" rel=\"attachment noopener wp-att-4712\"><img loading=\"lazy\" decoding=\"async\" class=\"size-full wp-image-4712 alignleft\" src=\"https:\/\/tavapy.gov.py\/biblioteca\/wp-content\/uploads\/2022\/04\/icono-PDF-copia-4.png\" alt=\"\" width=\"121\" height=\"140\" \/><\/a><\/p>\n","protected":false},"featured_media":4561,"comment_status":"open","ping_status":"closed","template":"","meta":{"spay_email":""},"product_cat":[453],"product_tag":[],"class_list":{"0":"post-4762","1":"product","2":"type-product","3":"status-publish","4":"has-post-thumbnail","6":"book_author-thomas-nagel","7":"product_cat-filosofia-logica","8":"entry"},"_links":{"self":[{"href":"https:\/\/tavapy.gov.py\/biblioteca\/wp-json\/wp\/v2\/product\/4762","targetHints":{"allow":["GET"]}}],"collection":[{"href":"https:\/\/tavapy.gov.py\/biblioteca\/wp-json\/wp\/v2\/product"}],"about":[{"href":"https:\/\/tavapy.gov.py\/biblioteca\/wp-json\/wp\/v2\/types\/product"}],"replies":[{"embeddable":true,"href":"https:\/\/tavapy.gov.py\/biblioteca\/wp-json\/wp\/v2\/comments?post=4762"}],"wp:featuredmedia":[{"embeddable":true,"href":"https:\/\/tavapy.gov.py\/biblioteca\/wp-json\/wp\/v2\/media\/4561"}],"wp:attachment":[{"href":"https:\/\/tavapy.gov.py\/biblioteca\/wp-json\/wp\/v2\/media?parent=4762"}],"wp:term":[{"taxonomy":"product_cat","embeddable":true,"href":"https:\/\/tavapy.gov.py\/biblioteca\/wp-json\/wp\/v2\/product_cat?post=4762"},{"taxonomy":"product_tag","embeddable":true,"href":"https:\/\/tavapy.gov.py\/biblioteca\/wp-json\/wp\/v2\/product_tag?post=4762"}],"curies":[{"name":"wp","href":"https:\/\/api.w.org\/{rel}","templated":true}]}}