{"id":4763,"date":"2022-05-02T21:38:03","date_gmt":"2022-05-02T21:38:03","guid":{"rendered":"https:\/\/tavapy.gov.py\/biblioteca\/?post_type=product&#038;p=4763"},"modified":"2022-05-02T21:38:04","modified_gmt":"2022-05-02T21:38:04","slug":"el-metodo-i-la-naturaleza-de-la-naturaleza","status":"publish","type":"product","link":"https:\/\/tavapy.gov.py\/biblioteca\/product\/el-metodo-i-la-naturaleza-de-la-naturaleza\/","title":{"rendered":"EL M\u00c9TODO I: LA NATURALEZA DE LA NATURALEZA."},"content":{"rendered":"","protected":false},"excerpt":{"rendered":"<p>Buscamos un conocimiento que traduzca la complejidad de lo que se llama \u00ablo real\u00bb, que respete la existencia de los seres y el misterio de las cosas, e incorpore el principio de su propio conocimiento. Necesitamos un conocimiento cuya explicaci\u00f3n no sea mutilaci\u00f3n y cuya acci\u00f3n no sea manipulaci\u00f3n. Plantear el problema de un \u00abm\u00e9todo\u00bb nuevo.<\/p>\n<p>El M\u00e9todo I: la naturaleza de la naturaleza, obra publicada en 1.977, pretende articular la ciencia del hombre con la ciencia de la naturaleza. Se propone aqu\u00ed una concepci\u00f3n compleja de la relaci\u00f3n orden\/desorden\/organizaci\u00f3n, y a partir de una integraci\u00f3n cr\u00edtica de la teor\u00eda de los sistemas y de la cibern\u00e9tica, una teor\u00eda de la organizaci\u00f3n.<\/p>\n<p>Podemos ver ya que nuestra \u00abdesviaci\u00f3n\u00bb con respecto a la naturaleza se ve animada por la naturaleza de la Naturaleza. Pero el problema del conocimiento de la naturaleza no se puede disociar del de la naturaleza del conocimiento. Es tan necesario estudiar todo conocimiento f\u00edsico en su enraizamiento \u00e1ntropo-social, como estudiar toda realidad social en su enraizamiento f\u00edsico.<\/p>\n<p><a href=\"https:\/\/tavapy.gov.py\/biblioteca\/wp-content\/uploads\/2022\/04\/MorinE-El_metodo-I-La-naturaleza-de-la-naturaleza.pdf\" target=\"_blank\" rel=\"attachment noopener wp-att-4712\"><img loading=\"lazy\" decoding=\"async\" class=\"size-full wp-image-4712 alignleft\" src=\"https:\/\/tavapy.gov.py\/biblioteca\/wp-content\/uploads\/2022\/04\/icono-PDF-copia-4.png\" alt=\"\" width=\"121\" height=\"140\" \/><\/a><\/p>\n","protected":false},"featured_media":4560,"comment_status":"open","ping_status":"closed","template":"","meta":{"spay_email":""},"product_cat":[454],"product_tag":[],"class_list":{"0":"post-4763","1":"product","2":"type-product","3":"status-publish","4":"has-post-thumbnail","6":"book_author-edgar-morin","7":"product_cat-nueva-cosmologia-filosofia-epistemologia","8":"entry"},"_links":{"self":[{"href":"https:\/\/tavapy.gov.py\/biblioteca\/wp-json\/wp\/v2\/product\/4763","targetHints":{"allow":["GET"]}}],"collection":[{"href":"https:\/\/tavapy.gov.py\/biblioteca\/wp-json\/wp\/v2\/product"}],"about":[{"href":"https:\/\/tavapy.gov.py\/biblioteca\/wp-json\/wp\/v2\/types\/product"}],"replies":[{"embeddable":true,"href":"https:\/\/tavapy.gov.py\/biblioteca\/wp-json\/wp\/v2\/comments?post=4763"}],"wp:featuredmedia":[{"embeddable":true,"href":"https:\/\/tavapy.gov.py\/biblioteca\/wp-json\/wp\/v2\/media\/4560"}],"wp:attachment":[{"href":"https:\/\/tavapy.gov.py\/biblioteca\/wp-json\/wp\/v2\/media?parent=4763"}],"wp:term":[{"taxonomy":"product_cat","embeddable":true,"href":"https:\/\/tavapy.gov.py\/biblioteca\/wp-json\/wp\/v2\/product_cat?post=4763"},{"taxonomy":"product_tag","embeddable":true,"href":"https:\/\/tavapy.gov.py\/biblioteca\/wp-json\/wp\/v2\/product_tag?post=4763"}],"curies":[{"name":"wp","href":"https:\/\/api.w.org\/{rel}","templated":true}]}}