{"id":4766,"date":"2022-05-02T21:51:19","date_gmt":"2022-05-02T21:51:19","guid":{"rendered":"https:\/\/tavapy.gov.py\/biblioteca\/?post_type=product&#038;p=4766"},"modified":"2024-04-25T15:39:02","modified_gmt":"2024-04-25T15:39:02","slug":"el-metodo-iii-el-conocimiento-del-conocimiento","status":"publish","type":"product","link":"https:\/\/tavapy.gov.py\/biblioteca\/product\/el-metodo-iii-el-conocimiento-del-conocimiento\/","title":{"rendered":"EL M\u00c9TODO III: EL CONOCIMIENTO DEL CONOCIMIENTO."},"content":{"rendered":"","protected":false},"excerpt":{"rendered":"<p>&nbsp;<\/p>\n<p>SI \u00abSe puede comer sin conocer las leyes de la digesti\u00f3n, respirar sin conocer las leyes de la respiraci\u00f3n, se puede pensar sin conocer las leyes ni la naturaleza del pensamiento, se puede conocer sin conocer el conocimiento\u00bb. S\u00f3lo al descubrir el error y la ilusi\u00f3n que han sido impuestos como verdades, procura conocerse. Tenemos una necesidad vital de situar, reflexionar, reinterrogar nuestro conocimiento, conocer las condiciones, posibilidades y l\u00edmites de sus aptitudes para alcanzar la verdad a la que tiende.<\/p>\n<p>En el M\u00e9todo III, \u00abEl conocimiento del conocimiento\u00bb, obra publicada en 1.994, el fin del \u00abm\u00e9todo\u00bb es ayudar a pensar por uno mismo para responder al desaf\u00edo de la complejidad de los problemas. Los dos primeros vol\u00famenes de la serie ya comprend\u00edan en s\u00ed el problema del conocimiento del conocimiento a trav\u00e9s del conocimiento f\u00edsico (\u00abEl M\u00e9todo 1\u00bb) y la biolog\u00eda del conocimiento (\u00abEl M\u00e9todo 2\u00bb).<\/p>\n<p>Este tercer volumen nos conduce al n\u00facleo mismo de nuestra empresa reflexiva enfrent\u00e1ndonos a esta paradoja clave: el operador del conocimiento debe ser al mismo tiempo objeto del conocimiento.<\/p>\n<p><a href=\"https:\/\/tavapy.gov.py\/biblioteca\/wp-content\/uploads\/2022\/04\/MorinE-El-metodo-III-El-conocimiento-del-conocimiento.pdf\" target=\"_blank\" rel=\"attachment noopener wp-att-4712\"><img loading=\"lazy\" decoding=\"async\" class=\"size-full wp-image-4712 alignleft\" src=\"https:\/\/tavapy.gov.py\/biblioteca\/wp-content\/uploads\/2022\/04\/icono-PDF-copia-4.png\" alt=\"\" width=\"121\" height=\"140\" \/><\/a><\/p>\n","protected":false},"featured_media":4556,"comment_status":"open","ping_status":"closed","template":"","meta":{"spay_email":""},"product_cat":[454],"product_tag":[],"class_list":{"0":"post-4766","1":"product","2":"type-product","3":"status-publish","4":"has-post-thumbnail","6":"book_author-edgar-morin","7":"product_cat-nueva-cosmologia-filosofia-epistemologia","8":"entry"},"_links":{"self":[{"href":"https:\/\/tavapy.gov.py\/biblioteca\/wp-json\/wp\/v2\/product\/4766","targetHints":{"allow":["GET"]}}],"collection":[{"href":"https:\/\/tavapy.gov.py\/biblioteca\/wp-json\/wp\/v2\/product"}],"about":[{"href":"https:\/\/tavapy.gov.py\/biblioteca\/wp-json\/wp\/v2\/types\/product"}],"replies":[{"embeddable":true,"href":"https:\/\/tavapy.gov.py\/biblioteca\/wp-json\/wp\/v2\/comments?post=4766"}],"wp:featuredmedia":[{"embeddable":true,"href":"https:\/\/tavapy.gov.py\/biblioteca\/wp-json\/wp\/v2\/media\/4556"}],"wp:attachment":[{"href":"https:\/\/tavapy.gov.py\/biblioteca\/wp-json\/wp\/v2\/media?parent=4766"}],"wp:term":[{"taxonomy":"product_cat","embeddable":true,"href":"https:\/\/tavapy.gov.py\/biblioteca\/wp-json\/wp\/v2\/product_cat?post=4766"},{"taxonomy":"product_tag","embeddable":true,"href":"https:\/\/tavapy.gov.py\/biblioteca\/wp-json\/wp\/v2\/product_tag?post=4766"}],"curies":[{"name":"wp","href":"https:\/\/api.w.org\/{rel}","templated":true}]}}