{"id":4767,"date":"2022-05-02T21:56:59","date_gmt":"2022-05-02T21:56:59","guid":{"rendered":"https:\/\/tavapy.gov.py\/biblioteca\/?post_type=product&#038;p=4767"},"modified":"2022-05-02T21:57:00","modified_gmt":"2022-05-02T21:57:00","slug":"el-metodo-iv-las-ideas","status":"publish","type":"product","link":"https:\/\/tavapy.gov.py\/biblioteca\/product\/el-metodo-iv-las-ideas\/","title":{"rendered":"EL M\u00c9TODO IV: LAS IDEAS."},"content":{"rendered":"","protected":false},"excerpt":{"rendered":"<p>No debemos dejarnos someter por las ideas, pero no podemos resistir a las ideas m\u00e1s que con ideas. Una parte de nuestra vida est\u00e1 en la vida de las ideas.<\/p>\n<p>Una parte de nuestra humanidad est\u00e1 hecha de ellas. Pero estamos todav\u00eda en la fase \u00abb\u00e1rbara\u00bb de las ideas y deber\u00edamos poder establecer relaciones civilizadas con ellas. De ah\u00ed surge la idea de complejidad.<\/p>\n<p>En \u00abEl M\u00e9todo III, El conocimiento del conocimiento\u00bb, se examinaba la idea desde el punto de vista del esp\u00edritu\/cerebro humano (antropolog\u00eda del conocimiento).<\/p>\n<p>En M\u00e9todo IV, obra publicada en el 2.006, las ideas, se considera la idea primero desde el punto de vista cultural y social (ecolog\u00eda de las ideas), despu\u00e9s desde el punto de vista de la autonom\u00eda\/dependencia del mundo de las ideas (noosfera) y de la organizaci\u00f3n de las mismas (noolog\u00eda).<\/p>\n<p><a href=\"https:\/\/tavapy.gov.py\/biblioteca\/wp-content\/uploads\/2022\/04\/Morin-E-El-metodo-IV-Las-ideas.pdf\" target=\"_blank\" rel=\"attachment noopener wp-att-4712\"><img loading=\"lazy\" decoding=\"async\" class=\"size-full wp-image-4712 alignleft\" src=\"https:\/\/tavapy.gov.py\/biblioteca\/wp-content\/uploads\/2022\/04\/icono-PDF-copia-4.png\" alt=\"\" width=\"121\" height=\"140\" \/><\/a><\/p>\n","protected":false},"featured_media":4553,"comment_status":"open","ping_status":"closed","template":"","meta":{"spay_email":""},"product_cat":[454],"product_tag":[],"class_list":{"0":"post-4767","1":"product","2":"type-product","3":"status-publish","4":"has-post-thumbnail","6":"book_author-edgar-morin","7":"product_cat-nueva-cosmologia-filosofia-epistemologia","8":"entry"},"_links":{"self":[{"href":"https:\/\/tavapy.gov.py\/biblioteca\/wp-json\/wp\/v2\/product\/4767","targetHints":{"allow":["GET"]}}],"collection":[{"href":"https:\/\/tavapy.gov.py\/biblioteca\/wp-json\/wp\/v2\/product"}],"about":[{"href":"https:\/\/tavapy.gov.py\/biblioteca\/wp-json\/wp\/v2\/types\/product"}],"replies":[{"embeddable":true,"href":"https:\/\/tavapy.gov.py\/biblioteca\/wp-json\/wp\/v2\/comments?post=4767"}],"wp:featuredmedia":[{"embeddable":true,"href":"https:\/\/tavapy.gov.py\/biblioteca\/wp-json\/wp\/v2\/media\/4553"}],"wp:attachment":[{"href":"https:\/\/tavapy.gov.py\/biblioteca\/wp-json\/wp\/v2\/media?parent=4767"}],"wp:term":[{"taxonomy":"product_cat","embeddable":true,"href":"https:\/\/tavapy.gov.py\/biblioteca\/wp-json\/wp\/v2\/product_cat?post=4767"},{"taxonomy":"product_tag","embeddable":true,"href":"https:\/\/tavapy.gov.py\/biblioteca\/wp-json\/wp\/v2\/product_tag?post=4767"}],"curies":[{"name":"wp","href":"https:\/\/api.w.org\/{rel}","templated":true}]}}