{"id":4768,"date":"2022-05-02T22:02:18","date_gmt":"2022-05-02T22:02:18","guid":{"rendered":"https:\/\/tavapy.gov.py\/biblioteca\/?post_type=product&#038;p=4768"},"modified":"2022-05-02T22:02:18","modified_gmt":"2022-05-02T22:02:18","slug":"el-metodo-v-la-humanidad-de-la-humanidad","status":"publish","type":"product","link":"https:\/\/tavapy.gov.py\/biblioteca\/product\/el-metodo-v-la-humanidad-de-la-humanidad\/","title":{"rendered":"EL M\u00c9TODO V: LA HUMANIDAD DE LA HUMANIDAD."},"content":{"rendered":"","protected":false},"excerpt":{"rendered":"<p>\u00bfQui\u00e9nes somos? Cuanto m\u00e1s conocemos lo humano, menos lo comprendemos: las disociaciones entre disciplinas lo fragmentan, lo vac\u00edan de vida, de presencia, de complejidad, e incluso ciertas ciencias consideradas humanas lo vac\u00edan de la noci\u00f3n de hombre.<\/p>\n<p>El M\u00e9todo V: la humanidad de la humanidad, obra publicada en el 2.003, huye de la divisi\u00f3n de lo humano. Rompe con las concepciones reductoras (\u00abhomo sapiens, homo faber\u00bb y \u00abhomo oeconomicus\u00bb) que privan al ser humano de tener a la vez identidad biol\u00f3gica, identidad subjetiva e identidad social.<\/p>\n<p>M\u00e1s que yuxtaponer los conocimientos dispersos en las ciencias y en las humanidades, este libro tiene la vocaci\u00f3n de enlazarlos, articularlos, reflexionar sobre ellos a fin de pensar la complejidad humana y considerar as\u00ed una humanidad enriquecida por todas sus contradicciones: lo humano y lo inhumano, el repliegue sobre s\u00ed y la apertura a los otros, la racionalidad y la afectividad, la raz\u00f3n y el mito, lo arcaico y lo hist\u00f3rico, el determinismo y la libertad.<\/p>\n<p>Edgar Morin ha dedicado su investigaci\u00f3n a la b\u00fasqueda de un \u00abm\u00e9todo\u00bb apto que ponga de manifiesto el desaf\u00edo de la complejidad que se impone tanto al conocimiento cient\u00edfico como al estudio de los problemas humanos, sociales y pol\u00edticos.<\/p>\n<p>Preocupado por mostrar un conocimiento sin divisiones ni compartimentos, respeta lo individual y lo singular considerando su interrelaci\u00f3n con el contexto y el todo. Su concepci\u00f3n de la complejidad \u00e1ntropo-social incluye las dimensiones de lo biol\u00f3gico y lo imaginario.<\/p>\n<p><a href=\"https:\/\/tavapy.gov.py\/biblioteca\/wp-content\/uploads\/2022\/04\/MorinE-El-metodo-V-La-humanidad-de-la-humanidad.pdf\" target=\"_blank\" rel=\"attachment noopener wp-att-4712\"><img loading=\"lazy\" decoding=\"async\" class=\"size-full wp-image-4712 alignleft\" src=\"https:\/\/tavapy.gov.py\/biblioteca\/wp-content\/uploads\/2022\/04\/icono-PDF-copia-4.png\" alt=\"\" width=\"121\" height=\"140\" \/><\/a><\/p>\n","protected":false},"featured_media":4552,"comment_status":"open","ping_status":"closed","template":"","meta":{"spay_email":""},"product_cat":[454],"product_tag":[],"class_list":{"0":"post-4768","1":"product","2":"type-product","3":"status-publish","4":"has-post-thumbnail","6":"book_author-edgar-morin","7":"product_cat-nueva-cosmologia-filosofia-epistemologia","8":"entry"},"_links":{"self":[{"href":"https:\/\/tavapy.gov.py\/biblioteca\/wp-json\/wp\/v2\/product\/4768","targetHints":{"allow":["GET"]}}],"collection":[{"href":"https:\/\/tavapy.gov.py\/biblioteca\/wp-json\/wp\/v2\/product"}],"about":[{"href":"https:\/\/tavapy.gov.py\/biblioteca\/wp-json\/wp\/v2\/types\/product"}],"replies":[{"embeddable":true,"href":"https:\/\/tavapy.gov.py\/biblioteca\/wp-json\/wp\/v2\/comments?post=4768"}],"wp:featuredmedia":[{"embeddable":true,"href":"https:\/\/tavapy.gov.py\/biblioteca\/wp-json\/wp\/v2\/media\/4552"}],"wp:attachment":[{"href":"https:\/\/tavapy.gov.py\/biblioteca\/wp-json\/wp\/v2\/media?parent=4768"}],"wp:term":[{"taxonomy":"product_cat","embeddable":true,"href":"https:\/\/tavapy.gov.py\/biblioteca\/wp-json\/wp\/v2\/product_cat?post=4768"},{"taxonomy":"product_tag","embeddable":true,"href":"https:\/\/tavapy.gov.py\/biblioteca\/wp-json\/wp\/v2\/product_tag?post=4768"}],"curies":[{"name":"wp","href":"https:\/\/api.w.org\/{rel}","templated":true}]}}