{"id":4769,"date":"2022-05-02T22:09:04","date_gmt":"2022-05-02T22:09:04","guid":{"rendered":"https:\/\/tavapy.gov.py\/biblioteca\/?post_type=product&#038;p=4769"},"modified":"2022-05-02T22:09:05","modified_gmt":"2022-05-02T22:09:05","slug":"el-metodo-vi-etica","status":"publish","type":"product","link":"https:\/\/tavapy.gov.py\/biblioteca\/product\/el-metodo-vi-etica\/","title":{"rendered":"EL M\u00c9TODO VI: \u00c9TICA."},"content":{"rendered":"","protected":false},"excerpt":{"rendered":"<p>Este sexto y \u00faltimo volumen de \u00abEl M\u00e9todo\u00bb, publicado en el 2.017, constituye el punto de llegada de la gran obra de Edgar Morin. Esta obra ha hecho de la complejidad un problema fundamental que elucidar y tratar, ha creado escuela y ha suscitado un movimiento para \u00abreformar el pensamiento\u00bb.<\/p>\n<p>En este volumen, el autor parte de la crisis contempor\u00e1nea, propiamente occidental, de la \u00e9tica, para regresar al final a ese mismo punto de partida, despu\u00e9s de un examen antropol\u00f3gico, hist\u00f3rico y filos\u00f3fico a la vez.<\/p>\n<p>La consciencia moral no puede deducirse de la consciencia intelectual, pero necesita de la consciencia intelectual, es decir de pensamiento y de reflexi\u00f3n. La buena intenci\u00f3n corre el riesgo de determinar acciones malas y la voluntad moral puede determinar consecuencias inmorales.<\/p>\n<p><a href=\"https:\/\/tavapy.gov.py\/biblioteca\/wp-content\/uploads\/2022\/04\/MorinE-El-metodo-VI-Etica.pdf\" target=\"_blank\" rel=\"attachment noopener wp-att-4712\"><img loading=\"lazy\" decoding=\"async\" class=\"size-full wp-image-4712 alignleft\" src=\"https:\/\/tavapy.gov.py\/biblioteca\/wp-content\/uploads\/2022\/04\/icono-PDF-copia-4.png\" alt=\"\" width=\"121\" height=\"140\" \/><\/a><\/p>\n","protected":false},"featured_media":4549,"comment_status":"open","ping_status":"closed","template":"","meta":{"spay_email":""},"product_cat":[454],"product_tag":[],"class_list":{"0":"post-4769","1":"product","2":"type-product","3":"status-publish","4":"has-post-thumbnail","6":"book_author-edgar-morin","7":"product_cat-nueva-cosmologia-filosofia-epistemologia","8":"entry"},"_links":{"self":[{"href":"https:\/\/tavapy.gov.py\/biblioteca\/wp-json\/wp\/v2\/product\/4769","targetHints":{"allow":["GET"]}}],"collection":[{"href":"https:\/\/tavapy.gov.py\/biblioteca\/wp-json\/wp\/v2\/product"}],"about":[{"href":"https:\/\/tavapy.gov.py\/biblioteca\/wp-json\/wp\/v2\/types\/product"}],"replies":[{"embeddable":true,"href":"https:\/\/tavapy.gov.py\/biblioteca\/wp-json\/wp\/v2\/comments?post=4769"}],"wp:featuredmedia":[{"embeddable":true,"href":"https:\/\/tavapy.gov.py\/biblioteca\/wp-json\/wp\/v2\/media\/4549"}],"wp:attachment":[{"href":"https:\/\/tavapy.gov.py\/biblioteca\/wp-json\/wp\/v2\/media?parent=4769"}],"wp:term":[{"taxonomy":"product_cat","embeddable":true,"href":"https:\/\/tavapy.gov.py\/biblioteca\/wp-json\/wp\/v2\/product_cat?post=4769"},{"taxonomy":"product_tag","embeddable":true,"href":"https:\/\/tavapy.gov.py\/biblioteca\/wp-json\/wp\/v2\/product_tag?post=4769"}],"curies":[{"name":"wp","href":"https:\/\/api.w.org\/{rel}","templated":true}]}}