{"id":4770,"date":"2022-05-02T22:21:23","date_gmt":"2022-05-02T22:21:23","guid":{"rendered":"https:\/\/tavapy.gov.py\/biblioteca\/?post_type=product&#038;p=4770"},"modified":"2022-05-02T22:21:23","modified_gmt":"2022-05-02T22:21:23","slug":"habitar-la-frontera-sentir-y-pensar-la-descolonialidad","status":"publish","type":"product","link":"https:\/\/tavapy.gov.py\/biblioteca\/product\/habitar-la-frontera-sentir-y-pensar-la-descolonialidad\/","title":{"rendered":"HABITAR LA FRONTERA: SENTIR Y PENSAR LA DESCOLONIALIDAD."},"content":{"rendered":"","protected":false},"excerpt":{"rendered":"<p>Esta antolog\u00eda publicada en el 2.015 recoge, por primera vez, algunas de las contribuciones m\u00e1s significativas de Walter Mignolo a la \u00abopci\u00f3n descolonial\u00bb. Nos referimos a una pr\u00e1ctica pol\u00edtico-intelectual que se distingue por hacer una cr\u00edtica de la idea de modernidad desde la periferia, desde su exterioridad.<\/p>\n<p>Que se atreve, en definitiva, a cuestionar las palabras sobre las que se ha levantado el edificio de la civilizaci\u00f3n occidental: belleza, ciencia, democracia, desarrollo, Estado, ley, mercado, modernizaci\u00f3n, objetividad, progreso, universalismo.<\/p>\n<p>Los textos aqu\u00ed reunidos coinciden en el tiempo y en los temas tratados con las monograf\u00edas publicadas por Mignolo durante los \u00faltimos quince a\u00f1os.<\/p>\n<p><a href=\"https:\/\/tavapy.gov.py\/biblioteca\/wp-content\/uploads\/2022\/04\/MignoloW-Habitar-la-frontera.pdf\" target=\"_blank\" rel=\"attachment noopener wp-att-4712\"><img loading=\"lazy\" decoding=\"async\" class=\"size-full wp-image-4712 alignleft\" src=\"https:\/\/tavapy.gov.py\/biblioteca\/wp-content\/uploads\/2022\/04\/icono-PDF-copia-4.png\" alt=\"\" width=\"121\" height=\"140\" \/><\/a><\/p>\n","protected":false},"featured_media":4547,"comment_status":"open","ping_status":"closed","template":"","meta":{"spay_email":""},"product_cat":[456],"product_tag":[],"class_list":{"0":"post-4770","1":"product","2":"type-product","3":"status-publish","4":"has-post-thumbnail","6":"book_author-walter-mignolo","7":"product_cat-ciencia-politica-sociologia","8":"entry"},"_links":{"self":[{"href":"https:\/\/tavapy.gov.py\/biblioteca\/wp-json\/wp\/v2\/product\/4770","targetHints":{"allow":["GET"]}}],"collection":[{"href":"https:\/\/tavapy.gov.py\/biblioteca\/wp-json\/wp\/v2\/product"}],"about":[{"href":"https:\/\/tavapy.gov.py\/biblioteca\/wp-json\/wp\/v2\/types\/product"}],"replies":[{"embeddable":true,"href":"https:\/\/tavapy.gov.py\/biblioteca\/wp-json\/wp\/v2\/comments?post=4770"}],"wp:featuredmedia":[{"embeddable":true,"href":"https:\/\/tavapy.gov.py\/biblioteca\/wp-json\/wp\/v2\/media\/4547"}],"wp:attachment":[{"href":"https:\/\/tavapy.gov.py\/biblioteca\/wp-json\/wp\/v2\/media?parent=4770"}],"wp:term":[{"taxonomy":"product_cat","embeddable":true,"href":"https:\/\/tavapy.gov.py\/biblioteca\/wp-json\/wp\/v2\/product_cat?post=4770"},{"taxonomy":"product_tag","embeddable":true,"href":"https:\/\/tavapy.gov.py\/biblioteca\/wp-json\/wp\/v2\/product_tag?post=4770"}],"curies":[{"name":"wp","href":"https:\/\/api.w.org\/{rel}","templated":true}]}}