{"id":4771,"date":"2022-05-02T22:30:01","date_gmt":"2022-05-02T22:30:01","guid":{"rendered":"https:\/\/tavapy.gov.py\/biblioteca\/?post_type=product&#038;p=4771"},"modified":"2022-05-02T22:30:02","modified_gmt":"2022-05-02T22:30:02","slug":"la-vida-en-las-escuelas","status":"publish","type":"product","link":"https:\/\/tavapy.gov.py\/biblioteca\/product\/la-vida-en-las-escuelas\/","title":{"rendered":"LA VIDA EN LAS ESCUELAS."},"content":{"rendered":"","protected":false},"excerpt":{"rendered":"<p>Este libro publicado en 1.989 es un intento por reunir los dos mundos que el poeta William Blake llam\u00f3 en una ocasi\u00f3n \u00ablas canciones de la inocencia\u00bb y \u00ablas canciones de la experiencia\u00bb. En el contexto de este escrito esas palabras representan, respectivamente, el conocimiento pr\u00e1ctico e intuitivo del profesor principiante y por otra parte el dominio de la teor\u00eda educativa cr\u00edtica.<\/p>\n<p>Este libro busca proporcionar una perspectiva m\u00e1s cr\u00edtica sobre la cuesti\u00f3n de por qu\u00e9 los estudiantes en desventaja generalmente no tienen \u00e9xito en la escuela, a pesar de los esfuerzos de educadores y maestros bien intencionados y entusiastas.<\/p>\n<p>La tradici\u00f3n de la pedagog\u00eda cr\u00edtica, de la cual emerge el desaf\u00edo de este libro, representa un enfoque de la escuela comprometido con los imperativos que plantean el empobrecimiento de los estudiantes y la transformaci\u00f3n del orden social en general, bajo el inter\u00e9s de la justicia y la igualdad.<\/p>\n<p>La tarea central es desarrollar un lenguaje mediante el cual los educadores puedan desmadejar y comprender la relaci\u00f3n entre la escuela, las relaciones sociales m\u00e1s amplias que la informan y las necesidades y competencias hist\u00f3ricamente construidas que los estudiantes traen a las escuelas.<\/p>\n<p><a href=\"https:\/\/tavapy.gov.py\/biblioteca\/wp-content\/uploads\/2022\/04\/McLarenP-La-vida-en-las-escuelas.pdf\" target=\"_blank\" rel=\"attachment noopener wp-att-4712\"><img loading=\"lazy\" decoding=\"async\" class=\"size-full wp-image-4712 alignleft\" src=\"https:\/\/tavapy.gov.py\/biblioteca\/wp-content\/uploads\/2022\/04\/icono-PDF-copia-4.png\" alt=\"\" width=\"121\" height=\"140\" \/><\/a><\/p>\n","protected":false},"featured_media":4543,"comment_status":"open","ping_status":"closed","template":"","meta":{"spay_email":""},"product_cat":[343],"product_tag":[],"class_list":{"0":"post-4771","1":"product","2":"type-product","3":"status-publish","4":"has-post-thumbnail","6":"book_author-peter-mcclaren","7":"product_cat-pedagogia","8":"entry"},"_links":{"self":[{"href":"https:\/\/tavapy.gov.py\/biblioteca\/wp-json\/wp\/v2\/product\/4771","targetHints":{"allow":["GET"]}}],"collection":[{"href":"https:\/\/tavapy.gov.py\/biblioteca\/wp-json\/wp\/v2\/product"}],"about":[{"href":"https:\/\/tavapy.gov.py\/biblioteca\/wp-json\/wp\/v2\/types\/product"}],"replies":[{"embeddable":true,"href":"https:\/\/tavapy.gov.py\/biblioteca\/wp-json\/wp\/v2\/comments?post=4771"}],"wp:featuredmedia":[{"embeddable":true,"href":"https:\/\/tavapy.gov.py\/biblioteca\/wp-json\/wp\/v2\/media\/4543"}],"wp:attachment":[{"href":"https:\/\/tavapy.gov.py\/biblioteca\/wp-json\/wp\/v2\/media?parent=4771"}],"wp:term":[{"taxonomy":"product_cat","embeddable":true,"href":"https:\/\/tavapy.gov.py\/biblioteca\/wp-json\/wp\/v2\/product_cat?post=4771"},{"taxonomy":"product_tag","embeddable":true,"href":"https:\/\/tavapy.gov.py\/biblioteca\/wp-json\/wp\/v2\/product_tag?post=4771"}],"curies":[{"name":"wp","href":"https:\/\/api.w.org\/{rel}","templated":true}]}}