{"id":4772,"date":"2022-05-02T22:36:07","date_gmt":"2022-05-02T22:36:07","guid":{"rendered":"https:\/\/tavapy.gov.py\/biblioteca\/?post_type=product&#038;p=4772"},"modified":"2022-05-02T22:36:08","modified_gmt":"2022-05-02T22:36:08","slug":"conocer-el-cerebro-para-la-excelencia-en-la-educacion","status":"publish","type":"product","link":"https:\/\/tavapy.gov.py\/biblioteca\/product\/conocer-el-cerebro-para-la-excelencia-en-la-educacion\/","title":{"rendered":"CONOCER EL CEREBRO PARA LA EXCELENCIA EN LA EDUCACI\u00d3N."},"content":{"rendered":"","protected":false},"excerpt":{"rendered":"<p>un inter\u00e9s para la docencia, el estado de las investigaciones cient\u00edficas relacionadas con el conocimiento del cerebro: su fisiolog\u00eda y funcionamiento; el an\u00e1lisis de la medida en que existen, o no, pr\u00e1cticas inspiradas en dichos conocimientos; y la identificaci\u00f3n de iniciativas que se perciban como prometedoras, en lo referente a expectativas de desarrollos futuros relativos a la aplicaci\u00f3n de la neurociencia para la mejora de la docencia.<\/p>\n<p>Que todo agente educativo conozca y entienda c\u00f3mo aprende el cerebro, c\u00f3mo procesa la informaci\u00f3n, c\u00f3mo controla las emociones, los sentimientos, los estados conductuales, o c\u00f3mo es fr\u00e1gil frente a determinados est\u00edmulos, llega a ser un requisito indispensable para la innovaci\u00f3n pedag\u00f3gica y transformaci\u00f3n de los sistemas educativos.<\/p>\n<p>Conceptos antiguos como memoria o inteligencia han quedado obsoletos al entender que estas facultades se descomponen en diversos tipos que hay que tener en cuenta. La memoria o la inteligencia ya no son unitarias y dependiendo del tipo de que se trate cada uno de ellos debe ser desarrollado adecuadamente. Por eso es importante conocer primero las disposiciones de cada alumno para poder tratarlo de acuerdo con sus facultades.<\/p>\n<p>No hay que olvidar que nada se aprende mejor que sobre lo ya conocido y en este sentido al igual que estamos cerca de una medicina personalizada, tambi\u00e9n en educaci\u00f3n nos encaminamos cada d\u00eda m\u00e1s a una ense\u00f1anza que tenga en cuenta las predisposiciones de cada individuo.<\/p>\n<p><a href=\"https:\/\/tavapy.gov.py\/biblioteca\/wp-content\/uploads\/2022\/04\/Maya-RiveroConocer-el-cerebro.pdf\" target=\"_blank\" rel=\"attachment noopener wp-att-4712\"><img loading=\"lazy\" decoding=\"async\" class=\"size-full wp-image-4712 alignleft\" src=\"https:\/\/tavapy.gov.py\/biblioteca\/wp-content\/uploads\/2022\/04\/icono-PDF-copia-4.png\" alt=\"\" width=\"121\" height=\"140\" \/><\/a><\/p>\n","protected":false},"featured_media":4541,"comment_status":"open","ping_status":"closed","template":"","meta":{"spay_email":""},"product_cat":[373],"product_tag":[],"class_list":{"0":"post-4772","1":"product","2":"type-product","3":"status-publish","4":"has-post-thumbnail","6":"book_author-nieves-maya-elcarte","7":"product_cat-neurociencia-educacion","8":"entry"},"_links":{"self":[{"href":"https:\/\/tavapy.gov.py\/biblioteca\/wp-json\/wp\/v2\/product\/4772","targetHints":{"allow":["GET"]}}],"collection":[{"href":"https:\/\/tavapy.gov.py\/biblioteca\/wp-json\/wp\/v2\/product"}],"about":[{"href":"https:\/\/tavapy.gov.py\/biblioteca\/wp-json\/wp\/v2\/types\/product"}],"replies":[{"embeddable":true,"href":"https:\/\/tavapy.gov.py\/biblioteca\/wp-json\/wp\/v2\/comments?post=4772"}],"wp:featuredmedia":[{"embeddable":true,"href":"https:\/\/tavapy.gov.py\/biblioteca\/wp-json\/wp\/v2\/media\/4541"}],"wp:attachment":[{"href":"https:\/\/tavapy.gov.py\/biblioteca\/wp-json\/wp\/v2\/media?parent=4772"}],"wp:term":[{"taxonomy":"product_cat","embeddable":true,"href":"https:\/\/tavapy.gov.py\/biblioteca\/wp-json\/wp\/v2\/product_cat?post=4772"},{"taxonomy":"product_tag","embeddable":true,"href":"https:\/\/tavapy.gov.py\/biblioteca\/wp-json\/wp\/v2\/product_tag?post=4772"}],"curies":[{"name":"wp","href":"https:\/\/api.w.org\/{rel}","templated":true}]}}