{"id":4773,"date":"2022-05-02T22:42:59","date_gmt":"2022-05-02T22:42:59","guid":{"rendered":"https:\/\/tavapy.gov.py\/biblioteca\/?post_type=product&#038;p=4773"},"modified":"2022-05-02T22:43:00","modified_gmt":"2022-05-02T22:43:00","slug":"nuestra-america","status":"publish","type":"product","link":"https:\/\/tavapy.gov.py\/biblioteca\/product\/nuestra-america\/","title":{"rendered":"NUESTRA AM\u00c9RICA."},"content":{"rendered":"","protected":false},"excerpt":{"rendered":"<p>Nuestra Am\u00e9rica es un ensayo filos\u00f3fico y pol\u00edtico publicado por el cubano Jos\u00e9 Mart\u00ed en 1891. Su forma elocutiva b\u00e1sica es la de la prosa expositiva conceptual. De ese modo, por su condici\u00f3n gen\u00e9rica, se apoya en un discurso reflexivo.<\/p>\n<p>El objetivo fundamental del ensayo es \u00abel an\u00e1lisis cr\u00edtico de una situaci\u00f3n hist\u00f3rica determinada y, a partir de all\u00ed, la formulaci\u00f3n de propuestas para el cambio social\u00bb. Ello determina \u00abel uso de un lenguaje referencial, pero su tejido verbal est\u00e1 tan empapado de lenguaje expresivo, tan potenciado connotativamente por la carga po\u00e9tica\u00bb.<\/p>\n<p>Nuestra Am\u00e9rica nace en un contexto hist\u00f3rico en el que \u00abla independencia de Latinoam\u00e9rica, en los alrededores de 1890, ya no est\u00e1 amenazada por las metr\u00f3polis ib\u00e9ricas, que son potencias en el ocaso, sino por la rivalidad de las nuevas potencias europeas y sobre todo por la descollante potencia americana: los Estados Unidos de Am\u00e9rica\u00bb.<\/p>\n<p><a href=\"https:\/\/tavapy.gov.py\/biblioteca\/wp-content\/uploads\/2022\/04\/MartiJ-Nuestra-America.pdf\" target=\"_blank\" rel=\"attachment noopener wp-att-4712\"><img loading=\"lazy\" decoding=\"async\" class=\"size-full wp-image-4712 alignleft\" src=\"https:\/\/tavapy.gov.py\/biblioteca\/wp-content\/uploads\/2022\/04\/icono-PDF-copia-4.png\" alt=\"\" width=\"121\" height=\"140\" \/><\/a><\/p>\n","protected":false},"featured_media":4538,"comment_status":"open","ping_status":"closed","template":"","meta":{"spay_email":""},"product_cat":[48],"product_tag":[],"class_list":{"0":"post-4773","1":"product","2":"type-product","3":"status-publish","4":"has-post-thumbnail","6":"book_author-jose-marti","7":"product_cat-politica","8":"entry"},"_links":{"self":[{"href":"https:\/\/tavapy.gov.py\/biblioteca\/wp-json\/wp\/v2\/product\/4773","targetHints":{"allow":["GET"]}}],"collection":[{"href":"https:\/\/tavapy.gov.py\/biblioteca\/wp-json\/wp\/v2\/product"}],"about":[{"href":"https:\/\/tavapy.gov.py\/biblioteca\/wp-json\/wp\/v2\/types\/product"}],"replies":[{"embeddable":true,"href":"https:\/\/tavapy.gov.py\/biblioteca\/wp-json\/wp\/v2\/comments?post=4773"}],"wp:featuredmedia":[{"embeddable":true,"href":"https:\/\/tavapy.gov.py\/biblioteca\/wp-json\/wp\/v2\/media\/4538"}],"wp:attachment":[{"href":"https:\/\/tavapy.gov.py\/biblioteca\/wp-json\/wp\/v2\/media?parent=4773"}],"wp:term":[{"taxonomy":"product_cat","embeddable":true,"href":"https:\/\/tavapy.gov.py\/biblioteca\/wp-json\/wp\/v2\/product_cat?post=4773"},{"taxonomy":"product_tag","embeddable":true,"href":"https:\/\/tavapy.gov.py\/biblioteca\/wp-json\/wp\/v2\/product_tag?post=4773"}],"curies":[{"name":"wp","href":"https:\/\/api.w.org\/{rel}","templated":true}]}}