{"id":4774,"date":"2022-05-02T22:47:53","date_gmt":"2022-05-02T22:47:53","guid":{"rendered":"https:\/\/tavapy.gov.py\/biblioteca\/?post_type=product&#038;p=4774"},"modified":"2022-05-02T22:47:53","modified_gmt":"2022-05-02T22:47:53","slug":"humanismo-integral","status":"publish","type":"product","link":"https:\/\/tavapy.gov.py\/biblioteca\/product\/humanismo-integral\/","title":{"rendered":"HUMANISMO INTEGRAL."},"content":{"rendered":"","protected":false},"excerpt":{"rendered":"<p>Humanismo Integral es el nombre de un libro de Jacques Maritain publicado en Par\u00eds en 1936 por Fernand Aubier. Gran obra de un maestro del siglo XX. Un an\u00e1lisis brillante del mundo moderno junto con la propuesta de c\u00f3mo vivir el cristianismo hoy.<\/p>\n<p>Jacques Maritain es una de las grandes personalidades intelectuales del siglo XX. Converso al catolicismo, tomista innovador, intelectual comprometido, gran escritor, amigo de artistas, pol\u00edticos y Papas, escribi\u00f3 numerosos e importantes libros en materias como filosof\u00eda de la historia, est\u00e9tica, gnoseolog\u00eda, metaf\u00edsica, antropolog\u00eda o filosof\u00eda pol\u00edtica.<\/p>\n<p>Humanismo integral es su obra maestra. En ella realiza un brillante y l\u00facido an\u00e1lisis de la evoluci\u00f3n de la cultura Occidental desde la \u00e9poca medieval hasta el mundo moderno, con sus nuevas instituciones, cultura y modos de pensar. Y, a partir de este an\u00e1lisis, efect\u00faa una propuesta ambiciosa y concreta de c\u00f3mo vivir el cristianismo en nuestra \u00e9poca que pretende integrar los valores de la cristiandad medieval y de la modernidad.<\/p>\n<p>Una obra imprescindible para quien est\u00e9 interesado en las relaciones entre mundo, cultura y cristianismo.<\/p>\n<p><a href=\"https:\/\/tavapy.gov.py\/biblioteca\/wp-content\/uploads\/2022\/04\/MaritainJ-Humanismo-integral.pdf\" target=\"_blank\" rel=\"attachment noopener wp-att-4712\"><img loading=\"lazy\" decoding=\"async\" class=\"size-full wp-image-4712 alignleft\" src=\"https:\/\/tavapy.gov.py\/biblioteca\/wp-content\/uploads\/2022\/04\/icono-PDF-copia-4.png\" alt=\"\" width=\"121\" height=\"140\" \/><\/a><\/p>\n","protected":false},"featured_media":4536,"comment_status":"open","ping_status":"closed","template":"","meta":{"spay_email":""},"product_cat":[268],"product_tag":[],"class_list":{"0":"post-4774","1":"product","2":"type-product","3":"status-publish","4":"has-post-thumbnail","6":"book_author-jacques-maritain","7":"product_cat-filosofia-antropologia","8":"entry"},"_links":{"self":[{"href":"https:\/\/tavapy.gov.py\/biblioteca\/wp-json\/wp\/v2\/product\/4774","targetHints":{"allow":["GET"]}}],"collection":[{"href":"https:\/\/tavapy.gov.py\/biblioteca\/wp-json\/wp\/v2\/product"}],"about":[{"href":"https:\/\/tavapy.gov.py\/biblioteca\/wp-json\/wp\/v2\/types\/product"}],"replies":[{"embeddable":true,"href":"https:\/\/tavapy.gov.py\/biblioteca\/wp-json\/wp\/v2\/comments?post=4774"}],"wp:featuredmedia":[{"embeddable":true,"href":"https:\/\/tavapy.gov.py\/biblioteca\/wp-json\/wp\/v2\/media\/4536"}],"wp:attachment":[{"href":"https:\/\/tavapy.gov.py\/biblioteca\/wp-json\/wp\/v2\/media?parent=4774"}],"wp:term":[{"taxonomy":"product_cat","embeddable":true,"href":"https:\/\/tavapy.gov.py\/biblioteca\/wp-json\/wp\/v2\/product_cat?post=4774"},{"taxonomy":"product_tag","embeddable":true,"href":"https:\/\/tavapy.gov.py\/biblioteca\/wp-json\/wp\/v2\/product_tag?post=4774"}],"curies":[{"name":"wp","href":"https:\/\/api.w.org\/{rel}","templated":true}]}}