{"id":4775,"date":"2022-05-02T22:53:50","date_gmt":"2022-05-02T22:53:50","guid":{"rendered":"https:\/\/tavapy.gov.py\/biblioteca\/?post_type=product&#038;p=4775"},"modified":"2022-05-02T22:53:50","modified_gmt":"2022-05-02T22:53:50","slug":"la-inteligencia-que-aprende","status":"publish","type":"product","link":"https:\/\/tavapy.gov.py\/biblioteca\/product\/la-inteligencia-que-aprende\/","title":{"rendered":"LA INTELIGENCIA QUE APRENDE."},"content":{"rendered":"","protected":false},"excerpt":{"rendered":"<p>Este libro publicado en el 2.015, pretende buscar las claves que hacen que las mentes de los alumnos se pongan en acci\u00f3n con el doble objetivo de comprender mejor lo que hay detr\u00e1s de sus reacciones y comportamientos; y por otro lado, ayudar a dise\u00f1ar las aulas de una manera creativa y rigurosa para poder hacer el aprendizaje m\u00e1s f\u00e1cil a todos.<\/p>\n<p>Desde diferentes campos de investigaci\u00f3n emerge la idea de una inteligencia ejecutiva, que organiza a todas las dem\u00e1s y tiene como gran objetivo dirigir la acci\u00f3n (mental o f\u00edsica), aprovechando nuestros conocimientos y nuestras emociones. Jos\u00e9 Antonio Marina y Carmen Pellicer han elaborado una teor\u00eda de la inteligencia ejecutiva que comienza por la neurolog\u00eda y termina en la \u00e9tica, lo que proporciona un marco claro para la escuela.<\/p>\n<p>La funci\u00f3n principal de la inteligencia humana es dirigir la acci\u00f3n, y es ella la que articula la percepci\u00f3n, la memoria, el pensamiento, la emoci\u00f3n, la toma de decisiones. Un asombroso salto evolutivo ha permitido a nuestro cerebro gestionarse a s\u00ed mismo, iniciando as\u00ed un dinamismo prodigioso que ampl\u00eda nuestras posibilidades. En definitiva, la Teor\u00eda de la Inteligencia Ejecutiva contiene un mensaje de optimismo educativo que los autores explican en este libro.<\/p>\n<p><a href=\"https:\/\/tavapy.gov.py\/biblioteca\/wp-content\/uploads\/2022\/04\/Marina-Jose-La_inteligencia_que_aprende.pdf\" target=\"_blank\" rel=\"attachment noopener wp-att-4712\"><img loading=\"lazy\" decoding=\"async\" class=\"size-full wp-image-4712 alignleft\" src=\"https:\/\/tavapy.gov.py\/biblioteca\/wp-content\/uploads\/2022\/04\/icono-PDF-copia-4.png\" alt=\"\" width=\"121\" height=\"140\" \/><\/a><\/p>\n","protected":false},"featured_media":4530,"comment_status":"open","ping_status":"closed","template":"","meta":{"spay_email":""},"product_cat":[462],"product_tag":[],"class_list":{"0":"post-4775","1":"product","2":"type-product","3":"status-publish","4":"has-post-thumbnail","6":"book_author-jose-antonio-marina","7":"product_cat-psicologia-neurociencia-educacion","8":"entry"},"_links":{"self":[{"href":"https:\/\/tavapy.gov.py\/biblioteca\/wp-json\/wp\/v2\/product\/4775","targetHints":{"allow":["GET"]}}],"collection":[{"href":"https:\/\/tavapy.gov.py\/biblioteca\/wp-json\/wp\/v2\/product"}],"about":[{"href":"https:\/\/tavapy.gov.py\/biblioteca\/wp-json\/wp\/v2\/types\/product"}],"replies":[{"embeddable":true,"href":"https:\/\/tavapy.gov.py\/biblioteca\/wp-json\/wp\/v2\/comments?post=4775"}],"wp:featuredmedia":[{"embeddable":true,"href":"https:\/\/tavapy.gov.py\/biblioteca\/wp-json\/wp\/v2\/media\/4530"}],"wp:attachment":[{"href":"https:\/\/tavapy.gov.py\/biblioteca\/wp-json\/wp\/v2\/media?parent=4775"}],"wp:term":[{"taxonomy":"product_cat","embeddable":true,"href":"https:\/\/tavapy.gov.py\/biblioteca\/wp-json\/wp\/v2\/product_cat?post=4775"},{"taxonomy":"product_tag","embeddable":true,"href":"https:\/\/tavapy.gov.py\/biblioteca\/wp-json\/wp\/v2\/product_tag?post=4775"}],"curies":[{"name":"wp","href":"https:\/\/api.w.org\/{rel}","templated":true}]}}