{"id":4776,"date":"2022-05-02T23:02:05","date_gmt":"2022-05-02T23:02:05","guid":{"rendered":"https:\/\/tavapy.gov.py\/biblioteca\/?post_type=product&#038;p=4776"},"modified":"2022-05-02T23:02:05","modified_gmt":"2022-05-02T23:02:05","slug":"la-condicion-posmoderna","status":"publish","type":"product","link":"https:\/\/tavapy.gov.py\/biblioteca\/product\/la-condicion-posmoderna\/","title":{"rendered":"LA CONDICI\u00d3N POSMODERNA."},"content":{"rendered":"","protected":false},"excerpt":{"rendered":"<p>La condici\u00f3n posmoderna, obra publicada en 1.979, fue escrita para el Conseil des Universit\u00e9s du Qu\u00e9bec y presentada como un informe sobre el estado del saber y del conocimiento en las sociedades m\u00e1s desarrolladas.<\/p>\n<p>En este op\u00fasculo, Jean Fran\u00e7ois Lyotard, conocido exponente de la \u00abfilosof\u00eda de la praxis\u00bb y veterano militante del movimiento Socialismo o Barbarie, examinaba cu\u00e1l era el destino del pensamiento ilustrado en el umbral de la informatizaci\u00f3n de las sociedades, el estado -y la raz\u00f3n de ser- de la cultura una vez producidas las transformaciones que, desde fines del siglo XIX, hab\u00edan afectado a las reglas de la ciencia, la literatura y las artes.<\/p>\n<p>El problema de fondo que abordaba, no obstante, era la \u00abcrisis de legitimidad\u00bb que se produc\u00eda en las democracias del tardocapitalismo. La recepci\u00f3n de este op\u00fasculo suscito un importante debate cuyos m\u00e1ximos exponentes ser\u00edan el propio autor, J\u00fcrgen Habermas y Frederic Jameson. La crisis de legitimidad o deslegitimaci\u00f3n, derivada de aquella \u00abincredulidad\u00bb, en la que viven las democracias postindustriales, lleva a preguntarse qu\u00e9 permite hoy afirmar que una ley es justa o un enunciado verdadero.<\/p>\n<p>El hombre sujeto de esta condici\u00f3n posmoderna hab\u00eda dejado de creer en los \u00abgrandes relatos\u00bb, aquello que legitimaba la sociedad, presente o futura, y los saberes.<\/p>\n<p><a href=\"https:\/\/tavapy.gov.py\/biblioteca\/wp-content\/uploads\/2022\/04\/LyotardJ-La-condicion-posmoderna.pdf\" target=\"_blank\" rel=\"attachment noopener wp-att-4712\"><img loading=\"lazy\" decoding=\"async\" class=\"size-full wp-image-4712 alignleft\" src=\"https:\/\/tavapy.gov.py\/biblioteca\/wp-content\/uploads\/2022\/04\/icono-PDF-copia-4.png\" alt=\"\" width=\"121\" height=\"140\" \/><\/a><\/p>\n","protected":false},"featured_media":4528,"comment_status":"open","ping_status":"closed","template":"","meta":{"spay_email":""},"product_cat":[268],"product_tag":[],"class_list":{"0":"post-4776","1":"product","2":"type-product","3":"status-publish","4":"has-post-thumbnail","6":"book_author-jean-francois-lyotard","7":"product_cat-filosofia-antropologia","8":"entry"},"_links":{"self":[{"href":"https:\/\/tavapy.gov.py\/biblioteca\/wp-json\/wp\/v2\/product\/4776","targetHints":{"allow":["GET"]}}],"collection":[{"href":"https:\/\/tavapy.gov.py\/biblioteca\/wp-json\/wp\/v2\/product"}],"about":[{"href":"https:\/\/tavapy.gov.py\/biblioteca\/wp-json\/wp\/v2\/types\/product"}],"replies":[{"embeddable":true,"href":"https:\/\/tavapy.gov.py\/biblioteca\/wp-json\/wp\/v2\/comments?post=4776"}],"wp:featuredmedia":[{"embeddable":true,"href":"https:\/\/tavapy.gov.py\/biblioteca\/wp-json\/wp\/v2\/media\/4528"}],"wp:attachment":[{"href":"https:\/\/tavapy.gov.py\/biblioteca\/wp-json\/wp\/v2\/media?parent=4776"}],"wp:term":[{"taxonomy":"product_cat","embeddable":true,"href":"https:\/\/tavapy.gov.py\/biblioteca\/wp-json\/wp\/v2\/product_cat?post=4776"},{"taxonomy":"product_tag","embeddable":true,"href":"https:\/\/tavapy.gov.py\/biblioteca\/wp-json\/wp\/v2\/product_tag?post=4776"}],"curies":[{"name":"wp","href":"https:\/\/api.w.org\/{rel}","templated":true}]}}