{"id":4778,"date":"2022-05-02T23:23:05","date_gmt":"2022-05-02T23:23:05","guid":{"rendered":"https:\/\/tavapy.gov.py\/biblioteca\/?post_type=product&#038;p=4778"},"modified":"2022-05-02T23:23:56","modified_gmt":"2022-05-02T23:23:56","slug":"inteligencia-colectiva-por-una-antropologia-del-ciberespacio","status":"publish","type":"product","link":"https:\/\/tavapy.gov.py\/biblioteca\/product\/inteligencia-colectiva-por-una-antropologia-del-ciberespacio\/","title":{"rendered":"INTELIGENCIA COLECTIVA: POR UNA ANTROPOLOG\u00cdA DEL CIBERESPACIO."},"content":{"rendered":"","protected":false},"excerpt":{"rendered":"<p>La presente obra publicada en el 2.004, ofrece una reflexi\u00f3n cr\u00edtica y propositiva muy interesante en torno a la producci\u00f3n, distribuci\u00f3n y circulaci\u00f3n del conocimiento en el actual mundo de los avances vertiginosos de la tecnolog\u00eda de la informaci\u00f3n y comunicaci\u00f3n; tambi\u00e9n sobre la validez de innumerables saberes y experiencias que toda persona posee desde cualquier lugar del mundo, cerrando con ello la brecha entre la \u00e9lite conocedora y la multitud que no sabe.<\/p>\n<p>De esto se desprende su propuesta sobre la inteligencia colectiva, que es considerada como una apuesta pol\u00edtica que busca una efectiva participaci\u00f3n y valoraci\u00f3n de la pluralidad, caracter\u00edsticas de una aut\u00e9ntica democracia, y que controvierte la exclusi\u00f3n y las inequidades que imperan.<\/p>\n<p><a href=\"https:\/\/tavapy.gov.py\/biblioteca\/wp-content\/uploads\/2022\/04\/LevyP-Inteligencia-colectiva.pdf\" target=\"_blank\" rel=\"attachment noopener wp-att-4712\"><img loading=\"lazy\" decoding=\"async\" class=\"size-full wp-image-4712 alignleft\" src=\"https:\/\/tavapy.gov.py\/biblioteca\/wp-content\/uploads\/2022\/04\/icono-PDF-copia-4.png\" alt=\"\" width=\"121\" height=\"140\" \/><\/a><\/p>\n","protected":false},"featured_media":4779,"comment_status":"open","ping_status":"closed","template":"","meta":{"spay_email":""},"product_cat":[196],"product_tag":[],"class_list":{"0":"post-4778","1":"product","2":"type-product","3":"status-publish","4":"has-post-thumbnail","6":"book_author-pierre-levy","7":"product_cat-psicologia-educacion","8":"entry"},"_links":{"self":[{"href":"https:\/\/tavapy.gov.py\/biblioteca\/wp-json\/wp\/v2\/product\/4778","targetHints":{"allow":["GET"]}}],"collection":[{"href":"https:\/\/tavapy.gov.py\/biblioteca\/wp-json\/wp\/v2\/product"}],"about":[{"href":"https:\/\/tavapy.gov.py\/biblioteca\/wp-json\/wp\/v2\/types\/product"}],"replies":[{"embeddable":true,"href":"https:\/\/tavapy.gov.py\/biblioteca\/wp-json\/wp\/v2\/comments?post=4778"}],"wp:featuredmedia":[{"embeddable":true,"href":"https:\/\/tavapy.gov.py\/biblioteca\/wp-json\/wp\/v2\/media\/4779"}],"wp:attachment":[{"href":"https:\/\/tavapy.gov.py\/biblioteca\/wp-json\/wp\/v2\/media?parent=4778"}],"wp:term":[{"taxonomy":"product_cat","embeddable":true,"href":"https:\/\/tavapy.gov.py\/biblioteca\/wp-json\/wp\/v2\/product_cat?post=4778"},{"taxonomy":"product_tag","embeddable":true,"href":"https:\/\/tavapy.gov.py\/biblioteca\/wp-json\/wp\/v2\/product_tag?post=4778"}],"curies":[{"name":"wp","href":"https:\/\/api.w.org\/{rel}","templated":true}]}}