{"id":4781,"date":"2022-05-02T23:32:58","date_gmt":"2022-05-02T23:32:58","guid":{"rendered":"https:\/\/tavapy.gov.py\/biblioteca\/?post_type=product&#038;p=4781"},"modified":"2022-05-02T23:33:27","modified_gmt":"2022-05-02T23:33:27","slug":"para-una-critica-de-la-epistemologia","status":"publish","type":"product","link":"https:\/\/tavapy.gov.py\/biblioteca\/product\/para-una-critica-de-la-epistemologia\/","title":{"rendered":"PARA UNA CR\u00cdTICA DE LA EPISTEMOLOG\u00cdA."},"content":{"rendered":"","protected":false},"excerpt":{"rendered":"<p>El autor de esta obra publicada en el 2.005, muestra c\u00f3mo el no-positivismo y antievolucionismo de la tradici\u00f3n epistemol\u00f3gica francesa provienen de la uni\u00f3n que reconocen entre la epistemolog\u00eda y la pr\u00e1ctica efectiva de la historia de las ciencias. Unidad cuya teor\u00eda esbozan Bachelard, Canguilhem y Foucault siguiendo cada uno caminos propios.<\/p>\n<p>El encuentro del marxismo, liberado de relentes neohegelianas, y la epistemolog\u00eda, tal como ha sido practicada por Bachelard, Canguilhem y Foucault, inicia una etapa que conduce al umbral de un trabajo instalado en \u00abel terreno\u00bb de la historia de las ciencias como regi\u00f3n relativamente aut\u00f3noma de la ciencia de la historia, peque\u00f1a comarca de un vasto continente.<\/p>\n<p><a href=\"https:\/\/tavapy.gov.py\/biblioteca\/wp-content\/uploads\/2022\/04\/LecourtD-Para-una-critica-de-la-epistemologia.pdf\" target=\"_blank\" rel=\"attachment noopener wp-att-4712\"><img loading=\"lazy\" decoding=\"async\" class=\"size-full wp-image-4712 alignleft\" src=\"https:\/\/tavapy.gov.py\/biblioteca\/wp-content\/uploads\/2022\/04\/icono-PDF-copia-4.png\" alt=\"\" width=\"121\" height=\"140\" \/><\/a><\/p>\n","protected":false},"featured_media":4517,"comment_status":"open","ping_status":"closed","template":"","meta":{"spay_email":""},"product_cat":[271],"product_tag":[],"class_list":{"0":"post-4781","1":"product","2":"type-product","3":"status-publish","4":"has-post-thumbnail","6":"book_author-dominique-lecourt","7":"product_cat-epistemologia-filosofia","8":"entry"},"_links":{"self":[{"href":"https:\/\/tavapy.gov.py\/biblioteca\/wp-json\/wp\/v2\/product\/4781","targetHints":{"allow":["GET"]}}],"collection":[{"href":"https:\/\/tavapy.gov.py\/biblioteca\/wp-json\/wp\/v2\/product"}],"about":[{"href":"https:\/\/tavapy.gov.py\/biblioteca\/wp-json\/wp\/v2\/types\/product"}],"replies":[{"embeddable":true,"href":"https:\/\/tavapy.gov.py\/biblioteca\/wp-json\/wp\/v2\/comments?post=4781"}],"wp:featuredmedia":[{"embeddable":true,"href":"https:\/\/tavapy.gov.py\/biblioteca\/wp-json\/wp\/v2\/media\/4517"}],"wp:attachment":[{"href":"https:\/\/tavapy.gov.py\/biblioteca\/wp-json\/wp\/v2\/media?parent=4781"}],"wp:term":[{"taxonomy":"product_cat","embeddable":true,"href":"https:\/\/tavapy.gov.py\/biblioteca\/wp-json\/wp\/v2\/product_cat?post=4781"},{"taxonomy":"product_tag","embeddable":true,"href":"https:\/\/tavapy.gov.py\/biblioteca\/wp-json\/wp\/v2\/product_tag?post=4781"}],"curies":[{"name":"wp","href":"https:\/\/api.w.org\/{rel}","templated":true}]}}