{"id":4782,"date":"2022-05-02T23:38:29","date_gmt":"2022-05-02T23:38:29","guid":{"rendered":"https:\/\/tavapy.gov.py\/biblioteca\/?post_type=product&#038;p=4782"},"modified":"2022-05-02T23:38:29","modified_gmt":"2022-05-02T23:38:29","slug":"historia-de-la-psicologia","status":"publish","type":"product","link":"https:\/\/tavapy.gov.py\/biblioteca\/product\/historia-de-la-psicologia\/","title":{"rendered":"HISTORIA DE LA PSICOLOG\u00cdA."},"content":{"rendered":"","protected":false},"excerpt":{"rendered":"<p>Thomas Hardy Leahey presenta a los lectores la evoluci\u00f3n de los principales conceptos psicol\u00f3gicos desde el comienzo de la historia humana, en esta obra publicada en 1.980.<\/p>\n<p>El autor incorpora a un texto narrativo que examina el contexto social pol\u00edtico y filos\u00f3fico de los progresos de la historia psicol\u00f3gica, procesos tan recientes como la fundaci\u00f3n de la American Psychological Society o las repercusiones del conexionismo.<\/p>\n<p>Completa la obra un cap\u00edtulo dedicado por entero a la filosof\u00eda de la ciencia en cuanto afecta a la psicolog\u00eda.<\/p>\n<p><a href=\"https:\/\/tavapy.gov.py\/biblioteca\/wp-content\/uploads\/2022\/04\/LeaheyT-Historia-de-La-Psicologia.pdf\" target=\"_blank\" rel=\"attachment noopener wp-att-4712\"><img loading=\"lazy\" decoding=\"async\" class=\"size-full wp-image-4712 alignleft\" src=\"https:\/\/tavapy.gov.py\/biblioteca\/wp-content\/uploads\/2022\/04\/icono-PDF-copia-4.png\" alt=\"\" width=\"121\" height=\"140\" \/><\/a><\/p>\n","protected":false},"featured_media":4513,"comment_status":"open","ping_status":"closed","template":"","meta":{"spay_email":""},"product_cat":[468],"product_tag":[],"class_list":{"0":"post-4782","1":"product","2":"type-product","3":"status-publish","4":"has-post-thumbnail","6":"product_cat-historia-psicologia","7":"entry"},"_links":{"self":[{"href":"https:\/\/tavapy.gov.py\/biblioteca\/wp-json\/wp\/v2\/product\/4782","targetHints":{"allow":["GET"]}}],"collection":[{"href":"https:\/\/tavapy.gov.py\/biblioteca\/wp-json\/wp\/v2\/product"}],"about":[{"href":"https:\/\/tavapy.gov.py\/biblioteca\/wp-json\/wp\/v2\/types\/product"}],"replies":[{"embeddable":true,"href":"https:\/\/tavapy.gov.py\/biblioteca\/wp-json\/wp\/v2\/comments?post=4782"}],"wp:featuredmedia":[{"embeddable":true,"href":"https:\/\/tavapy.gov.py\/biblioteca\/wp-json\/wp\/v2\/media\/4513"}],"wp:attachment":[{"href":"https:\/\/tavapy.gov.py\/biblioteca\/wp-json\/wp\/v2\/media?parent=4782"}],"wp:term":[{"taxonomy":"product_cat","embeddable":true,"href":"https:\/\/tavapy.gov.py\/biblioteca\/wp-json\/wp\/v2\/product_cat?post=4782"},{"taxonomy":"product_tag","embeddable":true,"href":"https:\/\/tavapy.gov.py\/biblioteca\/wp-json\/wp\/v2\/product_tag?post=4782"}],"curies":[{"name":"wp","href":"https:\/\/api.w.org\/{rel}","templated":true}]}}