{"id":4783,"date":"2022-05-02T23:43:21","date_gmt":"2022-05-02T23:43:21","guid":{"rendered":"https:\/\/tavapy.gov.py\/biblioteca\/?post_type=product&#038;p=4783"},"modified":"2022-05-02T23:43:21","modified_gmt":"2022-05-02T23:43:21","slug":"la-esperanza-de-pandora-ensayos-sobre-la-realidad-de-los-estudios-de-la-ciencia","status":"publish","type":"product","link":"https:\/\/tavapy.gov.py\/biblioteca\/product\/la-esperanza-de-pandora-ensayos-sobre-la-realidad-de-los-estudios-de-la-ciencia\/","title":{"rendered":"LA ESPERANZA DE PANDORA. ENSAYOS SOBRE LA REALIDAD DE LOS ESTUDIOS DE LA CIENCIA."},"content":{"rendered":"","protected":false},"excerpt":{"rendered":"<p>Las ciencias exactas parten de la premisa de \u00abuna realidad independiente, libre de la interacci\u00f3n humana\u00bb. Los estudios de la ciencia \u2013de los que el soci\u00f3logo, antrop\u00f3logo y fil\u00f3sofo Bruno Latour es uno de los m\u00e1s prominentes representantes\u2013 tienen como objetivo desvelar el componente humano que influye inevitablemente en toda investigaci\u00f3n cient\u00edfica y sus resultados.<\/p>\n<p>Con abundantes an\u00e9cdotas y la did\u00e1ctica de un buen profesor, en esta obra publicada en 1.999, Latour expone diversos estudios de caso \u2013una expedici\u00f3n en la selva del Amazonas, la investigaci\u00f3n sobre la energ\u00eda at\u00f3mica o los experimentos de Louis Pasteur\u2013 para ilustrar el factor humano del conocimiento cient\u00edfico.<\/p>\n<p>Indaga en los planteamientos filos\u00f3ficos de Plat\u00f3n a Isabelle Stengers, de Durkheim a Donna Haraway, para se\u00f1alar lo que est\u00e1 en juego en estas llamadas \u00abguerras de la ciencia\u00bb: la sumisi\u00f3n perpleja de la gente com\u00fan ante las fuerzas beligerantes de quienes pretenden haber alcanzado la verdad \u00faltima.<\/p>\n<p><a href=\"https:\/\/tavapy.gov.py\/biblioteca\/wp-content\/uploads\/2022\/04\/Latour-B-La-esperanza-de-Pandora.pdf\" target=\"_blank\" rel=\"attachment noopener wp-att-4712\"><img loading=\"lazy\" decoding=\"async\" class=\"size-full wp-image-4712 alignleft\" src=\"https:\/\/tavapy.gov.py\/biblioteca\/wp-content\/uploads\/2022\/04\/icono-PDF-copia-4.png\" alt=\"\" width=\"121\" height=\"140\" \/><\/a><\/p>\n","protected":false},"featured_media":4512,"comment_status":"open","ping_status":"closed","template":"","meta":{"spay_email":""},"product_cat":[470],"product_tag":[],"class_list":{"0":"post-4783","1":"product","2":"type-product","3":"status-publish","4":"has-post-thumbnail","6":"book_author-bruno-latour","7":"product_cat-filosofia-de-la-ciencia","8":"entry"},"_links":{"self":[{"href":"https:\/\/tavapy.gov.py\/biblioteca\/wp-json\/wp\/v2\/product\/4783","targetHints":{"allow":["GET"]}}],"collection":[{"href":"https:\/\/tavapy.gov.py\/biblioteca\/wp-json\/wp\/v2\/product"}],"about":[{"href":"https:\/\/tavapy.gov.py\/biblioteca\/wp-json\/wp\/v2\/types\/product"}],"replies":[{"embeddable":true,"href":"https:\/\/tavapy.gov.py\/biblioteca\/wp-json\/wp\/v2\/comments?post=4783"}],"wp:featuredmedia":[{"embeddable":true,"href":"https:\/\/tavapy.gov.py\/biblioteca\/wp-json\/wp\/v2\/media\/4512"}],"wp:attachment":[{"href":"https:\/\/tavapy.gov.py\/biblioteca\/wp-json\/wp\/v2\/media?parent=4783"}],"wp:term":[{"taxonomy":"product_cat","embeddable":true,"href":"https:\/\/tavapy.gov.py\/biblioteca\/wp-json\/wp\/v2\/product_cat?post=4783"},{"taxonomy":"product_tag","embeddable":true,"href":"https:\/\/tavapy.gov.py\/biblioteca\/wp-json\/wp\/v2\/product_tag?post=4783"}],"curies":[{"name":"wp","href":"https:\/\/api.w.org\/{rel}","templated":true}]}}