{"id":4784,"date":"2022-05-02T23:49:00","date_gmt":"2022-05-02T23:49:00","guid":{"rendered":"https:\/\/tavapy.gov.py\/biblioteca\/?post_type=product&#038;p=4784"},"modified":"2022-05-02T23:49:00","modified_gmt":"2022-05-02T23:49:00","slug":"el-universo-in-formado","status":"publish","type":"product","link":"https:\/\/tavapy.gov.py\/biblioteca\/product\/el-universo-in-formado\/","title":{"rendered":"EL UNIVERSO IN-FORMADO."},"content":{"rendered":"","protected":false},"excerpt":{"rendered":"<p>En este libro publicado en el 2.007, el autor hace un apasionante repaso de los enigmas sin resolver con los que se enfrenta la ciencia contempor\u00e1nea (en la f\u00edsica cu\u00e1ntica, cosmolog\u00eda, en las ciencias biol\u00f3gicas y en el nuevo campo de la investigaci\u00f3n de la conciencia).<\/p>\n<p>Y como conclusi\u00f3n plantea el papel del \u00abcampo-A\u00bb como elemento central de una nueva teor\u00eda del todo que permite resolver problemas y paradojas de la f\u00edsica cu\u00e1ntica, especialmente el fen\u00f3meno de no-localidad y del enmara\u00f1amiento qu\u00e1ntico. Tambi\u00e9n plantea su teor\u00eda del todo como la soluci\u00f3n a las perennes disputas entre ciencia y religi\u00f3n.<\/p>\n<p><a href=\"https:\/\/tavapy.gov.py\/biblioteca\/wp-content\/uploads\/2022\/04\/LaszloE-El-universo-in-formado.pdf\" target=\"_blank\" rel=\"attachment noopener wp-att-4712\"><img loading=\"lazy\" decoding=\"async\" class=\"size-full wp-image-4712 alignleft\" src=\"https:\/\/tavapy.gov.py\/biblioteca\/wp-content\/uploads\/2022\/04\/icono-PDF-copia-4.png\" alt=\"\" width=\"121\" height=\"140\" \/><\/a><\/p>\n","protected":false},"featured_media":4507,"comment_status":"open","ping_status":"closed","template":"","meta":{"spay_email":""},"product_cat":[414],"product_tag":[],"class_list":{"0":"post-4784","1":"product","2":"type-product","3":"status-publish","4":"has-post-thumbnail","6":"book_author-ervin-laszlo","7":"product_cat-fisica-astronomia-astrofisica","8":"entry"},"_links":{"self":[{"href":"https:\/\/tavapy.gov.py\/biblioteca\/wp-json\/wp\/v2\/product\/4784","targetHints":{"allow":["GET"]}}],"collection":[{"href":"https:\/\/tavapy.gov.py\/biblioteca\/wp-json\/wp\/v2\/product"}],"about":[{"href":"https:\/\/tavapy.gov.py\/biblioteca\/wp-json\/wp\/v2\/types\/product"}],"replies":[{"embeddable":true,"href":"https:\/\/tavapy.gov.py\/biblioteca\/wp-json\/wp\/v2\/comments?post=4784"}],"wp:featuredmedia":[{"embeddable":true,"href":"https:\/\/tavapy.gov.py\/biblioteca\/wp-json\/wp\/v2\/media\/4507"}],"wp:attachment":[{"href":"https:\/\/tavapy.gov.py\/biblioteca\/wp-json\/wp\/v2\/media?parent=4784"}],"wp:term":[{"taxonomy":"product_cat","embeddable":true,"href":"https:\/\/tavapy.gov.py\/biblioteca\/wp-json\/wp\/v2\/product_cat?post=4784"},{"taxonomy":"product_tag","embeddable":true,"href":"https:\/\/tavapy.gov.py\/biblioteca\/wp-json\/wp\/v2\/product_tag?post=4784"}],"curies":[{"name":"wp","href":"https:\/\/api.w.org\/{rel}","templated":true}]}}