{"id":4785,"date":"2022-05-02T23:52:55","date_gmt":"2022-05-02T23:52:55","guid":{"rendered":"https:\/\/tavapy.gov.py\/biblioteca\/?post_type=product&#038;p=4785"},"modified":"2022-05-02T23:52:56","modified_gmt":"2022-05-02T23:52:56","slug":"antropologia-medica","status":"publish","type":"product","link":"https:\/\/tavapy.gov.py\/biblioteca\/product\/antropologia-medica\/","title":{"rendered":"ANTROPOLOG\u00cdA M\u00c9DICA."},"content":{"rendered":"","protected":false},"excerpt":{"rendered":"<p>\u00bfQu\u00e9 es esto de la Antropolog\u00eda m\u00e9dica por La\u00edn propuesta? \u00bfAcaso una dura y erudita divagaci\u00f3n por vericuetos ya explorados? \u00bfO una vana teorizaci\u00f3n, m\u00e1s o menos filos\u00f3fica, en torno al padecer humano que la cl\u00ednica registra y certifica?<\/p>\n<p>Quien se adentre con calma y reflexi\u00f3n simult\u00e1neas por la obra publicada en 1.984, inmediatamente echar\u00e1 de ver algo muy importante, cumple saber, que est\u00e1 ante un trabajo no s\u00f3lo excepcional y meritorio, sino, adem\u00e1s, imprescindible. \u00bfPor qu\u00e9? Pues, sencillamente, porque hasta ahora, que yo sepa, no se hab\u00eda ofrecido al lector -m\u00e9dico o no, m\u00e9dico- la oportunidad de penetrar en los m\u00faltiples problemas que el enfermar de la criatura humana trae consigo.<\/p>\n<p>Problemas de muy varia categor\u00eda. Unos, bien ce\u00f1idos a las necesidades cl\u00ednicas directas del profesional. Otros, sustentando lo hasta ahora logrado y d\u00e1ndole la trascendencia conceptual y sistem\u00e1tica que merecen. Y, a\u00fan m\u00e1s all\u00e1, descubriendo los muros contra los que tropieza, una y otra vez, la indagaci\u00f3n positiva m\u00e1s a ras del suelo, o la b\u00fasqueda de fundamento para las nuevas aportaciones cient\u00edfico-naturales de nuestro tiempo.<\/p>\n<p><a href=\"https:\/\/tavapy.gov.py\/biblioteca\/wp-content\/uploads\/2022\/04\/Lain-Entralgo-Antropologia-medica..-1.pdf\" target=\"_blank\" rel=\"attachment noopener wp-att-4712\"><img loading=\"lazy\" decoding=\"async\" class=\"size-full wp-image-4712 alignleft\" src=\"https:\/\/tavapy.gov.py\/biblioteca\/wp-content\/uploads\/2022\/04\/icono-PDF-copia-4.png\" alt=\"\" width=\"121\" height=\"140\" \/><\/a><\/p>\n","protected":false},"featured_media":4505,"comment_status":"open","ping_status":"closed","template":"","meta":{"spay_email":""},"product_cat":[473],"product_tag":[],"class_list":{"0":"post-4785","1":"product","2":"type-product","3":"status-publish","4":"has-post-thumbnail","6":"book_author-pedro-lain-entralgo","7":"product_cat-antropologia-medicina","8":"entry"},"_links":{"self":[{"href":"https:\/\/tavapy.gov.py\/biblioteca\/wp-json\/wp\/v2\/product\/4785","targetHints":{"allow":["GET"]}}],"collection":[{"href":"https:\/\/tavapy.gov.py\/biblioteca\/wp-json\/wp\/v2\/product"}],"about":[{"href":"https:\/\/tavapy.gov.py\/biblioteca\/wp-json\/wp\/v2\/types\/product"}],"replies":[{"embeddable":true,"href":"https:\/\/tavapy.gov.py\/biblioteca\/wp-json\/wp\/v2\/comments?post=4785"}],"wp:featuredmedia":[{"embeddable":true,"href":"https:\/\/tavapy.gov.py\/biblioteca\/wp-json\/wp\/v2\/media\/4505"}],"wp:attachment":[{"href":"https:\/\/tavapy.gov.py\/biblioteca\/wp-json\/wp\/v2\/media?parent=4785"}],"wp:term":[{"taxonomy":"product_cat","embeddable":true,"href":"https:\/\/tavapy.gov.py\/biblioteca\/wp-json\/wp\/v2\/product_cat?post=4785"},{"taxonomy":"product_tag","embeddable":true,"href":"https:\/\/tavapy.gov.py\/biblioteca\/wp-json\/wp\/v2\/product_tag?post=4785"}],"curies":[{"name":"wp","href":"https:\/\/api.w.org\/{rel}","templated":true}]}}