{"id":4786,"date":"2022-05-02T23:57:51","date_gmt":"2022-05-02T23:57:51","guid":{"rendered":"https:\/\/tavapy.gov.py\/biblioteca\/?post_type=product&#038;p=4786"},"modified":"2022-05-02T23:57:51","modified_gmt":"2022-05-02T23:57:51","slug":"el-triunfo-de-la-religion","status":"publish","type":"product","link":"https:\/\/tavapy.gov.py\/biblioteca\/product\/el-triunfo-de-la-religion\/","title":{"rendered":"EL TRIUNFO DE LA RELIGI\u00d3N."},"content":{"rendered":"","protected":false},"excerpt":{"rendered":"<p>\u00abYo provengo de los curas\u00bb, dec\u00eda Lacan. Educado por los hermanos maristas, fue un joven piadoso y alcanz\u00f3 un conocimiento sensible, \u00edntimo, de los tormentos y astucias de la espiritualidad cristiana. Sab\u00eda tambi\u00e9n hablar maravillosamente a los cat\u00f3licos y familiarizarlos con el psicoan\u00e1lisis. La Compa\u00f1\u00eda de Jes\u00fas apost\u00f3 a su Escuela.<\/p>\n<p>Freud, viejo optimista de las Luces, cre\u00eda que la religi\u00f3n no era m\u00e1s que una ilusi\u00f3n que ser\u00eda disipada en el futuro por el avance del esp\u00edritu cient\u00edfico. Lacan, en absoluto, pensaba, por el contrario, que la verdadera religi\u00f3n, la romana, al final de los tiempos engatusar\u00eda a todos, derramando sentido a raudales sobre ese real cada vez m\u00e1s insistente e insoportable que debemos a la ciencia.<\/p>\n<p><a href=\"https:\/\/tavapy.gov.py\/biblioteca\/wp-content\/uploads\/2022\/04\/LacanJ-El-Triunfo-de-la-Religion-1.pdf\" target=\"_blank\" rel=\"attachment noopener wp-att-4712\"><img loading=\"lazy\" decoding=\"async\" class=\"size-full wp-image-4712 alignleft\" src=\"https:\/\/tavapy.gov.py\/biblioteca\/wp-content\/uploads\/2022\/04\/icono-PDF-copia-4.png\" alt=\"\" width=\"121\" height=\"140\" \/><\/a><\/p>\n","protected":false},"featured_media":4501,"comment_status":"open","ping_status":"closed","template":"","meta":{"spay_email":""},"product_cat":[475],"product_tag":[],"class_list":{"0":"post-4786","1":"product","2":"type-product","3":"status-publish","4":"has-post-thumbnail","6":"book_author-jacques-lacan","7":"product_cat-psicologia-psicoanalisis","8":"entry"},"_links":{"self":[{"href":"https:\/\/tavapy.gov.py\/biblioteca\/wp-json\/wp\/v2\/product\/4786","targetHints":{"allow":["GET"]}}],"collection":[{"href":"https:\/\/tavapy.gov.py\/biblioteca\/wp-json\/wp\/v2\/product"}],"about":[{"href":"https:\/\/tavapy.gov.py\/biblioteca\/wp-json\/wp\/v2\/types\/product"}],"replies":[{"embeddable":true,"href":"https:\/\/tavapy.gov.py\/biblioteca\/wp-json\/wp\/v2\/comments?post=4786"}],"wp:featuredmedia":[{"embeddable":true,"href":"https:\/\/tavapy.gov.py\/biblioteca\/wp-json\/wp\/v2\/media\/4501"}],"wp:attachment":[{"href":"https:\/\/tavapy.gov.py\/biblioteca\/wp-json\/wp\/v2\/media?parent=4786"}],"wp:term":[{"taxonomy":"product_cat","embeddable":true,"href":"https:\/\/tavapy.gov.py\/biblioteca\/wp-json\/wp\/v2\/product_cat?post=4786"},{"taxonomy":"product_tag","embeddable":true,"href":"https:\/\/tavapy.gov.py\/biblioteca\/wp-json\/wp\/v2\/product_tag?post=4786"}],"curies":[{"name":"wp","href":"https:\/\/api.w.org\/{rel}","templated":true}]}}