{"id":4787,"date":"2022-05-03T00:01:15","date_gmt":"2022-05-03T00:01:15","guid":{"rendered":"https:\/\/tavapy.gov.py\/biblioteca\/?post_type=product&#038;p=4787"},"modified":"2022-05-03T00:01:16","modified_gmt":"2022-05-03T00:01:16","slug":"ser-cristiano","status":"publish","type":"product","link":"https:\/\/tavapy.gov.py\/biblioteca\/product\/ser-cristiano\/","title":{"rendered":"SER CRISTIANO."},"content":{"rendered":"","protected":false},"excerpt":{"rendered":"<p>Con el rigor y sistematicidad que le caracterizan, Hans K\u00fcng fundamenta en este libro publicado en1.974, por qu\u00e9 y c\u00f3mo el cristianismo de convicciones cr\u00edticas puede responder de su fe ante su propia raz\u00f3n y su entorno social. Y lo hace a trav\u00e9s de una presentaci\u00f3n de la totalidad del mensaje cristiano, trazada desde el trasfondo de las ideolog\u00edas y religiones actuales.<\/p>\n<p>Practicando una teolog\u00eda verdaderamente ecum\u00e9nica, K\u00fcng avanza hasta el n\u00facleo de la fe cristiana. De este modo lo humano, lo religioso general y lo extraeclesial son, m\u00e1s que nunca, tomados en serio, pero de forma que lo espec\u00edficamente cristiano emerge con la mayor nitidez, separando lo esencial de lo que no lo es.<\/p>\n<p><a href=\"https:\/\/tavapy.gov.py\/biblioteca\/wp-content\/uploads\/2022\/04\/KungH-Ser-cristiano.pdf\" target=\"_blank\" rel=\"attachment noopener wp-att-4712\"><img loading=\"lazy\" decoding=\"async\" class=\"size-full wp-image-4712 alignleft\" src=\"https:\/\/tavapy.gov.py\/biblioteca\/wp-content\/uploads\/2022\/04\/icono-PDF-copia-4.png\" alt=\"\" width=\"121\" height=\"140\" \/><\/a><\/p>\n","protected":false},"featured_media":4497,"comment_status":"open","ping_status":"closed","template":"","meta":{"spay_email":""},"product_cat":[135],"product_tag":[],"class_list":{"0":"post-4787","1":"product","2":"type-product","3":"status-publish","4":"has-post-thumbnail","6":"book_author-hans-kung","7":"product_cat-teologia","8":"entry"},"_links":{"self":[{"href":"https:\/\/tavapy.gov.py\/biblioteca\/wp-json\/wp\/v2\/product\/4787","targetHints":{"allow":["GET"]}}],"collection":[{"href":"https:\/\/tavapy.gov.py\/biblioteca\/wp-json\/wp\/v2\/product"}],"about":[{"href":"https:\/\/tavapy.gov.py\/biblioteca\/wp-json\/wp\/v2\/types\/product"}],"replies":[{"embeddable":true,"href":"https:\/\/tavapy.gov.py\/biblioteca\/wp-json\/wp\/v2\/comments?post=4787"}],"wp:featuredmedia":[{"embeddable":true,"href":"https:\/\/tavapy.gov.py\/biblioteca\/wp-json\/wp\/v2\/media\/4497"}],"wp:attachment":[{"href":"https:\/\/tavapy.gov.py\/biblioteca\/wp-json\/wp\/v2\/media?parent=4787"}],"wp:term":[{"taxonomy":"product_cat","embeddable":true,"href":"https:\/\/tavapy.gov.py\/biblioteca\/wp-json\/wp\/v2\/product_cat?post=4787"},{"taxonomy":"product_tag","embeddable":true,"href":"https:\/\/tavapy.gov.py\/biblioteca\/wp-json\/wp\/v2\/product_tag?post=4787"}],"curies":[{"name":"wp","href":"https:\/\/api.w.org\/{rel}","templated":true}]}}