{"id":4789,"date":"2022-05-03T01:03:02","date_gmt":"2022-05-03T01:03:02","guid":{"rendered":"https:\/\/tavapy.gov.py\/biblioteca\/?post_type=product&#038;p=4789"},"modified":"2022-05-03T01:03:02","modified_gmt":"2022-05-03T01:03:02","slug":"estudios-de-historia-del-pensamiento-cientifico","status":"publish","type":"product","link":"https:\/\/tavapy.gov.py\/biblioteca\/product\/estudios-de-historia-del-pensamiento-cientifico\/","title":{"rendered":"ESTUDIOS DE HISTORIA DEL PENSAMIENTO CIENT\u00cdFICO."},"content":{"rendered":"","protected":false},"excerpt":{"rendered":"<p>De la Edad Media a Pascal, Koyr\u00e9 investiga la historia del pensamiento cient\u00edfico en esta obra publicada en 1.961, a trav\u00e9s de un meticuloso retorno a los textos, a unos textos que nos desorientan porque fueron escritos en una lengua cient\u00edfica muerta, por un pensamiento que ya no es, o no parece ser, el nuestro. \u00bfPor qu\u00e9 emprender entonces este estudio?<\/p>\n<p>Para llegar a comprender en qu\u00e9 medida todo pensamiento cient\u00edfico es \u201cmoderno\u201d, pero s\u00f3lo lo es relativamente, moment\u00e1neamente. Para recuperar una historia que nos es imprescindible si tratamos de comprender c\u00f3mo se han desarrollado la ciencia y nuestra propia visi\u00f3n del mundo.<\/p>\n<p>Alexandre Koyr\u00e9 ha cre\u00eddo siempre que la ciencia consiste en la b\u00fasqueda de la verdad, en la teor\u00eda: \u201cPor sorprendente que nos pueda parecer, es posible edificar templos y palacios, incluso catedrales, excavar canales y construir puentes, desarrollar la metalurgia y la cer\u00e1mica sin poseer un conocimiento cient\u00edfico, o no teniendo sino sus rudimentos.\u201d Descubrir los l\u00edmites del papel hist\u00f3rico de la ciencia puede permitirnos reconstruir la unidad del pensamiento humano.<\/p>\n<p><a href=\"https:\/\/tavapy.gov.py\/biblioteca\/wp-content\/uploads\/2022\/04\/KoyreA-Estudios-de-historia-del-pensamiento.pdf\" target=\"_blank\" rel=\"attachment noopener wp-att-4712\"><img loading=\"lazy\" decoding=\"async\" class=\"size-full wp-image-4712 alignleft\" src=\"https:\/\/tavapy.gov.py\/biblioteca\/wp-content\/uploads\/2022\/04\/icono-PDF-copia-4.png\" alt=\"\" width=\"121\" height=\"140\" \/><\/a><\/p>\n","protected":false},"featured_media":4492,"comment_status":"open","ping_status":"closed","template":"","meta":{"spay_email":""},"product_cat":[394],"product_tag":[],"class_list":{"0":"post-4789","1":"product","2":"type-product","3":"status-publish","4":"has-post-thumbnail","6":"book_author-alexandre-koyre","7":"product_cat-historia-de-la-ciencia","8":"entry"},"_links":{"self":[{"href":"https:\/\/tavapy.gov.py\/biblioteca\/wp-json\/wp\/v2\/product\/4789","targetHints":{"allow":["GET"]}}],"collection":[{"href":"https:\/\/tavapy.gov.py\/biblioteca\/wp-json\/wp\/v2\/product"}],"about":[{"href":"https:\/\/tavapy.gov.py\/biblioteca\/wp-json\/wp\/v2\/types\/product"}],"replies":[{"embeddable":true,"href":"https:\/\/tavapy.gov.py\/biblioteca\/wp-json\/wp\/v2\/comments?post=4789"}],"wp:featuredmedia":[{"embeddable":true,"href":"https:\/\/tavapy.gov.py\/biblioteca\/wp-json\/wp\/v2\/media\/4492"}],"wp:attachment":[{"href":"https:\/\/tavapy.gov.py\/biblioteca\/wp-json\/wp\/v2\/media?parent=4789"}],"wp:term":[{"taxonomy":"product_cat","embeddable":true,"href":"https:\/\/tavapy.gov.py\/biblioteca\/wp-json\/wp\/v2\/product_cat?post=4789"},{"taxonomy":"product_tag","embeddable":true,"href":"https:\/\/tavapy.gov.py\/biblioteca\/wp-json\/wp\/v2\/product_tag?post=4789"}],"curies":[{"name":"wp","href":"https:\/\/api.w.org\/{rel}","templated":true}]}}