{"id":4790,"date":"2022-05-03T02:50:42","date_gmt":"2022-05-03T02:50:42","guid":{"rendered":"https:\/\/tavapy.gov.py\/biblioteca\/?post_type=product&#038;p=4790"},"modified":"2022-05-03T02:50:43","modified_gmt":"2022-05-03T02:50:43","slug":"las-desventuras-del-conocimiento-cientifico-una-introduccion-a-la-epistemologia","status":"publish","type":"product","link":"https:\/\/tavapy.gov.py\/biblioteca\/product\/las-desventuras-del-conocimiento-cientifico-una-introduccion-a-la-epistemologia\/","title":{"rendered":"LAS DESVENTURAS DEL CONOCIMIENTO CIENT\u00cdFICO. UNA INTRODUCCI\u00d3N A LA EPISTEMOLOG\u00cdA."},"content":{"rendered":"","protected":false},"excerpt":{"rendered":"<p>El impacto de la ciencia en el mundo moderno ha despertado un inter\u00e9s generalizado por conocer su naturaleza, sus procedimientos, su alcance y sus limitaciones.<\/p>\n<p>Sin embargo, a menudo suele confund\u00edrsela con sus resultados y aplicaciones, olvidando que la ciencia es, ante todo, una metodolog\u00eda cognoscitiva y una particular manera de pensar la realidad.<\/p>\n<p>Esta obra publicada en 1.994 es una introducci\u00f3n al universo de la epistemolog\u00eda escrita por uno de los m\u00e1s destacados especialistas en epistemolog\u00eda de Am\u00e9rica del Sur.<\/p>\n<p><a href=\"https:\/\/tavapy.gov.py\/biblioteca\/wp-content\/uploads\/2022\/04\/KlimovskyG-Las-desventuras-del-conocimiento...pdf\" target=\"_blank\" rel=\"attachment noopener wp-att-4712\"><img loading=\"lazy\" decoding=\"async\" class=\"size-full wp-image-4712 alignleft\" src=\"https:\/\/tavapy.gov.py\/biblioteca\/wp-content\/uploads\/2022\/04\/icono-PDF-copia-4.png\" alt=\"\" width=\"121\" height=\"140\" \/><\/a><\/p>\n","protected":false},"featured_media":4488,"comment_status":"open","ping_status":"closed","template":"","meta":{"spay_email":""},"product_cat":[271],"product_tag":[],"class_list":{"0":"post-4790","1":"product","2":"type-product","3":"status-publish","4":"has-post-thumbnail","6":"book_author-gregorio-klimovsky","7":"product_cat-epistemologia-filosofia","8":"entry"},"_links":{"self":[{"href":"https:\/\/tavapy.gov.py\/biblioteca\/wp-json\/wp\/v2\/product\/4790","targetHints":{"allow":["GET"]}}],"collection":[{"href":"https:\/\/tavapy.gov.py\/biblioteca\/wp-json\/wp\/v2\/product"}],"about":[{"href":"https:\/\/tavapy.gov.py\/biblioteca\/wp-json\/wp\/v2\/types\/product"}],"replies":[{"embeddable":true,"href":"https:\/\/tavapy.gov.py\/biblioteca\/wp-json\/wp\/v2\/comments?post=4790"}],"wp:featuredmedia":[{"embeddable":true,"href":"https:\/\/tavapy.gov.py\/biblioteca\/wp-json\/wp\/v2\/media\/4488"}],"wp:attachment":[{"href":"https:\/\/tavapy.gov.py\/biblioteca\/wp-json\/wp\/v2\/media?parent=4790"}],"wp:term":[{"taxonomy":"product_cat","embeddable":true,"href":"https:\/\/tavapy.gov.py\/biblioteca\/wp-json\/wp\/v2\/product_cat?post=4790"},{"taxonomy":"product_tag","embeddable":true,"href":"https:\/\/tavapy.gov.py\/biblioteca\/wp-json\/wp\/v2\/product_tag?post=4790"}],"curies":[{"name":"wp","href":"https:\/\/api.w.org\/{rel}","templated":true}]}}