{"id":4792,"date":"2022-05-03T03:01:59","date_gmt":"2022-05-03T03:01:59","guid":{"rendered":"https:\/\/tavapy.gov.py\/biblioteca\/?post_type=product&#038;p=4792"},"modified":"2022-05-03T03:02:00","modified_gmt":"2022-05-03T03:02:00","slug":"critica-de-la-razon-practica","status":"publish","type":"product","link":"https:\/\/tavapy.gov.py\/biblioteca\/product\/critica-de-la-razon-practica\/","title":{"rendered":"CR\u00cdTICA DE LA RAZ\u00d3N PR\u00c1CTICA."},"content":{"rendered":"","protected":false},"excerpt":{"rendered":"<p>Verdadero estatuto de la libertad y de la dignidad del hombre, la Cr\u00edtica de la raz\u00f3n pr\u00e1ctica, publicada en el 1.788, no es s\u00f3lo una extraordinaria realizaci\u00f3n filos\u00f3fica; es tambi\u00e9n una de las cumbres de la humanidad, uno de los instantes en que el ser humano se ha elevado a mayor altura, mediante el claro reconocimiento y la vigorosa afirmaci\u00f3n de la soberan\u00eda del esp\u00edritu.<\/p>\n<p>Tal es, en s\u00edntesis, esta gran obra kantiana, cuya influencia, sobre todo el pensamiento filos\u00f3fico posterior, ha sido inmensa, y que plante\u00f3 los problemas de la \u00e9tica en un plano completamente nuevo, suscitando agudas discusiones entre formalistas y personalistas, entre idealistas y fenomen\u00f3logos.<\/p>\n<p><a href=\"https:\/\/tavapy.gov.py\/biblioteca\/wp-content\/uploads\/2022\/04\/KantI_Critica-de-la-razon-practica.pdf\" target=\"_blank\" rel=\"attachment noopener wp-att-4712\"><img loading=\"lazy\" decoding=\"async\" class=\"size-full wp-image-4712 alignleft\" src=\"https:\/\/tavapy.gov.py\/biblioteca\/wp-content\/uploads\/2022\/04\/icono-PDF-copia-4.png\" alt=\"\" width=\"121\" height=\"140\" \/><\/a><\/p>\n","protected":false},"featured_media":4482,"comment_status":"open","ping_status":"closed","template":"","meta":{"spay_email":""},"product_cat":[59],"product_tag":[],"class_list":{"0":"post-4792","1":"product","2":"type-product","3":"status-publish","4":"has-post-thumbnail","6":"book_author-immanuel-kant","7":"product_cat-filosofia","8":"entry"},"_links":{"self":[{"href":"https:\/\/tavapy.gov.py\/biblioteca\/wp-json\/wp\/v2\/product\/4792","targetHints":{"allow":["GET"]}}],"collection":[{"href":"https:\/\/tavapy.gov.py\/biblioteca\/wp-json\/wp\/v2\/product"}],"about":[{"href":"https:\/\/tavapy.gov.py\/biblioteca\/wp-json\/wp\/v2\/types\/product"}],"replies":[{"embeddable":true,"href":"https:\/\/tavapy.gov.py\/biblioteca\/wp-json\/wp\/v2\/comments?post=4792"}],"wp:featuredmedia":[{"embeddable":true,"href":"https:\/\/tavapy.gov.py\/biblioteca\/wp-json\/wp\/v2\/media\/4482"}],"wp:attachment":[{"href":"https:\/\/tavapy.gov.py\/biblioteca\/wp-json\/wp\/v2\/media?parent=4792"}],"wp:term":[{"taxonomy":"product_cat","embeddable":true,"href":"https:\/\/tavapy.gov.py\/biblioteca\/wp-json\/wp\/v2\/product_cat?post=4792"},{"taxonomy":"product_tag","embeddable":true,"href":"https:\/\/tavapy.gov.py\/biblioteca\/wp-json\/wp\/v2\/product_tag?post=4792"}],"curies":[{"name":"wp","href":"https:\/\/api.w.org\/{rel}","templated":true}]}}