{"id":4793,"date":"2022-05-03T03:06:23","date_gmt":"2022-05-03T03:06:23","guid":{"rendered":"https:\/\/tavapy.gov.py\/biblioteca\/?post_type=product&#038;p=4793"},"modified":"2022-05-03T03:06:23","modified_gmt":"2022-05-03T03:06:23","slug":"la-religion-gnostica-el-mensaje-del-dios-extrano-y-los-comienzos-del-cristianismo","status":"publish","type":"product","link":"https:\/\/tavapy.gov.py\/biblioteca\/product\/la-religion-gnostica-el-mensaje-del-dios-extrano-y-los-comienzos-del-cristianismo\/","title":{"rendered":"LA RELIGI\u00d3N GN\u00d3STICA: EL MENSAJE DEL DIOS EXTRA\u00d1O Y LOS COMIENZOS DEL CRISTIANISMO."},"content":{"rendered":"","protected":false},"excerpt":{"rendered":"<p>La religi\u00f3n gn\u00f3stica, libro publicado en el 2.000 es una obra fundamental del profesor Hans Jonas, una de las m\u00e1ximas autoridades en este tema y constituye un completo estudio de las ideas her\u00e9ticas del gnosticismo, de su literatura, su lenguaje simb\u00f3lico y sus principales dogmas.<\/p>\n<p>Como sugiere en el \u00faltimo cap\u00edtulo de este libro, el gnosticismo comparte muchos puntos de encuentro con el existencialismo y nihilismo de la modernidad.<\/p>\n<p><a href=\"https:\/\/tavapy.gov.py\/biblioteca\/wp-content\/uploads\/2022\/04\/JonasH-La-religion-gnostica.pdf\" target=\"_blank\" rel=\"attachment noopener wp-att-4712\"><img loading=\"lazy\" decoding=\"async\" class=\"size-full wp-image-4712 alignleft\" src=\"https:\/\/tavapy.gov.py\/biblioteca\/wp-content\/uploads\/2022\/04\/icono-PDF-copia-4.png\" alt=\"\" width=\"121\" height=\"140\" \/><\/a><\/p>\n","protected":false},"featured_media":4480,"comment_status":"open","ping_status":"closed","template":"","meta":{"spay_email":""},"product_cat":[247],"product_tag":[],"class_list":{"0":"post-4793","1":"product","2":"type-product","3":"status-publish","4":"has-post-thumbnail","6":"book_author-hans-jonas","7":"product_cat-historia-de-las-religiones","8":"entry"},"_links":{"self":[{"href":"https:\/\/tavapy.gov.py\/biblioteca\/wp-json\/wp\/v2\/product\/4793","targetHints":{"allow":["GET"]}}],"collection":[{"href":"https:\/\/tavapy.gov.py\/biblioteca\/wp-json\/wp\/v2\/product"}],"about":[{"href":"https:\/\/tavapy.gov.py\/biblioteca\/wp-json\/wp\/v2\/types\/product"}],"replies":[{"embeddable":true,"href":"https:\/\/tavapy.gov.py\/biblioteca\/wp-json\/wp\/v2\/comments?post=4793"}],"wp:featuredmedia":[{"embeddable":true,"href":"https:\/\/tavapy.gov.py\/biblioteca\/wp-json\/wp\/v2\/media\/4480"}],"wp:attachment":[{"href":"https:\/\/tavapy.gov.py\/biblioteca\/wp-json\/wp\/v2\/media?parent=4793"}],"wp:term":[{"taxonomy":"product_cat","embeddable":true,"href":"https:\/\/tavapy.gov.py\/biblioteca\/wp-json\/wp\/v2\/product_cat?post=4793"},{"taxonomy":"product_tag","embeddable":true,"href":"https:\/\/tavapy.gov.py\/biblioteca\/wp-json\/wp\/v2\/product_tag?post=4793"}],"curies":[{"name":"wp","href":"https:\/\/api.w.org\/{rel}","templated":true}]}}