{"id":4794,"date":"2022-05-03T03:10:35","date_gmt":"2022-05-03T03:10:35","guid":{"rendered":"https:\/\/tavapy.gov.py\/biblioteca\/?post_type=product&#038;p=4794"},"modified":"2022-05-03T03:10:35","modified_gmt":"2022-05-03T03:10:35","slug":"una-mujer-dificil","status":"publish","type":"product","link":"https:\/\/tavapy.gov.py\/biblioteca\/product\/una-mujer-dificil\/","title":{"rendered":"UNA MUJER DIF\u00cdCIL."},"content":{"rendered":"","protected":false},"excerpt":{"rendered":"<p>La trama que presenta aqu\u00ed el autor, en esta obra publicada en 1.998, nos traslada a la ni\u00f1ez para, de ah\u00ed, construir un mundo que avanza por el laber\u00edntico acontecer de personajes que siguiendo rumbos distintos vuelven a encontrarse tiempo despu\u00e9s.<\/p>\n<p>Nuestra protagonista es Ruth Cole, una chica que vive una infancia dif\u00edcil, porque a sus cuatro a\u00f1os de edad la madre la abandona dej\u00e1ndola sola con el padre. De ah\u00ed en adelante cultivar\u00e1 una extra\u00f1a relaci\u00f3n con su progenitor de amor y odio permanente, producto de una rivalidad con sus hermanos ya fallecidos en un accidente. Ya adulta y convertida en una escritora exitosa, a sus treinta y seis a\u00f1os es muy atractiva, ha contra\u00eddo matrimonio, tiene un hijo, luego enviuda y vuelve a enamorarse.<\/p>\n<p>En este escenario reaparece su madre, una mujer tan enigm\u00e1tica, que inquieta y preocupa a nuestra escritora. Una obra de trama compleja y atractiva que atrapa al lector en el azar de la vida.<\/p>\n<p><a href=\"https:\/\/tavapy.gov.py\/biblioteca\/wp-content\/uploads\/2022\/04\/IrvingJ-Una-Mujer-Dificil.pdf\" target=\"_blank\" rel=\"attachment noopener wp-att-4712\"><img loading=\"lazy\" decoding=\"async\" class=\"size-full wp-image-4712 alignleft\" src=\"https:\/\/tavapy.gov.py\/biblioteca\/wp-content\/uploads\/2022\/04\/icono-PDF-copia-4.png\" alt=\"\" width=\"121\" height=\"140\" \/><\/a><\/p>\n","protected":false},"featured_media":4477,"comment_status":"open","ping_status":"closed","template":"","meta":{"spay_email":""},"product_cat":[57],"product_tag":[],"class_list":{"0":"post-4794","1":"product","2":"type-product","3":"status-publish","4":"has-post-thumbnail","6":"book_author-john-irving","7":"product_cat-novela","8":"entry"},"_links":{"self":[{"href":"https:\/\/tavapy.gov.py\/biblioteca\/wp-json\/wp\/v2\/product\/4794","targetHints":{"allow":["GET"]}}],"collection":[{"href":"https:\/\/tavapy.gov.py\/biblioteca\/wp-json\/wp\/v2\/product"}],"about":[{"href":"https:\/\/tavapy.gov.py\/biblioteca\/wp-json\/wp\/v2\/types\/product"}],"replies":[{"embeddable":true,"href":"https:\/\/tavapy.gov.py\/biblioteca\/wp-json\/wp\/v2\/comments?post=4794"}],"wp:featuredmedia":[{"embeddable":true,"href":"https:\/\/tavapy.gov.py\/biblioteca\/wp-json\/wp\/v2\/media\/4477"}],"wp:attachment":[{"href":"https:\/\/tavapy.gov.py\/biblioteca\/wp-json\/wp\/v2\/media?parent=4794"}],"wp:term":[{"taxonomy":"product_cat","embeddable":true,"href":"https:\/\/tavapy.gov.py\/biblioteca\/wp-json\/wp\/v2\/product_cat?post=4794"},{"taxonomy":"product_tag","embeddable":true,"href":"https:\/\/tavapy.gov.py\/biblioteca\/wp-json\/wp\/v2\/product_tag?post=4794"}],"curies":[{"name":"wp","href":"https:\/\/api.w.org\/{rel}","templated":true}]}}