{"id":4795,"date":"2022-05-03T03:14:43","date_gmt":"2022-05-03T03:14:43","guid":{"rendered":"https:\/\/tavapy.gov.py\/biblioteca\/?post_type=product&#038;p=4795"},"modified":"2022-05-03T03:14:43","modified_gmt":"2022-05-03T03:14:43","slug":"choque-de-civilizaciones","status":"publish","type":"product","link":"https:\/\/tavapy.gov.py\/biblioteca\/product\/choque-de-civilizaciones\/","title":{"rendered":"CHOQUE DE CIVILIZACIONES."},"content":{"rendered":"","protected":false},"excerpt":{"rendered":"<p>La fuente fundamental de conflictos en el universo posterior a la guerra fr\u00eda, seg\u00fan Huntington, no tiene ra\u00edces ideol\u00f3gicas o econ\u00f3micas, sino m\u00e1s bien culturales: \u00abEl choque de civilizaciones dominar\u00e1 la pol\u00edtica a escala mundial; las l\u00edneas divisorias entre las civilizaciones ser\u00e1n los frentes de batalla del futuro\u00bb.<\/p>\n<p>Y, a medida que la gente se vaya definiendo por su etnia o su religi\u00f3n, Occidente se encontrar\u00e1 m\u00e1s y m\u00e1s enfrentado con civilizaciones no occidentales que rechazar\u00e1n frontalmente sus m\u00e1s t\u00edpicos ideales: la democracia, los derechos humanos, la libertad, la soberan\u00eda de la ley y la separaci\u00f3n entre la Iglesia y el Estado.<\/p>\n<p>As\u00ed, Huntington, en esta obra publicada en 1.996, al tiempo que presenta un futuro lleno de conflictos, gobernado por unas relaciones internacionales abiertamente \u00abdesoccidentalizadas\u00bb&#8211; acaba recomendando un m\u00e1s s\u00f3lido conocimiento de las civilizaciones no occidentales, con el fin, parad\u00f3jicamente, de potenciar al m\u00e1ximo la influencia occidental, ya sea a trav\u00e9s del fortalecimiento de las relaciones entre Rusia y Jap\u00f3n, del aprovechamiento de las diferencias existentes entre los estados isl\u00e1micos o del mantenimiento de la superioridad militar en el este y el sudeste asi\u00e1ticos.<\/p>\n<p><a href=\"https:\/\/tavapy.gov.py\/biblioteca\/wp-content\/uploads\/2022\/04\/HuntingtonS-Choque-de-civilizaciones.pdf\" target=\"_blank\" rel=\"attachment noopener wp-att-4712\"><img loading=\"lazy\" decoding=\"async\" class=\"size-full wp-image-4712 alignleft\" src=\"https:\/\/tavapy.gov.py\/biblioteca\/wp-content\/uploads\/2022\/04\/icono-PDF-copia-4.png\" alt=\"\" width=\"121\" height=\"140\" \/><\/a><\/p>\n","protected":false},"featured_media":4474,"comment_status":"open","ping_status":"closed","template":"","meta":{"spay_email":""},"product_cat":[369],"product_tag":[],"class_list":{"0":"post-4795","1":"product","2":"type-product","3":"status-publish","4":"has-post-thumbnail","6":"book_author-samuel-huntington","7":"product_cat-ciencia-politica","8":"entry"},"_links":{"self":[{"href":"https:\/\/tavapy.gov.py\/biblioteca\/wp-json\/wp\/v2\/product\/4795","targetHints":{"allow":["GET"]}}],"collection":[{"href":"https:\/\/tavapy.gov.py\/biblioteca\/wp-json\/wp\/v2\/product"}],"about":[{"href":"https:\/\/tavapy.gov.py\/biblioteca\/wp-json\/wp\/v2\/types\/product"}],"replies":[{"embeddable":true,"href":"https:\/\/tavapy.gov.py\/biblioteca\/wp-json\/wp\/v2\/comments?post=4795"}],"wp:featuredmedia":[{"embeddable":true,"href":"https:\/\/tavapy.gov.py\/biblioteca\/wp-json\/wp\/v2\/media\/4474"}],"wp:attachment":[{"href":"https:\/\/tavapy.gov.py\/biblioteca\/wp-json\/wp\/v2\/media?parent=4795"}],"wp:term":[{"taxonomy":"product_cat","embeddable":true,"href":"https:\/\/tavapy.gov.py\/biblioteca\/wp-json\/wp\/v2\/product_cat?post=4795"},{"taxonomy":"product_tag","embeddable":true,"href":"https:\/\/tavapy.gov.py\/biblioteca\/wp-json\/wp\/v2\/product_tag?post=4795"}],"curies":[{"name":"wp","href":"https:\/\/api.w.org\/{rel}","templated":true}]}}