{"id":4796,"date":"2022-05-03T03:19:25","date_gmt":"2022-05-03T03:19:25","guid":{"rendered":"https:\/\/tavapy.gov.py\/biblioteca\/?post_type=product&#038;p=4796"},"modified":"2022-05-03T03:19:25","modified_gmt":"2022-05-03T03:19:25","slug":"conocimiento-e-interes","status":"publish","type":"product","link":"https:\/\/tavapy.gov.py\/biblioteca\/product\/conocimiento-e-interes\/","title":{"rendered":"CONOCIMIENTO E INTER\u00c9S."},"content":{"rendered":"","protected":false},"excerpt":{"rendered":"<p>\u201cConocimiento e Inter\u00e9s\u201d es un texto publicado por Habermas en 1968, es un texto que expresa diversos puntos de vista sobre t\u00f3picos que guardan relaci\u00f3n con el campo de la epistemolog\u00eda.<\/p>\n<p>Para lograr su objetivo, el autor parte de la teor\u00eda cr\u00edtica, ubic\u00e1ndose en una corriente de pensamiento que supone como principio fundamental la emancipaci\u00f3n para la correcta interpretaci\u00f3n de los actos humanos.<\/p>\n<p>De esta manera, Habermas recurre a los planteamientos de Immanuel Kant, Friedrich Hegel, Karl Marx y Sigmund Freud, llevando como fin la construcci\u00f3n de una teor\u00eda sobre los estadios de la reflexi\u00f3n.<\/p>\n<p>Habermas concibe al sujeto como un ser hist\u00f3rico, retomando de tal forma una serie de ideas del materialismo hist\u00f3rico, para reinterpretarlo a trav\u00e9s de una lectura del psicoan\u00e1lisis, develando t\u00f3picos a los que, tanto Marx como Freud, dedicaron escaso an\u00e1lisis epistemol\u00f3gico.<\/p>\n<p><a href=\"https:\/\/tavapy.gov.py\/biblioteca\/wp-content\/uploads\/2022\/04\/HabermasJ-Conocimiento-e-interes.pdf\" target=\"_blank\" rel=\"attachment noopener wp-att-4712\"><img loading=\"lazy\" decoding=\"async\" class=\"size-full wp-image-4712 alignleft\" src=\"https:\/\/tavapy.gov.py\/biblioteca\/wp-content\/uploads\/2022\/04\/icono-PDF-copia-4.png\" alt=\"\" width=\"121\" height=\"140\" \/><\/a><\/p>\n","protected":false},"featured_media":4471,"comment_status":"open","ping_status":"closed","template":"","meta":{"spay_email":""},"product_cat":[59],"product_tag":[],"class_list":{"0":"post-4796","1":"product","2":"type-product","3":"status-publish","4":"has-post-thumbnail","6":"book_author-jurgen-habermas","7":"product_cat-filosofia","8":"entry"},"_links":{"self":[{"href":"https:\/\/tavapy.gov.py\/biblioteca\/wp-json\/wp\/v2\/product\/4796","targetHints":{"allow":["GET"]}}],"collection":[{"href":"https:\/\/tavapy.gov.py\/biblioteca\/wp-json\/wp\/v2\/product"}],"about":[{"href":"https:\/\/tavapy.gov.py\/biblioteca\/wp-json\/wp\/v2\/types\/product"}],"replies":[{"embeddable":true,"href":"https:\/\/tavapy.gov.py\/biblioteca\/wp-json\/wp\/v2\/comments?post=4796"}],"wp:featuredmedia":[{"embeddable":true,"href":"https:\/\/tavapy.gov.py\/biblioteca\/wp-json\/wp\/v2\/media\/4471"}],"wp:attachment":[{"href":"https:\/\/tavapy.gov.py\/biblioteca\/wp-json\/wp\/v2\/media?parent=4796"}],"wp:term":[{"taxonomy":"product_cat","embeddable":true,"href":"https:\/\/tavapy.gov.py\/biblioteca\/wp-json\/wp\/v2\/product_cat?post=4796"},{"taxonomy":"product_tag","embeddable":true,"href":"https:\/\/tavapy.gov.py\/biblioteca\/wp-json\/wp\/v2\/product_tag?post=4796"}],"curies":[{"name":"wp","href":"https:\/\/api.w.org\/{rel}","templated":true}]}}