{"id":4797,"date":"2022-05-03T03:27:41","date_gmt":"2022-05-03T03:27:41","guid":{"rendered":"https:\/\/tavapy.gov.py\/biblioteca\/?post_type=product&#038;p=4797"},"modified":"2022-05-03T03:27:41","modified_gmt":"2022-05-03T03:27:41","slug":"introduccion-a-la-ciencia","status":"publish","type":"product","link":"https:\/\/tavapy.gov.py\/biblioteca\/product\/introduccion-a-la-ciencia\/","title":{"rendered":"INTRODUCCI\u00d3N A LA CIENCIA."},"content":{"rendered":"","protected":false},"excerpt":{"rendered":"<p>Al contrario de quienes han seguido el camino de una especializaci\u00f3n que lleva a saber cada vez m\u00e1s de muy poco, aqu\u00ed el autor nos presenta en esta obra publicada en el 2.000, un muy vasto panorama de los grandes productos de la ciencia.<\/p>\n<p>Hoy, la visi\u00f3n cient\u00edfica del mundo tiene dos componentes principales que son muy \u00fatiles para su entendimiento: primero, que la ciencia moderna se ha desarrollado en tan s\u00f3lo cuatrocientos a\u00f1os, el segundo y m\u00e1s importante, que todo esto lo puede comprender una mente humana.<\/p>\n<p>De esa forma, aqu\u00ed est\u00e1n expuestos de manera bastante asequible los resultados de la investigaci\u00f3n cient\u00edfica a trav\u00e9s de los modelos, especialmente los de la f\u00edsica, que es la ciencia que permite una mejor explicaci\u00f3n de las reglas que rigen el universo.<\/p>\n<p><a href=\"https:\/\/tavapy.gov.py\/biblioteca\/wp-content\/uploads\/2022\/04\/GribbinJ-Introduccion-a-la-ciencia.pdf\" target=\"_blank\" rel=\"attachment noopener wp-att-4712\"><img loading=\"lazy\" decoding=\"async\" class=\"size-full wp-image-4712 alignleft\" src=\"https:\/\/tavapy.gov.py\/biblioteca\/wp-content\/uploads\/2022\/04\/icono-PDF-copia-4.png\" alt=\"\" width=\"121\" height=\"140\" \/><\/a><\/p>\n","protected":false},"featured_media":4468,"comment_status":"open","ping_status":"closed","template":"","meta":{"spay_email":""},"product_cat":[227],"product_tag":[],"class_list":{"0":"post-4797","1":"product","2":"type-product","3":"status-publish","4":"has-post-thumbnail","6":"book_author-john-gribbin","7":"product_cat-ciencia-divulgacion-cientifica","8":"entry"},"_links":{"self":[{"href":"https:\/\/tavapy.gov.py\/biblioteca\/wp-json\/wp\/v2\/product\/4797","targetHints":{"allow":["GET"]}}],"collection":[{"href":"https:\/\/tavapy.gov.py\/biblioteca\/wp-json\/wp\/v2\/product"}],"about":[{"href":"https:\/\/tavapy.gov.py\/biblioteca\/wp-json\/wp\/v2\/types\/product"}],"replies":[{"embeddable":true,"href":"https:\/\/tavapy.gov.py\/biblioteca\/wp-json\/wp\/v2\/comments?post=4797"}],"wp:featuredmedia":[{"embeddable":true,"href":"https:\/\/tavapy.gov.py\/biblioteca\/wp-json\/wp\/v2\/media\/4468"}],"wp:attachment":[{"href":"https:\/\/tavapy.gov.py\/biblioteca\/wp-json\/wp\/v2\/media?parent=4797"}],"wp:term":[{"taxonomy":"product_cat","embeddable":true,"href":"https:\/\/tavapy.gov.py\/biblioteca\/wp-json\/wp\/v2\/product_cat?post=4797"},{"taxonomy":"product_tag","embeddable":true,"href":"https:\/\/tavapy.gov.py\/biblioteca\/wp-json\/wp\/v2\/product_tag?post=4797"}],"curies":[{"name":"wp","href":"https:\/\/api.w.org\/{rel}","templated":true}]}}