{"id":4798,"date":"2022-05-03T03:32:11","date_gmt":"2022-05-03T03:32:11","guid":{"rendered":"https:\/\/tavapy.gov.py\/biblioteca\/?post_type=product&#038;p=4798"},"modified":"2022-05-03T03:32:11","modified_gmt":"2022-05-03T03:32:11","slug":"el-universo-elegante","status":"publish","type":"product","link":"https:\/\/tavapy.gov.py\/biblioteca\/product\/el-universo-elegante\/","title":{"rendered":"EL UNIVERSO ELEGANTE."},"content":{"rendered":"","protected":false},"excerpt":{"rendered":"<p>Brian Greene nos explica en este libro c\u00f3mo las grandes teor\u00edas de la relatividad y de la mec\u00e1nica cu\u00e1ntica, que transformaron nuestra interpretaci\u00f3n de la naturaleza durante el siglo XX, nos han conducido al mayor problema con que se enfrenta la f\u00edsica hoy en d\u00eda: la b\u00fasqueda de una ley que unifique a todas las dem\u00e1s, una ley que Einstein persigui\u00f3 en vano durante treinta a\u00f1os y a la que se le da el nombre de \u00abteor\u00eda de supercuerdas\u00bb.<\/p>\n<p>La teor\u00eda de cuerdas \u2013como tambi\u00e9n se denomina con frecuencia a esa formulaci\u00f3n magn\u00edfica y sorprendente\u2013 vendr\u00eda a unificar esos dos grandes pilares de la f\u00edsica actual, el cu\u00e1ntico y el gravitacional, al suponer que todo lo que sucede en el universo surge de las vibraciones de una \u00fanica entidad: microsc\u00f3picos lazos de energ\u00eda que se encuentran en el aut\u00e9ntico n\u00facleo de la materia y que habitan en espacios de dimensiones superiores a las cuatro del espacio-tiempo einsteiniano.<\/p>\n<p>Con maestr\u00eda, claridad y un profundo conocimiento, el profesor Greene \u2013\u00e9l mismo uno de los f\u00edsicos y matem\u00e1ticos que est\u00e1n forjando este nuevo imperio cient\u00edfico\u2013 nos ofrece en El universo elegante, obra publicada en 1.999, la aportaci\u00f3n m\u00e1s brillante que se ha escrito hasta ahora para hacer accesible al gran p\u00fablico este \u00faltimo misterio de la naturaleza que nos explicar\u00eda, finalmente, todo.<\/p>\n<p>Como ha dicho Michio Kaku \u00abGreene ha hecho un trabajo soberbio al presentarnos cuestiones complejas de una forma no s\u00f3lo amena, sino intrigante. Recomiendo encarecidamente la lectura de este libro a cualquiera que alguna vez se haya preguntado, como hizo Einstein, si Dios cre\u00f3 el universo jugando a los dados\u00bb.<\/p>\n<p><a href=\"https:\/\/tavapy.gov.py\/biblioteca\/wp-content\/uploads\/2022\/04\/GreeneB-El-universo-elegante.pdf\" target=\"_blank\" rel=\"attachment noopener wp-att-4712\"><img loading=\"lazy\" decoding=\"async\" class=\"size-full wp-image-4712 alignleft\" src=\"https:\/\/tavapy.gov.py\/biblioteca\/wp-content\/uploads\/2022\/04\/icono-PDF-copia-4.png\" alt=\"\" width=\"121\" height=\"140\" \/><\/a><\/p>\n","protected":false},"featured_media":4466,"comment_status":"open","ping_status":"closed","template":"","meta":{"spay_email":""},"product_cat":[109],"product_tag":[],"class_list":{"0":"post-4798","1":"product","2":"type-product","3":"status-publish","4":"has-post-thumbnail","6":"book_author-brian-greene","7":"product_cat-fisica-moderna","8":"entry"},"_links":{"self":[{"href":"https:\/\/tavapy.gov.py\/biblioteca\/wp-json\/wp\/v2\/product\/4798","targetHints":{"allow":["GET"]}}],"collection":[{"href":"https:\/\/tavapy.gov.py\/biblioteca\/wp-json\/wp\/v2\/product"}],"about":[{"href":"https:\/\/tavapy.gov.py\/biblioteca\/wp-json\/wp\/v2\/types\/product"}],"replies":[{"embeddable":true,"href":"https:\/\/tavapy.gov.py\/biblioteca\/wp-json\/wp\/v2\/comments?post=4798"}],"wp:featuredmedia":[{"embeddable":true,"href":"https:\/\/tavapy.gov.py\/biblioteca\/wp-json\/wp\/v2\/media\/4466"}],"wp:attachment":[{"href":"https:\/\/tavapy.gov.py\/biblioteca\/wp-json\/wp\/v2\/media?parent=4798"}],"wp:term":[{"taxonomy":"product_cat","embeddable":true,"href":"https:\/\/tavapy.gov.py\/biblioteca\/wp-json\/wp\/v2\/product_cat?post=4798"},{"taxonomy":"product_tag","embeddable":true,"href":"https:\/\/tavapy.gov.py\/biblioteca\/wp-json\/wp\/v2\/product_tag?post=4798"}],"curies":[{"name":"wp","href":"https:\/\/api.w.org\/{rel}","templated":true}]}}