{"id":4799,"date":"2022-05-03T03:35:48","date_gmt":"2022-05-03T03:35:48","guid":{"rendered":"https:\/\/tavapy.gov.py\/biblioteca\/?post_type=product&#038;p=4799"},"modified":"2022-05-03T03:35:48","modified_gmt":"2022-05-03T03:35:48","slug":"introduccion-a-la-mecanica-cuantica","status":"publish","type":"product","link":"https:\/\/tavapy.gov.py\/biblioteca\/product\/introduccion-a-la-mecanica-cuantica\/","title":{"rendered":"INTRODUCCI\u00d3N A LA MEC\u00c1NICA CU\u00c1NTICA."},"content":{"rendered":"","protected":false},"excerpt":{"rendered":"<p>Esta obra publicada en el 2.003 es una introducci\u00f3n a la mec\u00e1nica cu\u00e1ntica, una teor\u00eda f\u00edsica revolucionaria del siglo XX, en el \u00e1mbito del microcosmos. Recoge las principales ideas de la f\u00edsica cu\u00e1ntica destacando las contribuciones de sus principales referentes te\u00f3ricos.<\/p>\n<p>Es un libro recomendado para estudiantes de f\u00edsica y tambi\u00e9n para aquellos que deseen adquirir conocimiento b\u00e1sico sobre dicha teor\u00eda revolucionaria. Adem\u00e1s, la obra ofrece una bibliograf\u00eda b\u00e1sica sobre la f\u00edsica cu\u00e1ntica para los que deseen profundizar en ella.<\/p>\n<p><a href=\"https:\/\/tavapy.gov.py\/biblioteca\/wp-content\/uploads\/2022\/04\/GrattonJ-introduccion-a-la-Cuantica.pdf\" target=\"_blank\" rel=\"attachment noopener wp-att-4712\"><img loading=\"lazy\" decoding=\"async\" class=\"size-full wp-image-4712 alignleft\" src=\"https:\/\/tavapy.gov.py\/biblioteca\/wp-content\/uploads\/2022\/04\/icono-PDF-copia-4.png\" alt=\"\" width=\"121\" height=\"140\" \/><\/a><\/p>\n","protected":false},"featured_media":4463,"comment_status":"open","ping_status":"closed","template":"","meta":{"spay_email":""},"product_cat":[109],"product_tag":[],"class_list":{"0":"post-4799","1":"product","2":"type-product","3":"status-publish","4":"has-post-thumbnail","6":"book_author-julio-gratton","7":"product_cat-fisica-moderna","8":"entry"},"_links":{"self":[{"href":"https:\/\/tavapy.gov.py\/biblioteca\/wp-json\/wp\/v2\/product\/4799","targetHints":{"allow":["GET"]}}],"collection":[{"href":"https:\/\/tavapy.gov.py\/biblioteca\/wp-json\/wp\/v2\/product"}],"about":[{"href":"https:\/\/tavapy.gov.py\/biblioteca\/wp-json\/wp\/v2\/types\/product"}],"replies":[{"embeddable":true,"href":"https:\/\/tavapy.gov.py\/biblioteca\/wp-json\/wp\/v2\/comments?post=4799"}],"wp:featuredmedia":[{"embeddable":true,"href":"https:\/\/tavapy.gov.py\/biblioteca\/wp-json\/wp\/v2\/media\/4463"}],"wp:attachment":[{"href":"https:\/\/tavapy.gov.py\/biblioteca\/wp-json\/wp\/v2\/media?parent=4799"}],"wp:term":[{"taxonomy":"product_cat","embeddable":true,"href":"https:\/\/tavapy.gov.py\/biblioteca\/wp-json\/wp\/v2\/product_cat?post=4799"},{"taxonomy":"product_tag","embeddable":true,"href":"https:\/\/tavapy.gov.py\/biblioteca\/wp-json\/wp\/v2\/product_tag?post=4799"}],"curies":[{"name":"wp","href":"https:\/\/api.w.org\/{rel}","templated":true}]}}