{"id":4800,"date":"2022-05-03T03:41:17","date_gmt":"2022-05-03T03:41:17","guid":{"rendered":"https:\/\/tavapy.gov.py\/biblioteca\/?post_type=product&#038;p=4800"},"modified":"2022-05-03T03:41:17","modified_gmt":"2022-05-03T03:41:17","slug":"la-vida-maravillosa","status":"publish","type":"product","link":"https:\/\/tavapy.gov.py\/biblioteca\/product\/la-vida-maravillosa\/","title":{"rendered":"LA VIDA MARAVILLOSA."},"content":{"rendered":"","protected":false},"excerpt":{"rendered":"<p>Este libro publicado en 1.989 trata de contestar desde el punto de vista de la ciencia las preguntas de \u00abqu\u00e9 significa nuestra vida, por qu\u00e9 estamos aqu\u00ed y de d\u00f3nde venimos\u00bb, nos dice el autor.<\/p>\n<p>Su objeto central es la historia de la vida y su punto de partida los f\u00f3siles encontrados en 1909 en Burgess Shale: unos f\u00f3siles que databan de hace 530 millones de a\u00f1os, mostraban infinitas variedades biol\u00f3gicas y sobrepasaban, con mucho, a los dinosaurios en su potencial instructivo sobre la historia de la vida.<\/p>\n<p>A partir del estudio de estos f\u00f3siles, Stephen Jay Gould lleg\u00f3 a unas conclusiones que echaron por tierra la visi\u00f3n tradicional de la evoluci\u00f3n como un proceso inevitable que, de lo m\u00e1s simple a lo m\u00e1s complejo, culminaba en el hombre. A las leyes de la naturaleza y de la historia, que explican la evoluci\u00f3n de los seres vivos y la muestran como un progreso continuo, Gould a\u00f1adi\u00f3 el azar y la contingencia y revolucion\u00f3, con esta obra trascendental, las ideas admitidas sobre la historia de nuestra maravillosa vida.<\/p>\n<p><a href=\"https:\/\/tavapy.gov.py\/biblioteca\/wp-content\/uploads\/2022\/04\/GouldS-La-vida-maravillosa.pdf\" target=\"_blank\" rel=\"attachment noopener wp-att-4712\"><img loading=\"lazy\" decoding=\"async\" class=\"size-full wp-image-4712 alignleft\" src=\"https:\/\/tavapy.gov.py\/biblioteca\/wp-content\/uploads\/2022\/04\/icono-PDF-copia-4.png\" alt=\"\" width=\"121\" height=\"140\" \/><\/a><\/p>\n","protected":false},"featured_media":4461,"comment_status":"open","ping_status":"closed","template":"","meta":{"spay_email":""},"product_cat":[324],"product_tag":[],"class_list":{"0":"post-4800","1":"product","2":"type-product","3":"status-publish","4":"has-post-thumbnail","6":"book_author-stephen-jay-gould","7":"product_cat-ciencia-evolucion","8":"entry"},"_links":{"self":[{"href":"https:\/\/tavapy.gov.py\/biblioteca\/wp-json\/wp\/v2\/product\/4800","targetHints":{"allow":["GET"]}}],"collection":[{"href":"https:\/\/tavapy.gov.py\/biblioteca\/wp-json\/wp\/v2\/product"}],"about":[{"href":"https:\/\/tavapy.gov.py\/biblioteca\/wp-json\/wp\/v2\/types\/product"}],"replies":[{"embeddable":true,"href":"https:\/\/tavapy.gov.py\/biblioteca\/wp-json\/wp\/v2\/comments?post=4800"}],"wp:featuredmedia":[{"embeddable":true,"href":"https:\/\/tavapy.gov.py\/biblioteca\/wp-json\/wp\/v2\/media\/4461"}],"wp:attachment":[{"href":"https:\/\/tavapy.gov.py\/biblioteca\/wp-json\/wp\/v2\/media?parent=4800"}],"wp:term":[{"taxonomy":"product_cat","embeddable":true,"href":"https:\/\/tavapy.gov.py\/biblioteca\/wp-json\/wp\/v2\/product_cat?post=4800"},{"taxonomy":"product_tag","embeddable":true,"href":"https:\/\/tavapy.gov.py\/biblioteca\/wp-json\/wp\/v2\/product_tag?post=4800"}],"curies":[{"name":"wp","href":"https:\/\/api.w.org\/{rel}","templated":true}]}}