{"id":4802,"date":"2022-05-03T03:50:44","date_gmt":"2022-05-03T03:50:44","guid":{"rendered":"https:\/\/tavapy.gov.py\/biblioteca\/?post_type=product&#038;p=4802"},"modified":"2022-05-03T03:50:44","modified_gmt":"2022-05-03T03:50:44","slug":"la-paradoja-de-la-sabiduria","status":"publish","type":"product","link":"https:\/\/tavapy.gov.py\/biblioteca\/product\/la-paradoja-de-la-sabiduria\/","title":{"rendered":"LA PARADOJA DE LA SABIDUR\u00cdA."},"content":{"rendered":"","protected":false},"excerpt":{"rendered":"<p>En este esclarecedor libro, publicado en el 2.005, el distinguido neurocient\u00edfico cognitivo y neuropsic\u00f3logo cl\u00ednico Elkonon Goldberg, se plantea y responde \u2013ayud\u00e1ndose de su extensa experiencia cl\u00ednica \u2013 a algunas cuestiones sin las cuales nunca podremos comprender qu\u00e9 es realmente el cerebro.<\/p>\n<p>Cuestiones del tipo de c\u00f3mo entender los cambios que con el paso del tiempo se producen en nuestros cerebros, cambios que nos permiten resolver problemas, o encarar situaciones, de una forma sustancialmente diferente de c\u00f3mo lo hac\u00edamos cuando \u00e9ramos m\u00e1s j\u00f3venes, algo que Goldberg denomina \u201cla paradoja de la sabidur\u00eda\u201d.<\/p>\n<p>Al mismo tiempo que se tratan estas cuestiones, se abordan otras ante las cuales pocos, si es que alguno, pueden permanecer ajenos: \u00bfQu\u00e9 es lo que permite al cerebro envejecido realizar notables haza\u00f1as mentales y c\u00f3mo podemos estimular esta actividad?, pregunta \u00e9sta \u00faltima \u00edntimamente ligada a la de qu\u00e9 puede hacerse para frenar el envejecimiento del cerebro.<\/p>\n<p><a href=\"https:\/\/tavapy.gov.py\/biblioteca\/wp-content\/uploads\/2022\/04\/GoldbergE-La-paradoja-de-la-sabiduria.pdf\" target=\"_blank\" rel=\"attachment noopener wp-att-4712\"><img loading=\"lazy\" decoding=\"async\" class=\"size-full wp-image-4712 alignleft\" src=\"https:\/\/tavapy.gov.py\/biblioteca\/wp-content\/uploads\/2022\/04\/icono-PDF-copia-4.png\" alt=\"\" width=\"121\" height=\"140\" \/><\/a><\/p>\n","protected":false},"featured_media":4456,"comment_status":"open","ping_status":"closed","template":"","meta":{"spay_email":""},"product_cat":[361],"product_tag":[],"class_list":{"0":"post-4802","1":"product","2":"type-product","3":"status-publish","4":"has-post-thumbnail","6":"book_author-elkhonon-goldberg","7":"product_cat-neurociencia-psicologia","8":"entry"},"_links":{"self":[{"href":"https:\/\/tavapy.gov.py\/biblioteca\/wp-json\/wp\/v2\/product\/4802","targetHints":{"allow":["GET"]}}],"collection":[{"href":"https:\/\/tavapy.gov.py\/biblioteca\/wp-json\/wp\/v2\/product"}],"about":[{"href":"https:\/\/tavapy.gov.py\/biblioteca\/wp-json\/wp\/v2\/types\/product"}],"replies":[{"embeddable":true,"href":"https:\/\/tavapy.gov.py\/biblioteca\/wp-json\/wp\/v2\/comments?post=4802"}],"wp:featuredmedia":[{"embeddable":true,"href":"https:\/\/tavapy.gov.py\/biblioteca\/wp-json\/wp\/v2\/media\/4456"}],"wp:attachment":[{"href":"https:\/\/tavapy.gov.py\/biblioteca\/wp-json\/wp\/v2\/media?parent=4802"}],"wp:term":[{"taxonomy":"product_cat","embeddable":true,"href":"https:\/\/tavapy.gov.py\/biblioteca\/wp-json\/wp\/v2\/product_cat?post=4802"},{"taxonomy":"product_tag","embeddable":true,"href":"https:\/\/tavapy.gov.py\/biblioteca\/wp-json\/wp\/v2\/product_tag?post=4802"}],"curies":[{"name":"wp","href":"https:\/\/api.w.org\/{rel}","templated":true}]}}