{"id":4803,"date":"2022-05-03T03:55:46","date_gmt":"2022-05-03T03:55:46","guid":{"rendered":"https:\/\/tavapy.gov.py\/biblioteca\/?post_type=product&#038;p=4803"},"modified":"2022-05-03T03:55:47","modified_gmt":"2022-05-03T03:55:47","slug":"los-profesores-como-intelectuales","status":"publish","type":"product","link":"https:\/\/tavapy.gov.py\/biblioteca\/product\/los-profesores-como-intelectuales\/","title":{"rendered":"LOS PROFESORES COMO INTELECTUALES."},"content":{"rendered":"","protected":false},"excerpt":{"rendered":"<p>En este libro sugerente publicado en 1.988, Henry Giroux traspasa los l\u00edmites de la pedagog\u00eda cr\u00edtica al centrar su inter\u00e9s en la necesidad vital de conectar la reforma educativa con la potenciaci\u00f3n de la voz de profesores y estudiantes.<\/p>\n<p>El pedagogo norteamericano incorpora las intuiciones m\u00e1s valiosas de la pedagog\u00eda cr\u00edtica a una teor\u00eda m\u00e1s amplia y pr\u00e1ctica de la ense\u00f1anza escolar, teor\u00eda que contempla las escuelas como esferas p\u00fablicas democr\u00e1ticas comprometidas con la tarea de educar a los estudiantes en el lenguaje de la cr\u00edtica, la posibilidad y la democracia.<\/p>\n<p>En opini\u00f3n de Giroux, un elemento esencial de este tipo de educaci\u00f3n es la habilidad del profesor para actuar como intelectual transformativo y para servirse de la pedagog\u00eda cr\u00edtica como una forma de pol\u00edtica cultural.<\/p>\n<p><a href=\"https:\/\/tavapy.gov.py\/biblioteca\/wp-content\/uploads\/2022\/04\/GirouxH-Los-Profesores-como-Intelectuales.pdf\" target=\"_blank\" rel=\"attachment noopener wp-att-4712\"><img loading=\"lazy\" decoding=\"async\" class=\"size-full wp-image-4712 alignleft\" src=\"https:\/\/tavapy.gov.py\/biblioteca\/wp-content\/uploads\/2022\/04\/icono-PDF-copia-4.png\" alt=\"\" width=\"121\" height=\"140\" \/><\/a><\/p>\n","protected":false},"featured_media":4453,"comment_status":"open","ping_status":"closed","template":"","meta":{"spay_email":""},"product_cat":[15],"product_tag":[],"class_list":{"0":"post-4803","1":"product","2":"type-product","3":"status-publish","4":"has-post-thumbnail","6":"book_author-henry-giroux","7":"product_cat-uncategorized","8":"entry"},"_links":{"self":[{"href":"https:\/\/tavapy.gov.py\/biblioteca\/wp-json\/wp\/v2\/product\/4803","targetHints":{"allow":["GET"]}}],"collection":[{"href":"https:\/\/tavapy.gov.py\/biblioteca\/wp-json\/wp\/v2\/product"}],"about":[{"href":"https:\/\/tavapy.gov.py\/biblioteca\/wp-json\/wp\/v2\/types\/product"}],"replies":[{"embeddable":true,"href":"https:\/\/tavapy.gov.py\/biblioteca\/wp-json\/wp\/v2\/comments?post=4803"}],"wp:featuredmedia":[{"embeddable":true,"href":"https:\/\/tavapy.gov.py\/biblioteca\/wp-json\/wp\/v2\/media\/4453"}],"wp:attachment":[{"href":"https:\/\/tavapy.gov.py\/biblioteca\/wp-json\/wp\/v2\/media?parent=4803"}],"wp:term":[{"taxonomy":"product_cat","embeddable":true,"href":"https:\/\/tavapy.gov.py\/biblioteca\/wp-json\/wp\/v2\/product_cat?post=4803"},{"taxonomy":"product_tag","embeddable":true,"href":"https:\/\/tavapy.gov.py\/biblioteca\/wp-json\/wp\/v2\/product_tag?post=4803"}],"curies":[{"name":"wp","href":"https:\/\/api.w.org\/{rel}","templated":true}]}}