{"id":4804,"date":"2022-05-03T22:56:04","date_gmt":"2022-05-03T22:56:04","guid":{"rendered":"https:\/\/tavapy.gov.py\/biblioteca\/?post_type=product&#038;p=4804"},"modified":"2022-05-03T22:56:04","modified_gmt":"2022-05-03T22:56:04","slug":"pedagogia-y-politica-de-la-esperanza","status":"publish","type":"product","link":"https:\/\/tavapy.gov.py\/biblioteca\/product\/pedagogia-y-politica-de-la-esperanza\/","title":{"rendered":"PEDAGOG\u00cdA Y POL\u00cdTICA DE LA ESPERANZA."},"content":{"rendered":"","protected":false},"excerpt":{"rendered":"<p>En esta obra publicada en 1.997, Giroux se pregunta: \u00bfSi el microcosmos del aula es la r\u00e9plica del macrocosmos de la sociedad, si las relaciones de poder act\u00faan tanto en uno como en otro con el objeto de perpetuar un orden social dividido entre grupos dominantes y grupos subordinados, si los primeros universalizan sus pautas y sus criterios como una herencia nacional y un patrimonio de valores comunes, existe alg\u00fan camino para salir de las condiciones que generan el racismo, el sexismo, la pobreza y la opresi\u00f3n en general?<\/p>\n<p>\u00bfY si existe, tiene la pedagog\u00eda alg\u00fan aporte que hacer a \u00e9l? S\u00ed, contesta Giroux; ese camino y ese objetivo es la democracia radical, y la pedagog\u00eda cr\u00edtica puede contribuir a su realizaci\u00f3n elaborando un lenguaje de la posibilidad y la esperanza que muestre c\u00f3mo opera el poder en el aula, c\u00f3mo puede la consideraci\u00f3n de las historias y experiencias que los alumnos llevan a ella fomentar un clima de respeto por la diferencia cultural y c\u00f3mo, finalmente, act\u00faa un proyecto pol\u00edtico y pedag\u00f3gico multicultural la unidad en la diferencia para convertir la relaci\u00f3n entre el poder y el conocimiento en una lucha emancipatoria tanto en la escuela como en el mundo.<\/p>\n<p><a href=\"https:\/\/tavapy.gov.py\/biblioteca\/wp-content\/uploads\/2022\/04\/Giroux-H-Pedagogia-y-politica-de-la...pdf\" target=\"_blank\" rel=\"attachment noopener wp-att-4712\"><img loading=\"lazy\" decoding=\"async\" class=\"size-full wp-image-4712 alignleft\" src=\"https:\/\/tavapy.gov.py\/biblioteca\/wp-content\/uploads\/2022\/04\/icono-PDF-copia-4.png\" alt=\"\" width=\"121\" height=\"140\" \/><\/a><\/p>\n","protected":false},"featured_media":4451,"comment_status":"open","ping_status":"closed","template":"","meta":{"spay_email":""},"product_cat":[493],"product_tag":[],"class_list":{"0":"post-4804","1":"product","2":"type-product","3":"status-publish","4":"has-post-thumbnail","6":"book_author-henry-giroux","7":"product_cat-pedagogia-historia-filosofia","8":"entry"},"_links":{"self":[{"href":"https:\/\/tavapy.gov.py\/biblioteca\/wp-json\/wp\/v2\/product\/4804","targetHints":{"allow":["GET"]}}],"collection":[{"href":"https:\/\/tavapy.gov.py\/biblioteca\/wp-json\/wp\/v2\/product"}],"about":[{"href":"https:\/\/tavapy.gov.py\/biblioteca\/wp-json\/wp\/v2\/types\/product"}],"replies":[{"embeddable":true,"href":"https:\/\/tavapy.gov.py\/biblioteca\/wp-json\/wp\/v2\/comments?post=4804"}],"wp:featuredmedia":[{"embeddable":true,"href":"https:\/\/tavapy.gov.py\/biblioteca\/wp-json\/wp\/v2\/media\/4451"}],"wp:attachment":[{"href":"https:\/\/tavapy.gov.py\/biblioteca\/wp-json\/wp\/v2\/media?parent=4804"}],"wp:term":[{"taxonomy":"product_cat","embeddable":true,"href":"https:\/\/tavapy.gov.py\/biblioteca\/wp-json\/wp\/v2\/product_cat?post=4804"},{"taxonomy":"product_tag","embeddable":true,"href":"https:\/\/tavapy.gov.py\/biblioteca\/wp-json\/wp\/v2\/product_tag?post=4804"}],"curies":[{"name":"wp","href":"https:\/\/api.w.org\/{rel}","templated":true}]}}