{"id":4805,"date":"2022-05-03T23:06:16","date_gmt":"2022-05-03T23:06:16","guid":{"rendered":"https:\/\/tavapy.gov.py\/biblioteca\/?post_type=product&#038;p=4805"},"modified":"2022-05-03T23:06:17","modified_gmt":"2022-05-03T23:06:17","slug":"indomito-y-entranable","status":"publish","type":"product","link":"https:\/\/tavapy.gov.py\/biblioteca\/product\/indomito-y-entranable\/","title":{"rendered":"IND\u00d3MITO Y ENTRA\u00d1ABLE."},"content":{"rendered":"","protected":false},"excerpt":{"rendered":"<p>Ind\u00f3mito y entra\u00f1able recoge el periplo vivido por el autor, Jos\u00e9 \u00c1ngel Gim\u00e9nez Alvira y su mujer Carmen, desde el d\u00eda en que Toni llega a su casa y a sus vidas haciendo que estas den, en palabras del autor, \u00abun viraje de ciento ochenta grados\u00bb.<\/p>\n<p>El lector descubrir\u00e1 un proceso adaptativo complejo por ambas partes: por un lado, los padres, que pueden llegar a sentirse solos e incomprendidos social e institucionalmente; por el otro los hijos, que no pueden desprenderse de quienes son ni del propio bagaje gen\u00e9tico y familiar, pues \u00abnecesitan tener un campo de acci\u00f3n que no rechace de plano todas sus costumbres, h\u00e1bitos, valores y conductas\u00bb.<\/p>\n<p>Desde la distancia necesaria para poder analizar y detallar la dif\u00edcil contienda que tienen que lidiar d\u00eda tras d\u00eda los adoptantes, el autor ofrece muchas claves de tipo t\u00e9cnico y educativo para todos aquellos padres que puedan encontrarse en una situaci\u00f3n similar o que est\u00e9n barajando la posibilidad de la adopci\u00f3n.<\/p>\n<p>Se trata de un hermoso y emotivo relato publicado en el 2.010 que nos muestra la convivencia con un hijo adoptivo, los problemas cotidianos derivados y las medidas empleadas para tratar de resolverlos, as\u00ed como la evoluci\u00f3n psicosocial del menor a trav\u00e9s de un viaje que debe ser emprendido desde el amor y el humor y vivido como lo que es: una maravillosa aventura y un compromiso de por vida.<\/p>\n<p><a href=\"https:\/\/tavapy.gov.py\/biblioteca\/wp-content\/uploads\/2022\/04\/Gimenez-AlviraJ-Indomito-y-entranable.pdf\" target=\"_blank\" rel=\"attachment noopener wp-att-4712\"><img loading=\"lazy\" decoding=\"async\" class=\"size-full wp-image-4712 alignleft\" src=\"https:\/\/tavapy.gov.py\/biblioteca\/wp-content\/uploads\/2022\/04\/icono-PDF-copia-4.png\" alt=\"\" width=\"121\" height=\"140\" \/><\/a><\/p>\n","protected":false},"featured_media":4447,"comment_status":"open","ping_status":"closed","template":"","meta":{"spay_email":""},"product_cat":[495],"product_tag":[],"class_list":{"0":"post-4805","1":"product","2":"type-product","3":"status-publish","4":"has-post-thumbnail","6":"book_author-jose-angel-gimenez-alvira","7":"product_cat-psicologia-infantil-pedagogia","8":"entry"},"_links":{"self":[{"href":"https:\/\/tavapy.gov.py\/biblioteca\/wp-json\/wp\/v2\/product\/4805","targetHints":{"allow":["GET"]}}],"collection":[{"href":"https:\/\/tavapy.gov.py\/biblioteca\/wp-json\/wp\/v2\/product"}],"about":[{"href":"https:\/\/tavapy.gov.py\/biblioteca\/wp-json\/wp\/v2\/types\/product"}],"replies":[{"embeddable":true,"href":"https:\/\/tavapy.gov.py\/biblioteca\/wp-json\/wp\/v2\/comments?post=4805"}],"wp:featuredmedia":[{"embeddable":true,"href":"https:\/\/tavapy.gov.py\/biblioteca\/wp-json\/wp\/v2\/media\/4447"}],"wp:attachment":[{"href":"https:\/\/tavapy.gov.py\/biblioteca\/wp-json\/wp\/v2\/media?parent=4805"}],"wp:term":[{"taxonomy":"product_cat","embeddable":true,"href":"https:\/\/tavapy.gov.py\/biblioteca\/wp-json\/wp\/v2\/product_cat?post=4805"},{"taxonomy":"product_tag","embeddable":true,"href":"https:\/\/tavapy.gov.py\/biblioteca\/wp-json\/wp\/v2\/product_tag?post=4805"}],"curies":[{"name":"wp","href":"https:\/\/api.w.org\/{rel}","templated":true}]}}