{"id":4807,"date":"2022-05-03T23:15:30","date_gmt":"2022-05-03T23:15:30","guid":{"rendered":"https:\/\/tavapy.gov.py\/biblioteca\/?post_type=product&#038;p=4807"},"modified":"2022-05-03T23:15:30","modified_gmt":"2022-05-03T23:15:30","slug":"biografia-de-la-fisica","status":"publish","type":"product","link":"https:\/\/tavapy.gov.py\/biblioteca\/product\/biografia-de-la-fisica\/","title":{"rendered":"BIOGRAF\u00cdA DE LA F\u00cdSICA."},"content":{"rendered":"","protected":false},"excerpt":{"rendered":"<p>Hay dos tipos de libros sobre la ciencia f\u00edsica. Uno es el de los libros de texto encaminados a ense\u00f1ar al lector los hechos y las teor\u00edas de la f\u00edsica. Los libros de esta clase suelen omitir todos los aspectos hist\u00f3ricos del desarrollo de la ciencia; la \u00fanica informaci\u00f3n sobre los grandes cient\u00edficos del pasado y presente se limita a los a\u00f1os de su nacimiento y muerte puestos entre par\u00e9ntesis detr\u00e1s del nombre.<\/p>\n<p>El otro tipo es esencialmente hist\u00f3rico, consagrado a los datos biogr\u00e1ficos y al an\u00e1lisis del car\u00e1cter de los grandes hombres de ciencia y no hacen m\u00e1s que enumerar sus descubrimientos suponiendo que el lector, que estudia la historia de una ciencia determinada, ya est\u00e1 al tanto de esta ciencia misma.<\/p>\n<p>En el presente libro, se ha intentado seguir un camino intermedio exponiendo lo mismo el proceso de Galileo que las leyes fundamentales de la mec\u00e1nica por \u00e9l descubiertas o presentando los recuerdos personales del autor sobre Niels Bohr junto con una detallada discusi\u00f3n del modelo de \u00e1tomo de este f\u00edsico.\u00a0 La exposici\u00f3n en cada uno de los ocho cap\u00edtulos est\u00e1 centrada en torno de una sola gran figura o a lo m\u00e1s de dos, con otros f\u00edsicos de la \u00e9poca y sus contribuciones a manera de Pondo del cuadro.<\/p>\n<p>La finalidad de este libro publicado en 1.961 es dar al lector el sentimiento de lo que, es la F\u00edsica y qu\u00e9 Base de hombres son los f\u00edsicos, interes\u00e1ndole bastante para que prosiga sus estudios y busque otros libros m\u00e1s sistem\u00e1ticos sobre el tema. Se espera que este libro sirva para que j\u00f3venes lectores (y acaso algunos viejos) sientan el impulso de estudiar F\u00edsica; \u00e9sta es su finalidad principal.<\/p>\n<p><a href=\"https:\/\/tavapy.gov.py\/biblioteca\/wp-content\/uploads\/2022\/04\/GamowG-Biografia-de-la-fisica.pdf\" target=\"_blank\" rel=\"attachment noopener wp-att-4712\"><img loading=\"lazy\" decoding=\"async\" class=\"size-full wp-image-4712 alignleft\" src=\"https:\/\/tavapy.gov.py\/biblioteca\/wp-content\/uploads\/2022\/04\/icono-PDF-copia-4.png\" alt=\"\" width=\"121\" height=\"140\" \/><\/a><\/p>\n","protected":false},"featured_media":4446,"comment_status":"open","ping_status":"closed","template":"","meta":{"spay_email":""},"product_cat":[496],"product_tag":[],"class_list":{"0":"post-4807","1":"product","2":"type-product","3":"status-publish","4":"has-post-thumbnail","6":"product_cat-fisica-moderna-historia-de-la-fisica","7":"entry"},"_links":{"self":[{"href":"https:\/\/tavapy.gov.py\/biblioteca\/wp-json\/wp\/v2\/product\/4807","targetHints":{"allow":["GET"]}}],"collection":[{"href":"https:\/\/tavapy.gov.py\/biblioteca\/wp-json\/wp\/v2\/product"}],"about":[{"href":"https:\/\/tavapy.gov.py\/biblioteca\/wp-json\/wp\/v2\/types\/product"}],"replies":[{"embeddable":true,"href":"https:\/\/tavapy.gov.py\/biblioteca\/wp-json\/wp\/v2\/comments?post=4807"}],"wp:featuredmedia":[{"embeddable":true,"href":"https:\/\/tavapy.gov.py\/biblioteca\/wp-json\/wp\/v2\/media\/4446"}],"wp:attachment":[{"href":"https:\/\/tavapy.gov.py\/biblioteca\/wp-json\/wp\/v2\/media?parent=4807"}],"wp:term":[{"taxonomy":"product_cat","embeddable":true,"href":"https:\/\/tavapy.gov.py\/biblioteca\/wp-json\/wp\/v2\/product_cat?post=4807"},{"taxonomy":"product_tag","embeddable":true,"href":"https:\/\/tavapy.gov.py\/biblioteca\/wp-json\/wp\/v2\/product_tag?post=4807"}],"curies":[{"name":"wp","href":"https:\/\/api.w.org\/{rel}","templated":true}]}}