{"id":4808,"date":"2022-05-03T23:23:59","date_gmt":"2022-05-03T23:23:59","guid":{"rendered":"https:\/\/tavapy.gov.py\/biblioteca\/?post_type=product&#038;p=4808"},"modified":"2022-05-03T23:23:59","modified_gmt":"2022-05-03T23:23:59","slug":"atencion-plena-el-poder-de-la-concentracion","status":"publish","type":"product","link":"https:\/\/tavapy.gov.py\/biblioteca\/product\/atencion-plena-el-poder-de-la-concentracion\/","title":{"rendered":"ATENCI\u00d3N PLENA. EL PODER DE LA CONCENTRACI\u00d3N."},"content":{"rendered":"","protected":false},"excerpt":{"rendered":"<p>Apoy\u00e1ndose en los \u00faltimos descubrimientos en neurociencia, la escritora Winifred Gallagher realiza una investigaci\u00f3n apasionante sobre el papel de la atenci\u00f3n a la hora de definir la conducta, la experiencia y la identidad humanas. Al elegir los objetos materiales y sujetos mentales a los que atendemos, afirma la autora, no s\u00f3lo sublimamos nuestro presente; estamos creando nuestro futuro.<\/p>\n<p>P\u00e1gina a p\u00e1gina, la autora ofrece en esta obra publicada en el 2.010, las herramientas necesarias para convertir una atenci\u00f3n involuntaria e inconsciente en otra consciente y enfocada, capaz de crear el tipo de experiencias que querr\u00edamos tener y convertirnos en la persona que desear\u00edamos ser.<\/p>\n<p>Atenci\u00f3n plena, que ha merecido cr\u00edticas elogiosas en nuestro pa\u00eds incluso antes de su aparici\u00f3n, merece toda nuestra atenci\u00f3n, por muchas distracciones que nos salgan al paso.<\/p>\n<p><a href=\"https:\/\/tavapy.gov.py\/biblioteca\/wp-content\/uploads\/2022\/04\/GallagherW-Atencion-plena.pdf\" target=\"_blank\" rel=\"attachment noopener wp-att-4712\"><img loading=\"lazy\" decoding=\"async\" class=\"size-full wp-image-4712 alignleft\" src=\"https:\/\/tavapy.gov.py\/biblioteca\/wp-content\/uploads\/2022\/04\/icono-PDF-copia-4.png\" alt=\"\" width=\"121\" height=\"140\" \/><\/a><\/p>\n","protected":false},"featured_media":4442,"comment_status":"open","ping_status":"closed","template":"","meta":{"spay_email":""},"product_cat":[408],"product_tag":[],"class_list":{"0":"post-4808","1":"product","2":"type-product","3":"status-publish","4":"has-post-thumbnail","6":"book_author-winifred-gallagher","7":"product_cat-autoayuda-psicologia-espiritualidad","8":"entry"},"_links":{"self":[{"href":"https:\/\/tavapy.gov.py\/biblioteca\/wp-json\/wp\/v2\/product\/4808","targetHints":{"allow":["GET"]}}],"collection":[{"href":"https:\/\/tavapy.gov.py\/biblioteca\/wp-json\/wp\/v2\/product"}],"about":[{"href":"https:\/\/tavapy.gov.py\/biblioteca\/wp-json\/wp\/v2\/types\/product"}],"replies":[{"embeddable":true,"href":"https:\/\/tavapy.gov.py\/biblioteca\/wp-json\/wp\/v2\/comments?post=4808"}],"wp:featuredmedia":[{"embeddable":true,"href":"https:\/\/tavapy.gov.py\/biblioteca\/wp-json\/wp\/v2\/media\/4442"}],"wp:attachment":[{"href":"https:\/\/tavapy.gov.py\/biblioteca\/wp-json\/wp\/v2\/media?parent=4808"}],"wp:term":[{"taxonomy":"product_cat","embeddable":true,"href":"https:\/\/tavapy.gov.py\/biblioteca\/wp-json\/wp\/v2\/product_cat?post=4808"},{"taxonomy":"product_tag","embeddable":true,"href":"https:\/\/tavapy.gov.py\/biblioteca\/wp-json\/wp\/v2\/product_tag?post=4808"}],"curies":[{"name":"wp","href":"https:\/\/api.w.org\/{rel}","templated":true}]}}